{"id":156460,"date":"2025-08-19T19:28:15","date_gmt":"2025-08-19T16:28:15","guid":{"rendered":"https:\/\/exlibris.ee\/toode\/soome-keele-opik-algajale-ja-taasalustajale-a2\/"},"modified":"2026-04-04T07:15:16","modified_gmt":"2026-04-04T04:15:16","slug":"soome-keele-opik-algajale-ja-taasalustajale-a2","status":"publish","type":"product","link":"https:\/\/exlibris.ee\/ru\/produkt\/soome-keele-opik-algajale-ja-taasalustajale-a2\/","title":{"rendered":"Soome keele \u00f5pik. Algajale ja taasalustajale. A2"},"content":{"rendered":"<p>Soome ja Eesti on \u00fclemerenaabrid ja verevennad juba ammustest aegadest. Meid seovad tihedad majanduslikud ja kultuurilised sidemed. Ka huvi soome keele \u00f5ppimise vastu aina kasvab. K\u00f5ikv\u00f5imalike koolituste ja kursuste k\u00f5rval on vajalik ka kergesti m\u00f5istetav \u00f5ppematerjal, mille abil saaks ka ise\u00f5ppija esimesi soome keele teadmisi ja oskusi omandada.<\/p>\n<p>Mai Fricki \u201eSoome keele \u00f5pik\u201c sobib nii algajale kui sellele, kes tahab oma teadmisi soome keeles t\u00e4iendada v\u00f5i v\u00e4rskendada. Selle j\u00e4rgi saab \u00f5ppida nii \u00fcksi oma kodus v\u00f5i r\u00fchmaga \u00f5petaja juhatusel. Tekstid sobivad ka koolis g\u00fcmnaasiumiastmes v\u00f5i keeltekoolis kasutamiseks.<\/p>\n<p>\u00d5piku tekstides on l\u00e4bivad tegelased, kelle k\u00f5nekeelsete dialoogide abil \u00f5pime erinevaid teemasid ja nende abil samm-sammult grammatikat, omandame uusi s\u00f5nu ja v\u00e4ljendeid. Iga \u00f5ppet\u00fcki juures on nii kuulamistekstid kui kirjutamisharjutused, mis aitavad \u00f5pitut paremini omandada. Lehek\u00fclje veerisel on uued s\u00f5nad, mille leiad ka \u00f5piku l\u00f5pust s\u00f5nastikust. Pildid aitavad uusi teemasid ja s\u00f5nu kergemini meelde j\u00e4tta.<\/p>\n<p>\u00d5piku l\u00e4binu on omandanud minimaalse s\u00f5navara vestlemiseks, saab k\u00f5nekeelest aru, oskab ise nii k\u00fcsimusi esitada kui vastata ning on valmis oma teadmisi iseseisvalt t\u00e4iendama.<\/p>\n<p>\u00d5pik on TEA kirjastuse kunagise v\u00e4ljaande &#171;Soome keel ise\u00f5ppijale. Algajale ja taasalustajale&#187; parandatud ja t\u00e4iendatud tr\u00fckk.<\/p>\n","protected":false},"excerpt":{"rendered":"<p>Soome ja Eesti on \u00fclemerenaabrid ja verevennad juba ammustest aegadest. Meid seovad tihedad majanduslikud ja kultuurilised sidemed. Ka huvi soome keele \u00f5ppimise vastu aina kasvab. K\u00f5ikv\u00f5imalike koolituste ja kursuste k\u00f5rval on vajalik ka kergesti m\u00f5istetav \u00f5ppematerjal, mille abil saaks ka&#8230;<\/p>\n","protected":false},"featured_media":156433,"template":"","meta":{"_acf_changed":false,"inline_featured_image":false},"product_brand":[],"product_cat":[673],"product_tag":[],"series":[],"publisher":[{"id":716,"name":"Koolibri","slug":"koolibri"}],"class_list":{"0":"post-156460","1":"product","2":"type-product","3":"status-publish","4":"has-post-thumbnail","6":"product_cat-soome-keel","7":"publisher-koolibri","9":"first","10":"instock","11":"taxable","12":"shipping-taxable","13":"purchasable","14":"product-type-simple"},"acf":[],"_links":{"self":[{"href":"https:\/\/exlibris.ee\/ru\/wp-json\/wp\/v2\/product\/156460","targetHints":{"allow":["GET"]}}],"collection":[{"href":"https:\/\/exlibris.ee\/ru\/wp-json\/wp\/v2\/product"}],"about":[{"href":"https:\/\/exlibris.ee\/ru\/wp-json\/wp\/v2\/types\/product"}],"wp:featuredmedia":[{"embeddable":true,"href":"https:\/\/exlibris.ee\/ru\/wp-json\/wp\/v2\/media\/156433"}],"wp:attachment":[{"href":"https:\/\/exlibris.ee\/ru\/wp-json\/wp\/v2\/media?parent=156460"}],"wp:term":[{"taxonomy":"product_brand","embeddable":true,"href":"https:\/\/exlibris.ee\/ru\/wp-json\/wp\/v2\/product_brand?post=156460"},{"taxonomy":"product_cat","embeddable":true,"href":"https:\/\/exlibris.ee\/ru\/wp-json\/wp\/v2\/product_cat?post=156460"},{"taxonomy":"product_tag","embeddable":true,"href":"https:\/\/exlibris.ee\/ru\/wp-json\/wp\/v2\/product_tag?post=156460"},{"taxonomy":"series","embeddable":true,"href":"https:\/\/exlibris.ee\/ru\/wp-json\/wp\/v2\/series?post=156460"},{"taxonomy":"publisher","embeddable":true,"href":"https:\/\/exlibris.ee\/ru\/wp-json\/wp\/v2\/publisher?post=156460"}],"curies":[{"name":"wp","href":"https:\/\/api.w.org\/{rel}","templated":true}]}}