{"id":156549,"date":"2025-08-25T23:15:27","date_gmt":"2025-08-25T20:15:27","guid":{"rendered":"https:\/\/exlibris.ee\/toode\/mustmiljon-kusimust-eesti-keele-vestluskusimused-algajatele\/"},"modified":"2026-04-16T21:39:33","modified_gmt":"2026-04-16T18:39:33","slug":"mustmiljon-kusimust-eesti-keele-vestluskusimused-algajatele","status":"publish","type":"product","link":"https:\/\/exlibris.ee\/ru\/produkt\/mustmiljon-kusimust-eesti-keele-vestluskusimused-algajatele\/","title":{"rendered":"Mustmiljon k\u00fcsimust. Eesti keele vestlusk\u00fcsimused algajatele"},"content":{"rendered":"<p>Mitu valget T-s\u00e4rki sul on? Mis kuu on k\u00f5ige k\u00fclmem? Mis on sinu k\u00f5ige ilusam kodumasin? Mis v\u00e4rvi on tavaliselt pr\u00fcgikott? Kas sa oled kunagi limusiiniga s\u00f5itnud?<br \/>\n\u201cMustmiljon k\u00fcsimust\u201d on vestlusk\u00fcsimuste ja lihtsate lugemistekstide kogumik, mis on m\u00f5eldud t\u00e4iskasvanud algajale keele\u00f5ppijale. Kogumikus on 30 teemat, sh n\u00e4iteks \u201ePere\u201c, \u201eTervis\u201c, \u201eRaamatud\u201c, \u201eAed\u201c jm. Lisaks vestlusk\u00fcsimustele leiab kasutaja raamatust ka s\u00f5navara\u00fclesanded ja piltidega varustatud lihtsad lugemistekstid.<br \/>\nVestlusk\u00fcsimuste kogumikku saavad kasutada k\u00f5ik eesti keele kui v\u00f5\u00f5rkeele \u00f5ppijad, kes soovivad oma suhtlusoskust parandada. Vestlusk\u00fcsimusi saab kasutada nii keeletunnis kui ka eestikeelse s\u00f5bra, keeles\u00f5bra v\u00f5i pereliikmega. K\u00fcsimused on koostatud keeletasemetele A1 ja A2, aga need sobivad vestluste arendamiseks ka k\u00f5rgematel keeletasemetel.<\/p>\n","protected":false},"excerpt":{"rendered":"<p>Mitu valget T-s\u00e4rki sul on? Mis kuu on k\u00f5ige k\u00fclmem? Mis on sinu k\u00f5ige ilusam kodumasin? Mis v\u00e4rvi on tavaliselt pr\u00fcgikott? Kas sa oled kunagi limusiiniga s\u00f5itnud? \u201cMustmiljon k\u00fcsimust\u201d on vestlusk\u00fcsimuste ja lihtsate lugemistekstide kogumik, mis on m\u00f5eldud t\u00e4iskasvanud algajale&#8230;<\/p>\n","protected":false},"featured_media":156537,"template":"","meta":{"_acf_changed":false,"inline_featured_image":false},"product_brand":[],"product_cat":[696],"product_tag":[],"series":[],"publisher":[{"id":690,"name":"Iduleht","slug":"iduleht"}],"class_list":{"0":"post-156549","1":"product","2":"type-product","3":"status-publish","4":"has-post-thumbnail","6":"product_cat-a1-taseme-opikud","7":"publisher-iduleht","9":"first","10":"onbackorder","11":"taxable","12":"shipping-taxable","13":"purchasable","14":"product-type-simple"},"acf":[],"_links":{"self":[{"href":"https:\/\/exlibris.ee\/ru\/wp-json\/wp\/v2\/product\/156549","targetHints":{"allow":["GET"]}}],"collection":[{"href":"https:\/\/exlibris.ee\/ru\/wp-json\/wp\/v2\/product"}],"about":[{"href":"https:\/\/exlibris.ee\/ru\/wp-json\/wp\/v2\/types\/product"}],"wp:featuredmedia":[{"embeddable":true,"href":"https:\/\/exlibris.ee\/ru\/wp-json\/wp\/v2\/media\/156537"}],"wp:attachment":[{"href":"https:\/\/exlibris.ee\/ru\/wp-json\/wp\/v2\/media?parent=156549"}],"wp:term":[{"taxonomy":"product_brand","embeddable":true,"href":"https:\/\/exlibris.ee\/ru\/wp-json\/wp\/v2\/product_brand?post=156549"},{"taxonomy":"product_cat","embeddable":true,"href":"https:\/\/exlibris.ee\/ru\/wp-json\/wp\/v2\/product_cat?post=156549"},{"taxonomy":"product_tag","embeddable":true,"href":"https:\/\/exlibris.ee\/ru\/wp-json\/wp\/v2\/product_tag?post=156549"},{"taxonomy":"series","embeddable":true,"href":"https:\/\/exlibris.ee\/ru\/wp-json\/wp\/v2\/series?post=156549"},{"taxonomy":"publisher","embeddable":true,"href":"https:\/\/exlibris.ee\/ru\/wp-json\/wp\/v2\/publisher?post=156549"}],"curies":[{"name":"wp","href":"https:\/\/api.w.org\/{rel}","templated":true}]}}