{"id":157011,"date":"2025-10-01T23:25:13","date_gmt":"2025-10-01T20:25:13","guid":{"rendered":"https:\/\/exlibris.ee\/toode\/kuidas-te-end-tunnete\/"},"modified":"2026-04-17T19:53:17","modified_gmt":"2026-04-17T16:53:17","slug":"kuidas-te-end-tunnete","status":"publish","type":"product","link":"https:\/\/exlibris.ee\/ru\/produkt\/kuidas-te-end-tunnete\/","title":{"rendered":"Kuidas te end tunnete?"},"content":{"rendered":"<p>Eesti keele \u00f5pik arstidele, \u00f5dedele ja teistele, kes peavad oma t\u00f6\u00f6s suhtlema haigetega. K\u00e4sitletavad teemad: Millise arsti juurde te soovite? Vastuv\u00f5tul Mis teil valutab? R\u00e4\u00e4gime meditsiini\u00f5e t\u00f6\u00f6st Hoidke oma s\u00fcdant! Haigel on stress Toitumine tervisele toeks Ravimid ja tervis Terve ema \u2013 terve laps Kirurg ja kirurgia<\/p>\n","protected":false},"excerpt":{"rendered":"<p>Eesti keele \u00f5pik arstidele, \u00f5dedele ja teistele, kes peavad oma t\u00f6\u00f6s suhtlema haigetega. K\u00e4sitletavad teemad: Millise arsti juurde te soovite? Vastuv\u00f5tul Mis teil valutab? R\u00e4\u00e4gime meditsiini\u00f5e t\u00f6\u00f6st Hoidke oma s\u00fcdant! Haigel on stress Toitumine tervisele toeks Ravimid ja tervis Terve&#8230;<\/p>\n","protected":false},"featured_media":157066,"template":"","meta":{"_acf_changed":false,"inline_featured_image":false},"product_brand":[],"product_cat":[2349],"product_tag":[],"series":[],"publisher":[{"id":1085,"name":"Tartu \u00dclikooli Kirjastus","slug":"tartu-ulikooli-kirjastus"}],"class_list":{"0":"post-157011","1":"product","2":"type-product","3":"status-publish","4":"has-post-thumbnail","6":"product_cat-tr-eesti","7":"publisher-tartu-ulikooli-kirjastus","9":"first","10":"instock","11":"taxable","12":"shipping-taxable","13":"purchasable","14":"product-type-simple"},"acf":[],"_links":{"self":[{"href":"https:\/\/exlibris.ee\/ru\/wp-json\/wp\/v2\/product\/157011","targetHints":{"allow":["GET"]}}],"collection":[{"href":"https:\/\/exlibris.ee\/ru\/wp-json\/wp\/v2\/product"}],"about":[{"href":"https:\/\/exlibris.ee\/ru\/wp-json\/wp\/v2\/types\/product"}],"wp:featuredmedia":[{"embeddable":true,"href":"https:\/\/exlibris.ee\/ru\/wp-json\/wp\/v2\/media\/157066"}],"wp:attachment":[{"href":"https:\/\/exlibris.ee\/ru\/wp-json\/wp\/v2\/media?parent=157011"}],"wp:term":[{"taxonomy":"product_brand","embeddable":true,"href":"https:\/\/exlibris.ee\/ru\/wp-json\/wp\/v2\/product_brand?post=157011"},{"taxonomy":"product_cat","embeddable":true,"href":"https:\/\/exlibris.ee\/ru\/wp-json\/wp\/v2\/product_cat?post=157011"},{"taxonomy":"product_tag","embeddable":true,"href":"https:\/\/exlibris.ee\/ru\/wp-json\/wp\/v2\/product_tag?post=157011"},{"taxonomy":"series","embeddable":true,"href":"https:\/\/exlibris.ee\/ru\/wp-json\/wp\/v2\/series?post=157011"},{"taxonomy":"publisher","embeddable":true,"href":"https:\/\/exlibris.ee\/ru\/wp-json\/wp\/v2\/publisher?post=157011"}],"curies":[{"name":"wp","href":"https:\/\/api.w.org\/{rel}","templated":true}]}}