{"id":157095,"date":"2025-10-02T13:30:43","date_gmt":"2025-10-02T10:30:43","guid":{"rendered":"https:\/\/exlibris.ee\/toode\/aeg-argata-kakskummend-kaheksa-eesti-rahvalaulu\/"},"modified":"2026-04-22T15:46:32","modified_gmt":"2026-04-22T12:46:32","slug":"aeg-argata-kakskummend-kaheksa-eesti-rahvalaulu","status":"publish","type":"product","link":"https:\/\/exlibris.ee\/ru\/produkt\/aeg-argata-kakskummend-kaheksa-eesti-rahvalaulu\/","title":{"rendered":"Aeg \u00e4rgata. Kaksk\u00fcmmend kaheksa eesti rahvalaulu."},"content":{"rendered":"<p>Kirja pannud Friedrich Reinhold Kreutzwald J\u00e4rvamaalt Viisu k\u00fclast 1828. aastal \/ Time to Wake. Twenty-Eight Estonian Folk Songs. Written Down by Friedrich Reinhold Kreutzwald in 1828 in Viisu Village, J\u00e4rva County.<br \/>\nEesti rahvuskultuuri suurmehe, rahvuseepose &#171;Kalevipoeg&#187; looja Friedrich Reinhold Kreutzwaldi (1803-1882) \u00fclikooliaegsed \u00f5ppevaheajad m\u00f6\u00f6dusid tema vanemate tolleaegses t\u00f6\u00f6- ja elupaigas Peetri kihelkonnas Viisul.<br \/>\nAastak\u00fcmneid hiljem on ta meenutanud, et J\u00e4rvamaa keskuses Paides kohalike haritlastega suheldes m\u00f6\u00f6dusid ta nooruse &#171;tormi ja tungi&#187; aastate s\u00e4ravaimad hetked. Oma ajastu suurkujud &#8212; Herder, Kn\u00fcpffer, Faehlmann &#8212; \u00e4ratasid ka noores Kreutzwaldis huvi rahvaluule vastu. Viisu m\u00f5isa \u00fcmbruskonnast kirjutas Kreutzwald \u00fcles 28 regilaulu, mis olid talle hiljem m\u00e4rkimisv\u00e4\u00e4rseks toeks &#171;Kalevipoja&#187; koostamisel. Kreutzwaldil oli \u00f5nn kuulda veel elavat regilaulu selle ehtsas esituskeskkonnas. T\u00f5en\u00e4oliselt ongi need laulud \u00fcles kirjutatud neidudelt kiigeplatsil.<\/p>\n<p>Friedrich Reinhold Kreutzwald (1803-1882), a leading figure in Estonian national culture and a compiler of the national epic Kalevipoeg (\u00b4Son of<br \/>\nKalev\u00b4) spent all the holidays of his student years in his parents\u00b4 and place of work and dwelling in Viisu, Peetri parish, J\u00e4rva County. Decades later he has reminisced that the brightest moments of the Sturm und Drang of his youth passed in Paide, centre of J\u00e4rva County, socializing with the local intellectuals. Grand men of the era &#8212; Herder, Kn\u00fcpffer, Faehlmann &#8212; awoke interest in folklore in young Kreutzwald. From around the Viisu Manor, Kreutzwald wrote down 28 runo-songs (regilaul), which he used extensively while compiling Kalevipoeg. Kreutzwald was fortunate to have heard living regilaul in its genuine performance environment. The songs were very likely recorded from young women at the swinging ground.<\/p>\n","protected":false},"excerpt":{"rendered":"<p>Kirja pannud Friedrich Reinhold Kreutzwald J\u00e4rvamaalt Viisu k\u00fclast 1828. aastal \/ Time to Wake. Twenty-Eight Estonian Folk Songs. Written Down by Friedrich Reinhold Kreutzwald in 1828 in Viisu Village, J\u00e4rva County. Eesti rahvuskultuuri suurmehe, rahvuseepose &#171;Kalevipoeg&#187; looja Friedrich Reinhold Kreutzwaldi&#8230;<\/p>\n","protected":false},"featured_media":157027,"template":"","meta":{"_acf_changed":false,"inline_featured_image":false},"product_brand":[],"product_cat":[2398],"product_tag":[],"series":[],"publisher":[{"id":1761,"name":"Eesti Kirjandusmuuseum","slug":"eesti-kirjandusmuuseum"}],"class_list":{"0":"post-157095","1":"product","2":"type-product","3":"status-publish","4":"has-post-thumbnail","6":"product_cat-lr-eesti","7":"publisher-eesti-kirjandusmuuseum","9":"first","10":"instock","11":"taxable","12":"shipping-taxable","13":"purchasable","14":"product-type-simple"},"acf":[],"_links":{"self":[{"href":"https:\/\/exlibris.ee\/ru\/wp-json\/wp\/v2\/product\/157095","targetHints":{"allow":["GET"]}}],"collection":[{"href":"https:\/\/exlibris.ee\/ru\/wp-json\/wp\/v2\/product"}],"about":[{"href":"https:\/\/exlibris.ee\/ru\/wp-json\/wp\/v2\/types\/product"}],"wp:featuredmedia":[{"embeddable":true,"href":"https:\/\/exlibris.ee\/ru\/wp-json\/wp\/v2\/media\/157027"}],"wp:attachment":[{"href":"https:\/\/exlibris.ee\/ru\/wp-json\/wp\/v2\/media?parent=157095"}],"wp:term":[{"taxonomy":"product_brand","embeddable":true,"href":"https:\/\/exlibris.ee\/ru\/wp-json\/wp\/v2\/product_brand?post=157095"},{"taxonomy":"product_cat","embeddable":true,"href":"https:\/\/exlibris.ee\/ru\/wp-json\/wp\/v2\/product_cat?post=157095"},{"taxonomy":"product_tag","embeddable":true,"href":"https:\/\/exlibris.ee\/ru\/wp-json\/wp\/v2\/product_tag?post=157095"},{"taxonomy":"series","embeddable":true,"href":"https:\/\/exlibris.ee\/ru\/wp-json\/wp\/v2\/series?post=157095"},{"taxonomy":"publisher","embeddable":true,"href":"https:\/\/exlibris.ee\/ru\/wp-json\/wp\/v2\/publisher?post=157095"}],"curies":[{"name":"wp","href":"https:\/\/api.w.org\/{rel}","templated":true}]}}