{"id":157101,"date":"2025-10-02T13:33:18","date_gmt":"2025-10-02T10:33:18","guid":{"rendered":"https:\/\/exlibris.ee\/toode\/ennemuistsed-jutud-reinuvader-rebasest-2\/"},"modified":"2026-04-22T15:46:38","modified_gmt":"2026-04-22T12:46:38","slug":"ennemuistsed-jutud-reinuvader-rebasest-2","status":"publish","type":"product","link":"https:\/\/exlibris.ee\/ru\/produkt\/ennemuistsed-jutud-reinuvader-rebasest-2\/","title":{"rendered":"Ennemuistsed jutud Reinuvader Rebasest"},"content":{"rendered":"<p>Rahvajuttude rebane on t\u00e4is kavalust ja krutskeid. Eesti lastekirjanduse klassik Ernst Peterson-S\u00e4rgava on s\u00f5lminud rahvusvaheliselt tuntud jutuainese kahek\u00fcmneks looks. Seltsiks ja vaenlaseks on Reinuvader Rebasel metsas hunt ja karu, k\u00fclas kass, kukk, oinas ja teised loomad ning inimesed. Rebase jultumus viib ta tihti t\u00e4barasse olukorda, kust aga leidlikkus j\u00e4lle v\u00e4lja aitab. Nagu p\u00e4riselus, nii ka loomalugudes on raske tegelastesse \u00fchetiselt suhtuda, nii et see, kes on hea, kuri v\u00f5i naeruv\u00e4\u00e4rne, j\u00e4\u00e4b lugeja otsustada.<\/p>\n","protected":false},"excerpt":{"rendered":"<p>Rahvajuttude rebane on t\u00e4is kavalust ja krutskeid. Eesti lastekirjanduse klassik Ernst Peterson-S\u00e4rgava on s\u00f5lminud rahvusvaheliselt tuntud jutuainese kahek\u00fcmneks looks. Seltsiks ja vaenlaseks on Reinuvader Rebasel metsas hunt ja karu, k\u00fclas kass, kukk, oinas ja teised loomad ning inimesed. Rebase jultumus&#8230;<\/p>\n","protected":false},"featured_media":157033,"template":"","meta":{"_acf_changed":false,"inline_featured_image":false},"product_brand":[],"product_cat":[2398],"product_tag":[],"series":[],"publisher":[{"id":1761,"name":"Eesti Kirjandusmuuseum","slug":"eesti-kirjandusmuuseum"}],"class_list":{"0":"post-157101","1":"product","2":"type-product","3":"status-publish","4":"has-post-thumbnail","6":"product_cat-lr-eesti","7":"publisher-eesti-kirjandusmuuseum","9":"first","10":"instock","11":"taxable","12":"shipping-taxable","13":"purchasable","14":"product-type-simple"},"acf":[],"_links":{"self":[{"href":"https:\/\/exlibris.ee\/ru\/wp-json\/wp\/v2\/product\/157101","targetHints":{"allow":["GET"]}}],"collection":[{"href":"https:\/\/exlibris.ee\/ru\/wp-json\/wp\/v2\/product"}],"about":[{"href":"https:\/\/exlibris.ee\/ru\/wp-json\/wp\/v2\/types\/product"}],"wp:featuredmedia":[{"embeddable":true,"href":"https:\/\/exlibris.ee\/ru\/wp-json\/wp\/v2\/media\/157033"}],"wp:attachment":[{"href":"https:\/\/exlibris.ee\/ru\/wp-json\/wp\/v2\/media?parent=157101"}],"wp:term":[{"taxonomy":"product_brand","embeddable":true,"href":"https:\/\/exlibris.ee\/ru\/wp-json\/wp\/v2\/product_brand?post=157101"},{"taxonomy":"product_cat","embeddable":true,"href":"https:\/\/exlibris.ee\/ru\/wp-json\/wp\/v2\/product_cat?post=157101"},{"taxonomy":"product_tag","embeddable":true,"href":"https:\/\/exlibris.ee\/ru\/wp-json\/wp\/v2\/product_tag?post=157101"},{"taxonomy":"series","embeddable":true,"href":"https:\/\/exlibris.ee\/ru\/wp-json\/wp\/v2\/series?post=157101"},{"taxonomy":"publisher","embeddable":true,"href":"https:\/\/exlibris.ee\/ru\/wp-json\/wp\/v2\/publisher?post=157101"}],"curies":[{"name":"wp","href":"https:\/\/api.w.org\/{rel}","templated":true}]}}