{"id":157104,"date":"2025-10-02T13:33:19","date_gmt":"2025-10-02T10:33:19","guid":{"rendered":"https:\/\/exlibris.ee\/toode\/vaike-eesti-vene-ja-vene-eesti-politseisonastik\/"},"modified":"2026-04-17T19:53:12","modified_gmt":"2026-04-17T16:53:12","slug":"vaike-eesti-vene-ja-vene-eesti-politseisonastik","status":"publish","type":"product","link":"https:\/\/exlibris.ee\/ru\/produkt\/vaike-eesti-vene-ja-vene-eesti-politseisonastik\/","title":{"rendered":"V\u00e4ike Eesti-Vene ja Vene-Eesti politseis\u00f5nastik"},"content":{"rendered":"<p>K\u00e4esolev politsei- ja kinnipidamiskohtade t\u00f6\u00f6tajate v\u00e4ike eesti-vene ja vene-eesti politseis\u00f5nastik on koostatud praktilise keele\u00f5ppe protsessis ning sisaldab politse- ja karistusvaldkonnas enamlevinud eesti- ja venekeelseid s\u00f5nu ja v\u00e4ljendeid.<br \/>\nS\u00f5nastik on koostatud oskuss\u00f5nade t\u00e4hestik-j\u00e4rjestuses. Mitmes\u00f5nalised terminid ja s\u00f5na\u00fchendid on antud p\u00f5his\u00f5na j\u00e4rgi. Nimi- ja omaduss\u00f5nade puhul on \u00e4ra toodud ka genitiivi vorm v\u00f5i l\u00f5pp. S\u00f5nastike l\u00f5pus on materjal esitatud temaatiliselt.<\/p>\n","protected":false},"excerpt":{"rendered":"<p>K\u00e4esolev politsei- ja kinnipidamiskohtade t\u00f6\u00f6tajate v\u00e4ike eesti-vene ja vene-eesti politseis\u00f5nastik on koostatud praktilise keele\u00f5ppe protsessis ning sisaldab politse- ja karistusvaldkonnas enamlevinud eesti- ja venekeelseid s\u00f5nu ja v\u00e4ljendeid. S\u00f5nastik on koostatud oskuss\u00f5nade t\u00e4hestik-j\u00e4rjestuses. Mitmes\u00f5nalised terminid ja s\u00f5na\u00fchendid on antud p\u00f5his\u00f5na j\u00e4rgi&#8230;.<\/p>\n","protected":false},"featured_media":157045,"template":"","meta":{"_acf_changed":false,"inline_featured_image":false},"product_brand":[],"product_cat":[2390],"product_tag":[],"series":[],"publisher":[{"id":2628,"name":"Pangloss","slug":"pangloss"}],"class_list":{"0":"post-157104","1":"product","2":"type-product","3":"status-publish","4":"has-post-thumbnail","6":"product_cat-tk-eesti","7":"publisher-pangloss","9":"first","10":"instock","11":"taxable","12":"shipping-taxable","13":"purchasable","14":"product-type-simple"},"acf":[],"_links":{"self":[{"href":"https:\/\/exlibris.ee\/ru\/wp-json\/wp\/v2\/product\/157104","targetHints":{"allow":["GET"]}}],"collection":[{"href":"https:\/\/exlibris.ee\/ru\/wp-json\/wp\/v2\/product"}],"about":[{"href":"https:\/\/exlibris.ee\/ru\/wp-json\/wp\/v2\/types\/product"}],"wp:featuredmedia":[{"embeddable":true,"href":"https:\/\/exlibris.ee\/ru\/wp-json\/wp\/v2\/media\/157045"}],"wp:attachment":[{"href":"https:\/\/exlibris.ee\/ru\/wp-json\/wp\/v2\/media?parent=157104"}],"wp:term":[{"taxonomy":"product_brand","embeddable":true,"href":"https:\/\/exlibris.ee\/ru\/wp-json\/wp\/v2\/product_brand?post=157104"},{"taxonomy":"product_cat","embeddable":true,"href":"https:\/\/exlibris.ee\/ru\/wp-json\/wp\/v2\/product_cat?post=157104"},{"taxonomy":"product_tag","embeddable":true,"href":"https:\/\/exlibris.ee\/ru\/wp-json\/wp\/v2\/product_tag?post=157104"},{"taxonomy":"series","embeddable":true,"href":"https:\/\/exlibris.ee\/ru\/wp-json\/wp\/v2\/series?post=157104"},{"taxonomy":"publisher","embeddable":true,"href":"https:\/\/exlibris.ee\/ru\/wp-json\/wp\/v2\/publisher?post=157104"}],"curies":[{"name":"wp","href":"https:\/\/api.w.org\/{rel}","templated":true}]}}