{"id":157105,"date":"2025-10-02T13:33:19","date_gmt":"2025-10-02T10:33:19","guid":{"rendered":"https:\/\/exlibris.ee\/toode\/eesti-opilaste-naljad\/"},"modified":"2026-04-22T15:48:33","modified_gmt":"2026-04-22T12:48:33","slug":"eesti-opilaste-naljad","status":"publish","type":"product","link":"https:\/\/exlibris.ee\/ru\/produkt\/eesti-opilaste-naljad\/","title":{"rendered":"Eesti \u00f5pilaste naljad"},"content":{"rendered":"<p>K\u00e4esolev raamat koondab valiku Eesti Kirjandusmuuseumi folkloristika osakonna eestv\u00f5ttel toimunud kogumisaktsiooni Koolip\u00e4rimus 2018 raames kogutud tekste.<br \/>\nDetsembrist 2017 kuni maini 2018 laekus \u00fchtekokku 3717 t\u00e4idetud vastusankeeti peamiselt 4. -12. klassi \u00f5pilastelt.<\/p>\n","protected":false},"excerpt":{"rendered":"<p>K\u00e4esolev raamat koondab valiku Eesti Kirjandusmuuseumi folkloristika osakonna eestv\u00f5ttel toimunud kogumisaktsiooni Koolip\u00e4rimus 2018 raames kogutud tekste. Detsembrist 2017 kuni maini 2018 laekus \u00fchtekokku 3717 t\u00e4idetud vastusankeeti peamiselt 4. -12. klassi \u00f5pilastelt.<\/p>\n","protected":false},"featured_media":157048,"template":"","meta":{"_acf_changed":false,"inline_featured_image":false},"product_brand":[],"product_cat":[2398],"product_tag":[],"series":[],"publisher":[{"id":1761,"name":"Eesti Kirjandusmuuseum","slug":"eesti-kirjandusmuuseum"}],"class_list":{"0":"post-157105","1":"product","2":"type-product","3":"status-publish","4":"has-post-thumbnail","6":"product_cat-lr-eesti","7":"publisher-eesti-kirjandusmuuseum","9":"first","10":"instock","11":"taxable","12":"shipping-taxable","13":"purchasable","14":"product-type-simple"},"acf":[],"_links":{"self":[{"href":"https:\/\/exlibris.ee\/ru\/wp-json\/wp\/v2\/product\/157105","targetHints":{"allow":["GET"]}}],"collection":[{"href":"https:\/\/exlibris.ee\/ru\/wp-json\/wp\/v2\/product"}],"about":[{"href":"https:\/\/exlibris.ee\/ru\/wp-json\/wp\/v2\/types\/product"}],"wp:featuredmedia":[{"embeddable":true,"href":"https:\/\/exlibris.ee\/ru\/wp-json\/wp\/v2\/media\/157048"}],"wp:attachment":[{"href":"https:\/\/exlibris.ee\/ru\/wp-json\/wp\/v2\/media?parent=157105"}],"wp:term":[{"taxonomy":"product_brand","embeddable":true,"href":"https:\/\/exlibris.ee\/ru\/wp-json\/wp\/v2\/product_brand?post=157105"},{"taxonomy":"product_cat","embeddable":true,"href":"https:\/\/exlibris.ee\/ru\/wp-json\/wp\/v2\/product_cat?post=157105"},{"taxonomy":"product_tag","embeddable":true,"href":"https:\/\/exlibris.ee\/ru\/wp-json\/wp\/v2\/product_tag?post=157105"},{"taxonomy":"series","embeddable":true,"href":"https:\/\/exlibris.ee\/ru\/wp-json\/wp\/v2\/series?post=157105"},{"taxonomy":"publisher","embeddable":true,"href":"https:\/\/exlibris.ee\/ru\/wp-json\/wp\/v2\/publisher?post=157105"}],"curies":[{"name":"wp","href":"https:\/\/api.w.org\/{rel}","templated":true}]}}