{"id":157119,"date":"2025-10-02T13:35:48","date_gmt":"2025-10-02T10:35:48","guid":{"rendered":"https:\/\/exlibris.ee\/toode\/tere-teele-tere-meele-tere-egalo-talolo\/"},"modified":"2026-04-22T15:48:38","modified_gmt":"2026-04-22T12:48:38","slug":"tere-teele-tere-meele-tere-egalo-talolo","status":"publish","type":"product","link":"https:\/\/exlibris.ee\/ru\/produkt\/tere-teele-tere-meele-tere-egalo-talolo\/","title":{"rendered":"Tere teele, tere meele, tere egal\u00f5 talol\u00f5"},"content":{"rendered":"<p>Valik l\u00f5unaeesti m\u00f5istatusi.<br \/>\nK\u00f5ige m\u00fcstilisem eesti m\u00f5istatuste hulgas on kindlasti see, mille L\u00f5una-Eesti n\u00e4ited leiduvad siin raamatus nr 379 all:<br \/>\n&#8212; Tiises tilku, moosus mulku, reisiauku? &#8212; Vorsti tegemine (San 1929)<\/p>\n","protected":false},"excerpt":{"rendered":"<p>Valik l\u00f5unaeesti m\u00f5istatusi. K\u00f5ige m\u00fcstilisem eesti m\u00f5istatuste hulgas on kindlasti see, mille L\u00f5una-Eesti n\u00e4ited leiduvad siin raamatus nr 379 all: &#8212; Tiises tilku, moosus mulku, reisiauku? &#8212; Vorsti tegemine (San 1929)<\/p>\n","protected":false},"featured_media":157081,"template":"","meta":{"_acf_changed":false,"inline_featured_image":false},"product_brand":[],"product_cat":[2398],"product_tag":[],"series":[],"publisher":[{"id":1761,"name":"Eesti Kirjandusmuuseum","slug":"eesti-kirjandusmuuseum"}],"class_list":{"0":"post-157119","1":"product","2":"type-product","3":"status-publish","4":"has-post-thumbnail","6":"product_cat-lr-eesti","7":"publisher-eesti-kirjandusmuuseum","9":"first","10":"instock","11":"taxable","12":"shipping-taxable","13":"purchasable","14":"product-type-simple"},"acf":[],"_links":{"self":[{"href":"https:\/\/exlibris.ee\/ru\/wp-json\/wp\/v2\/product\/157119","targetHints":{"allow":["GET"]}}],"collection":[{"href":"https:\/\/exlibris.ee\/ru\/wp-json\/wp\/v2\/product"}],"about":[{"href":"https:\/\/exlibris.ee\/ru\/wp-json\/wp\/v2\/types\/product"}],"wp:featuredmedia":[{"embeddable":true,"href":"https:\/\/exlibris.ee\/ru\/wp-json\/wp\/v2\/media\/157081"}],"wp:attachment":[{"href":"https:\/\/exlibris.ee\/ru\/wp-json\/wp\/v2\/media?parent=157119"}],"wp:term":[{"taxonomy":"product_brand","embeddable":true,"href":"https:\/\/exlibris.ee\/ru\/wp-json\/wp\/v2\/product_brand?post=157119"},{"taxonomy":"product_cat","embeddable":true,"href":"https:\/\/exlibris.ee\/ru\/wp-json\/wp\/v2\/product_cat?post=157119"},{"taxonomy":"product_tag","embeddable":true,"href":"https:\/\/exlibris.ee\/ru\/wp-json\/wp\/v2\/product_tag?post=157119"},{"taxonomy":"series","embeddable":true,"href":"https:\/\/exlibris.ee\/ru\/wp-json\/wp\/v2\/series?post=157119"},{"taxonomy":"publisher","embeddable":true,"href":"https:\/\/exlibris.ee\/ru\/wp-json\/wp\/v2\/publisher?post=157119"}],"curies":[{"name":"wp","href":"https:\/\/api.w.org\/{rel}","templated":true}]}}