{"id":157136,"date":"2025-10-03T05:16:29","date_gmt":"2025-10-03T02:16:29","guid":{"rendered":"https:\/\/exlibris.ee\/toode\/meie-lapse-sunnipaevaraamat\/"},"modified":"2026-04-17T19:53:10","modified_gmt":"2026-04-17T16:53:10","slug":"meie-lapse-sunnipaevaraamat","status":"publish","type":"product","link":"https:\/\/exlibris.ee\/ru\/produkt\/meie-lapse-sunnipaevaraamat\/","title":{"rendered":"Meie lapse s\u00fcnnip\u00e4evaraamat"},"content":{"rendered":"<p>\u00abMeie lapse s\u00fcnnip\u00e4evaraamat\u00bb on nii v\u00e4ikestele kui ka suurtele inimestele. Anname m\u00f5tteid s\u00fcnnip\u00e4eva korraldamiseks, aga ka teise pere s\u00fcnnip\u00e4evapeost osav\u00f5tuks. Toogu ettevalmistused teid hetkeks j\u00e4lle lapsep\u00f5lvemaale ja teie s\u00fcdamesse lapsemeelsust.<\/p>\n","protected":false},"excerpt":{"rendered":"<p>\u00abMeie lapse s\u00fcnnip\u00e4evaraamat\u00bb on nii v\u00e4ikestele kui ka suurtele inimestele. Anname m\u00f5tteid s\u00fcnnip\u00e4eva korraldamiseks, aga ka teise pere s\u00fcnnip\u00e4evapeost osav\u00f5tuks. Toogu ettevalmistused teid hetkeks j\u00e4lle lapsep\u00f5lvemaale ja teie s\u00fcdamesse lapsemeelsust.<\/p>\n","protected":false},"featured_media":157186,"template":"","meta":{"_acf_changed":false,"inline_featured_image":false},"product_brand":[],"product_cat":[2349],"product_tag":[],"series":[],"publisher":[{"id":716,"name":"Koolibri","slug":"koolibri"}],"class_list":{"0":"post-157136","1":"product","2":"type-product","3":"status-publish","4":"has-post-thumbnail","6":"product_cat-tr-eesti","7":"publisher-koolibri","9":"first","10":"instock","11":"taxable","12":"shipping-taxable","13":"purchasable","14":"product-type-simple"},"acf":[],"_links":{"self":[{"href":"https:\/\/exlibris.ee\/ru\/wp-json\/wp\/v2\/product\/157136","targetHints":{"allow":["GET"]}}],"collection":[{"href":"https:\/\/exlibris.ee\/ru\/wp-json\/wp\/v2\/product"}],"about":[{"href":"https:\/\/exlibris.ee\/ru\/wp-json\/wp\/v2\/types\/product"}],"wp:featuredmedia":[{"embeddable":true,"href":"https:\/\/exlibris.ee\/ru\/wp-json\/wp\/v2\/media\/157186"}],"wp:attachment":[{"href":"https:\/\/exlibris.ee\/ru\/wp-json\/wp\/v2\/media?parent=157136"}],"wp:term":[{"taxonomy":"product_brand","embeddable":true,"href":"https:\/\/exlibris.ee\/ru\/wp-json\/wp\/v2\/product_brand?post=157136"},{"taxonomy":"product_cat","embeddable":true,"href":"https:\/\/exlibris.ee\/ru\/wp-json\/wp\/v2\/product_cat?post=157136"},{"taxonomy":"product_tag","embeddable":true,"href":"https:\/\/exlibris.ee\/ru\/wp-json\/wp\/v2\/product_tag?post=157136"},{"taxonomy":"series","embeddable":true,"href":"https:\/\/exlibris.ee\/ru\/wp-json\/wp\/v2\/series?post=157136"},{"taxonomy":"publisher","embeddable":true,"href":"https:\/\/exlibris.ee\/ru\/wp-json\/wp\/v2\/publisher?post=157136"}],"curies":[{"name":"wp","href":"https:\/\/api.w.org\/{rel}","templated":true}]}}