{"id":157319,"date":"2025-10-09T23:16:48","date_gmt":"2025-10-09T20:16:48","guid":{"rendered":"https:\/\/exlibris.ee\/toode\/armastan-eesti-keelt-eesti-keele-kui-teise-keele-toovihik-1-opinguaasta-2-osa\/"},"modified":"2026-04-11T21:27:03","modified_gmt":"2026-04-11T18:27:03","slug":"armastan-eesti-keelt-eesti-keele-kui-teise-keele-toovihik-1-opinguaasta-2-osa","status":"publish","type":"product","link":"https:\/\/exlibris.ee\/ru\/produkt\/armastan-eesti-keelt-eesti-keele-kui-teise-keele-toovihik-1-opinguaasta-2-osa\/","title":{"rendered":"Armastan eesti keelt. Eesti keele kui teise keele t\u00f6\u00f6vihik. 1. \u00f5pinguaasta 2. osa"},"content":{"rendered":"<p>Eesti keele \u00f5ppekomplekt \u201eArmastan eesti keelt\u201c p\u00f5hineb sarjal \u201eMinu eesti keel\u201c, mida on t\u00e4iendatud ja kohandatud, arvestades koolide \u00fcleminekut eestikeelsele \u00f5ppele. \u00d5pikusse on lisatud teemadega seotud tekstid ja h\u00e4\u00e4ldusharjutused, t\u00f6\u00f6vihikusse hulk harjutusi. \u00dche \u00f5ppeaasta jooksul l\u00e4bitakse tr\u00fckit\u00e4hed ja kirjat\u00e4hed.<br \/>\n\u00d5ppematerjal on m\u00f5eldud erineva keeleoskustasemega \u00f5pilastele. \u00d5petajal on v\u00f5imalik t\u00f6\u00f6tada nii \u00f5pilasega, kes alles alustab tr\u00fckit\u00e4htede \u00f5ppimist, kui ka \u00f5pilasega, kes juba tunneb tr\u00fckit\u00e4hti v\u00f5i loeb vabalt.<br \/>\n\u00d5ppekomplekt sobib eesti keele kui teise keele \u00f5petamiseks nii Eestis kui ka v\u00e4lismaal ja sisaldab toetavat materjali \u00f5pilase emakeeles.<br \/>\nT\u00f6\u00f6vihiku eri t\u00fc\u00fcpi harjutused toetavad \u00f5piku materjali ja aitavad kinnistada \u00f5pitavat s\u00f5navara.<br \/>\nT\u00f6\u00f6vihikus on ka h\u00e4\u00e4ldust toetavad harjutused, mis parandavad kuulmist ja r\u00fctmitaju: \u201eKuula ja korda. H\u00e4\u00e4lda selgelt\u201c ja ette\u00fctlused \u201eEtte\u00fctlus. Kuula ja kirjuta\u201c.<\/p>\n","protected":false},"excerpt":{"rendered":"<p>Eesti keele \u00f5ppekomplekt \u201eArmastan eesti keelt\u201c p\u00f5hineb sarjal \u201eMinu eesti keel\u201c, mida on t\u00e4iendatud ja kohandatud, arvestades koolide \u00fcleminekut eestikeelsele \u00f5ppele. \u00d5pikusse on lisatud teemadega seotud tekstid ja h\u00e4\u00e4ldusharjutused, t\u00f6\u00f6vihikusse hulk harjutusi. \u00dche \u00f5ppeaasta jooksul l\u00e4bitakse tr\u00fckit\u00e4hed ja kirjat\u00e4hed. \u00d5ppematerjal&#8230;<\/p>\n","protected":false},"featured_media":157300,"template":"","meta":{"_acf_changed":false,"inline_featured_image":false},"product_brand":[],"product_cat":[699],"product_tag":[],"series":[{"id":3197,"name":"Armastan eesti keelt","slug":"armastan-eesti-keelt"}],"publisher":[{"id":1084,"name":"Kirjastus Kirjatark","slug":"kirjastus-kirjatark"}],"class_list":{"0":"post-157319","1":"product","2":"type-product","3":"status-publish","4":"has-post-thumbnail","6":"product_cat-opikud-lastele-ja-noortele","7":"series-armastan-eesti-keelt","8":"publisher-kirjastus-kirjatark","10":"first","11":"instock","12":"taxable","13":"shipping-taxable","14":"purchasable","15":"product-type-simple"},"acf":[],"_links":{"self":[{"href":"https:\/\/exlibris.ee\/ru\/wp-json\/wp\/v2\/product\/157319","targetHints":{"allow":["GET"]}}],"collection":[{"href":"https:\/\/exlibris.ee\/ru\/wp-json\/wp\/v2\/product"}],"about":[{"href":"https:\/\/exlibris.ee\/ru\/wp-json\/wp\/v2\/types\/product"}],"wp:featuredmedia":[{"embeddable":true,"href":"https:\/\/exlibris.ee\/ru\/wp-json\/wp\/v2\/media\/157300"}],"wp:attachment":[{"href":"https:\/\/exlibris.ee\/ru\/wp-json\/wp\/v2\/media?parent=157319"}],"wp:term":[{"taxonomy":"product_brand","embeddable":true,"href":"https:\/\/exlibris.ee\/ru\/wp-json\/wp\/v2\/product_brand?post=157319"},{"taxonomy":"product_cat","embeddable":true,"href":"https:\/\/exlibris.ee\/ru\/wp-json\/wp\/v2\/product_cat?post=157319"},{"taxonomy":"product_tag","embeddable":true,"href":"https:\/\/exlibris.ee\/ru\/wp-json\/wp\/v2\/product_tag?post=157319"},{"taxonomy":"series","embeddable":true,"href":"https:\/\/exlibris.ee\/ru\/wp-json\/wp\/v2\/series?post=157319"},{"taxonomy":"publisher","embeddable":true,"href":"https:\/\/exlibris.ee\/ru\/wp-json\/wp\/v2\/publisher?post=157319"}],"curies":[{"name":"wp","href":"https:\/\/api.w.org\/{rel}","templated":true}]}}