{"id":157320,"date":"2025-10-09T23:16:48","date_gmt":"2025-10-09T20:16:48","guid":{"rendered":"https:\/\/exlibris.ee\/toode\/armastan-eesti-keelt-eesti-keele-kui-teise-keele-opik-4-opinguaasta-1-osa\/"},"modified":"2026-04-11T21:27:03","modified_gmt":"2026-04-11T18:27:03","slug":"armastan-eesti-keelt-eesti-keele-kui-teise-keele-opik-4-opinguaasta-1-osa","status":"publish","type":"product","link":"https:\/\/exlibris.ee\/ru\/produkt\/armastan-eesti-keelt-eesti-keele-kui-teise-keele-opik-4-opinguaasta-1-osa\/","title":{"rendered":"Armastan eesti keelt. Eesti keele kui teise keele \u00f5pik. 4. \u00f5pinguaasta 1. osa"},"content":{"rendered":"<p>Eesti keele \u00f5ppekomplekt \u201eArmastan eesti keelt\u201c p\u00f5hineb sarjal \u201eMinu eesti keel\u201c, mida on t\u00e4iendatud ja kohandatud, arvestades koolide \u00fcleminekut eestikeelsele \u00f5ppele. \u00d5pikusse on lisatud teemadega seotud eesti autorite tekstid, t\u00f6\u00f6vihikusse harjutusi.<\/p>\n<p>\u00d5ppematerjal on m\u00f5eldud erineva keeleoskustasemega \u00f5pilastele.<\/p>\n<p>\u00d5ppekomplekt sobib eesti keele kui teise keele \u00f5petamiseks ning sisaldab toetavat materjali \u00f5pilase emakeeles<\/p>\n<p>\u00d5piku 1. osas on 15 teemat<\/p>\n<p>(8 s\u00f5navarateemat, 7 grammatikateemat); Meie pidup\u00e4evad, t\u00e4htp\u00e4evad ja traditsioonid: teadmiste p\u00e4ev, vanavanemate p\u00e4ev, \u00f5petajate p\u00e4ev, hingedep\u00e4ev, mardip\u00e4ev, isadep\u00e4ev, kadrip\u00e4ev, j\u00f5ululaup\u00e4ev, esimene j\u00f5ululaup\u00e4ev, esimene j\u00f5ulup\u00fcha, vana-aasta\u00f5htu.<\/p>\n<p>Igas peat\u00fckis on koostatud lugemiseoskust arendav lugemispesa, kus on eesti autorite tekstid \/ luuletused.<\/p>\n","protected":false},"excerpt":{"rendered":"<p>Eesti keele \u00f5ppekomplekt \u201eArmastan eesti keelt\u201c p\u00f5hineb sarjal \u201eMinu eesti keel\u201c, mida on t\u00e4iendatud ja kohandatud, arvestades koolide \u00fcleminekut eestikeelsele \u00f5ppele. \u00d5pikusse on lisatud teemadega seotud eesti autorite tekstid, t\u00f6\u00f6vihikusse harjutusi. \u00d5ppematerjal on m\u00f5eldud erineva keeleoskustasemega \u00f5pilastele. \u00d5ppekomplekt sobib eesti&#8230;<\/p>\n","protected":false},"featured_media":157303,"template":"","meta":{"_acf_changed":false,"inline_featured_image":false},"product_brand":[],"product_cat":[699],"product_tag":[],"series":[{"id":3197,"name":"Armastan eesti keelt","slug":"armastan-eesti-keelt"}],"publisher":[{"id":1084,"name":"Kirjastus Kirjatark","slug":"kirjastus-kirjatark"}],"class_list":{"0":"post-157320","1":"product","2":"type-product","3":"status-publish","4":"has-post-thumbnail","6":"product_cat-opikud-lastele-ja-noortele","7":"series-armastan-eesti-keelt","8":"publisher-kirjastus-kirjatark","10":"first","11":"instock","12":"taxable","13":"shipping-taxable","14":"purchasable","15":"product-type-simple"},"acf":[],"_links":{"self":[{"href":"https:\/\/exlibris.ee\/ru\/wp-json\/wp\/v2\/product\/157320","targetHints":{"allow":["GET"]}}],"collection":[{"href":"https:\/\/exlibris.ee\/ru\/wp-json\/wp\/v2\/product"}],"about":[{"href":"https:\/\/exlibris.ee\/ru\/wp-json\/wp\/v2\/types\/product"}],"wp:featuredmedia":[{"embeddable":true,"href":"https:\/\/exlibris.ee\/ru\/wp-json\/wp\/v2\/media\/157303"}],"wp:attachment":[{"href":"https:\/\/exlibris.ee\/ru\/wp-json\/wp\/v2\/media?parent=157320"}],"wp:term":[{"taxonomy":"product_brand","embeddable":true,"href":"https:\/\/exlibris.ee\/ru\/wp-json\/wp\/v2\/product_brand?post=157320"},{"taxonomy":"product_cat","embeddable":true,"href":"https:\/\/exlibris.ee\/ru\/wp-json\/wp\/v2\/product_cat?post=157320"},{"taxonomy":"product_tag","embeddable":true,"href":"https:\/\/exlibris.ee\/ru\/wp-json\/wp\/v2\/product_tag?post=157320"},{"taxonomy":"series","embeddable":true,"href":"https:\/\/exlibris.ee\/ru\/wp-json\/wp\/v2\/series?post=157320"},{"taxonomy":"publisher","embeddable":true,"href":"https:\/\/exlibris.ee\/ru\/wp-json\/wp\/v2\/publisher?post=157320"}],"curies":[{"name":"wp","href":"https:\/\/api.w.org\/{rel}","templated":true}]}}