{"id":158184,"date":"2025-10-29T15:27:32","date_gmt":"2025-10-29T13:27:32","guid":{"rendered":"https:\/\/exlibris.ee\/toode\/armastan-eesti-keelt-eesti-keele-kui-teise-keeleopik-1-opinguaasta-1-osa\/"},"modified":"2026-04-16T21:36:34","modified_gmt":"2026-04-16T18:36:34","slug":"armastan-eesti-keelt-eesti-keele-kui-teise-keeleopik-1-opinguaasta-1-osa","status":"publish","type":"product","link":"https:\/\/exlibris.ee\/ru\/produkt\/armastan-eesti-keelt-eesti-keele-kui-teise-keeleopik-1-opinguaasta-1-osa\/","title":{"rendered":"Armastan eesti keelt. Eesti keele kui teise keele \u00f5pik. 1. \u00f5pinguaasta 1. osa"},"content":{"rendered":"<p>Eesti keele \u00f5ppekomplekt \u201eArmastan eesti keelt\u201c p\u00f5hineb sarjal \u201eMinu eesti keel\u201c, mida on t\u00e4iendatud ja kohandatud, arvestades koolide \u00fcleminekut eestikeelsele \u00f5ppele. \u00d5pik koosneb kahest osast, mis tuleb osta eraldi. \u00d5pikusse on lisatud teemadega seotud tekstid ja h\u00e4\u00e4ldusharjutused. \u00d5ppematerjal on m\u00f5eldud erineva keeleoskustasemega \u00f5pilastele. \u00d5petajal on v\u00f5imalik t\u00f6\u00f6tada nii \u00f5pilasega, kes alles alustab tr\u00fckit\u00e4htede \u00f5ppimist, kui ka \u00f5pilasega, kes juba tunneb tr\u00fckit\u00e4hti v\u00f5i loeb vabalt. \u00d5ppekomplekt sobib eesti keele kui teise keele \u00f5petamiseks nii Eestis kui ka v\u00e4lismaal ja sisaldab toetavat materjali \u00f5pilase emakeeles.<\/p>\n","protected":false},"excerpt":{"rendered":"<p>Eesti keele \u00f5ppekomplekt \u201eArmastan eesti keelt\u201c p\u00f5hineb sarjal \u201eMinu eesti keel\u201c, mida on t\u00e4iendatud ja kohandatud, arvestades koolide \u00fcleminekut eestikeelsele \u00f5ppele. \u00d5pik koosneb kahest osast, mis tuleb osta eraldi. \u00d5pikusse on lisatud teemadega seotud tekstid ja h\u00e4\u00e4ldusharjutused. \u00d5ppematerjal on m\u00f5eldud&#8230;<\/p>\n","protected":false},"featured_media":158151,"template":"","meta":{"_acf_changed":false,"inline_featured_image":false},"product_brand":[],"product_cat":[699],"product_tag":[],"series":[{"id":3197,"name":"Armastan eesti keelt","slug":"armastan-eesti-keelt"}],"publisher":[{"id":1084,"name":"Kirjastus Kirjatark","slug":"kirjastus-kirjatark"}],"class_list":{"0":"post-158184","1":"product","2":"type-product","3":"status-publish","4":"has-post-thumbnail","6":"product_cat-opikud-lastele-ja-noortele","7":"series-armastan-eesti-keelt","8":"publisher-kirjastus-kirjatark","10":"first","11":"instock","12":"taxable","13":"shipping-taxable","14":"purchasable","15":"product-type-simple"},"acf":[],"_links":{"self":[{"href":"https:\/\/exlibris.ee\/ru\/wp-json\/wp\/v2\/product\/158184","targetHints":{"allow":["GET"]}}],"collection":[{"href":"https:\/\/exlibris.ee\/ru\/wp-json\/wp\/v2\/product"}],"about":[{"href":"https:\/\/exlibris.ee\/ru\/wp-json\/wp\/v2\/types\/product"}],"wp:featuredmedia":[{"embeddable":true,"href":"https:\/\/exlibris.ee\/ru\/wp-json\/wp\/v2\/media\/158151"}],"wp:attachment":[{"href":"https:\/\/exlibris.ee\/ru\/wp-json\/wp\/v2\/media?parent=158184"}],"wp:term":[{"taxonomy":"product_brand","embeddable":true,"href":"https:\/\/exlibris.ee\/ru\/wp-json\/wp\/v2\/product_brand?post=158184"},{"taxonomy":"product_cat","embeddable":true,"href":"https:\/\/exlibris.ee\/ru\/wp-json\/wp\/v2\/product_cat?post=158184"},{"taxonomy":"product_tag","embeddable":true,"href":"https:\/\/exlibris.ee\/ru\/wp-json\/wp\/v2\/product_tag?post=158184"},{"taxonomy":"series","embeddable":true,"href":"https:\/\/exlibris.ee\/ru\/wp-json\/wp\/v2\/series?post=158184"},{"taxonomy":"publisher","embeddable":true,"href":"https:\/\/exlibris.ee\/ru\/wp-json\/wp\/v2\/publisher?post=158184"}],"curies":[{"name":"wp","href":"https:\/\/api.w.org\/{rel}","templated":true}]}}