{"id":158825,"date":"2025-11-05T17:22:18","date_gmt":"2025-11-05T15:22:18","guid":{"rendered":"https:\/\/exlibris.ee\/toode\/les-treize-enigmes-livre-cd\/"},"modified":"2026-04-05T19:30:55","modified_gmt":"2026-04-05T16:30:55","slug":"les-treize-enigmes-livre-cd","status":"publish","type":"product","link":"https:\/\/exlibris.ee\/ru\/produkt\/les-treize-enigmes-livre-cd\/","title":{"rendered":"Les treize enigmes &#8212; livre + CD"},"content":{"rendered":"<p>De nombreux grands \u00e9crivains de romans policiers sont \u00ab n\u00e9s \u00bb avec leurs personnages les plus c\u00e9l\u00e8bres. Parmi eux, ce n\u2019est s\u00fbrement pas le cas de Georges Simenon, qui, dans ces ouvrages de jeunesse, montre d\u00e9j\u00e0 pleinement toute sa cr\u00e9ativit\u00e9 et son habilet\u00e9 \u00e0 peindre les caract\u00e8res et les milieux. La France des ann\u00e9es 30, avec ses atmosph\u00e8res \u00e9vocatrices, est la toile de fond de ces 13 passionnantes nouvelles, \u00e9crites quelques ann\u00e9es avant l\u2019apparition du commissaire Maigret. Ce sont 13 \u00e9nigmes que le lecteur, comme dans la meilleure tradition du roman policier, pourra r\u00e9soudre seulement s\u2019il est capable de d\u00e9voiler les indices qui se trouvent savamment m\u00eal\u00e9s \u00e0 l\u2019intrigue du r\u00e9cit.<\/p>\n","protected":false},"excerpt":{"rendered":"<p>De nombreux grands \u00e9crivains de romans policiers sont \u00ab n\u00e9s \u00bb avec leurs personnages les plus c\u00e9l\u00e8bres. Parmi eux, ce n\u2019est s\u00fbrement pas le cas de Georges Simenon, qui, dans ces ouvrages de jeunesse, montre d\u00e9j\u00e0 pleinement toute sa cr\u00e9ativit\u00e9&#8230;<\/p>\n","protected":false},"featured_media":158760,"template":"","meta":{"_acf_changed":false,"inline_featured_image":false},"product_brand":[],"product_cat":[887],"product_tag":[],"series":[],"publisher":[{"id":1584,"name":"Cideb","slug":"cideb"}],"class_list":{"0":"post-158825","1":"product","2":"type-product","3":"status-publish","4":"has-post-thumbnail","6":"product_cat-prantsuse-keel","7":"publisher-cideb","9":"first","10":"instock","11":"taxable","12":"shipping-taxable","13":"purchasable","14":"product-type-simple"},"acf":[],"_links":{"self":[{"href":"https:\/\/exlibris.ee\/ru\/wp-json\/wp\/v2\/product\/158825","targetHints":{"allow":["GET"]}}],"collection":[{"href":"https:\/\/exlibris.ee\/ru\/wp-json\/wp\/v2\/product"}],"about":[{"href":"https:\/\/exlibris.ee\/ru\/wp-json\/wp\/v2\/types\/product"}],"wp:featuredmedia":[{"embeddable":true,"href":"https:\/\/exlibris.ee\/ru\/wp-json\/wp\/v2\/media\/158760"}],"wp:attachment":[{"href":"https:\/\/exlibris.ee\/ru\/wp-json\/wp\/v2\/media?parent=158825"}],"wp:term":[{"taxonomy":"product_brand","embeddable":true,"href":"https:\/\/exlibris.ee\/ru\/wp-json\/wp\/v2\/product_brand?post=158825"},{"taxonomy":"product_cat","embeddable":true,"href":"https:\/\/exlibris.ee\/ru\/wp-json\/wp\/v2\/product_cat?post=158825"},{"taxonomy":"product_tag","embeddable":true,"href":"https:\/\/exlibris.ee\/ru\/wp-json\/wp\/v2\/product_tag?post=158825"},{"taxonomy":"series","embeddable":true,"href":"https:\/\/exlibris.ee\/ru\/wp-json\/wp\/v2\/series?post=158825"},{"taxonomy":"publisher","embeddable":true,"href":"https:\/\/exlibris.ee\/ru\/wp-json\/wp\/v2\/publisher?post=158825"}],"curies":[{"name":"wp","href":"https:\/\/api.w.org\/{rel}","templated":true}]}}