{"id":158842,"date":"2025-11-05T21:17:01","date_gmt":"2025-11-05T19:17:01","guid":{"rendered":"https:\/\/exlibris.ee\/toode\/sur-leau-livre-du-professeur\/"},"modified":"2026-04-19T19:37:22","modified_gmt":"2026-04-19T16:37:22","slug":"sur-leau-livre-du-professeur","status":"publish","type":"product","link":"https:\/\/exlibris.ee\/ru\/produkt\/sur-leau-livre-du-professeur\/","title":{"rendered":"Sur L\u00b4eau: Livre du Professeur"},"content":{"rendered":"<p>Autor del celeb\u00e9rrimo cuento \u00abEl Horla\u00bb, Guy de Maupassant (1850-1893) es uno de los autores franceses m\u00e1s brillantes del siglo xix. Entre 1870 y 1880 trabaj\u00f3 como escribiente en varios ministerios. Despu\u00e9s, orientado por Flaubert, se dedic\u00f3 enteramente a la literatura. Entre sus novelas m\u00e1s destacadas cabe citar, adem\u00e1s de Bel Ami, Una vida, Mont-Oriol y Fuerte como la muerte.<\/p>\n","protected":false},"excerpt":{"rendered":"<p>Autor del celeb\u00e9rrimo cuento \u00abEl Horla\u00bb, Guy de Maupassant (1850-1893) es uno de los autores franceses m\u00e1s brillantes del siglo xix. Entre 1870 y 1880 trabaj\u00f3 como escribiente en varios ministerios. Despu\u00e9s, orientado por Flaubert, se dedic\u00f3 enteramente a la&#8230;<\/p>\n","protected":false},"featured_media":158787,"template":"","meta":{"_acf_changed":false,"inline_featured_image":false},"product_brand":[],"product_cat":[887],"product_tag":[],"series":[],"publisher":[{"id":1584,"name":"Cideb","slug":"cideb"}],"class_list":{"0":"post-158842","1":"product","2":"type-product","3":"status-publish","4":"has-post-thumbnail","6":"product_cat-prantsuse-keel","7":"publisher-cideb","9":"first","10":"instock","11":"taxable","12":"shipping-taxable","13":"purchasable","14":"product-type-simple"},"acf":[],"_links":{"self":[{"href":"https:\/\/exlibris.ee\/ru\/wp-json\/wp\/v2\/product\/158842","targetHints":{"allow":["GET"]}}],"collection":[{"href":"https:\/\/exlibris.ee\/ru\/wp-json\/wp\/v2\/product"}],"about":[{"href":"https:\/\/exlibris.ee\/ru\/wp-json\/wp\/v2\/types\/product"}],"wp:featuredmedia":[{"embeddable":true,"href":"https:\/\/exlibris.ee\/ru\/wp-json\/wp\/v2\/media\/158787"}],"wp:attachment":[{"href":"https:\/\/exlibris.ee\/ru\/wp-json\/wp\/v2\/media?parent=158842"}],"wp:term":[{"taxonomy":"product_brand","embeddable":true,"href":"https:\/\/exlibris.ee\/ru\/wp-json\/wp\/v2\/product_brand?post=158842"},{"taxonomy":"product_cat","embeddable":true,"href":"https:\/\/exlibris.ee\/ru\/wp-json\/wp\/v2\/product_cat?post=158842"},{"taxonomy":"product_tag","embeddable":true,"href":"https:\/\/exlibris.ee\/ru\/wp-json\/wp\/v2\/product_tag?post=158842"},{"taxonomy":"series","embeddable":true,"href":"https:\/\/exlibris.ee\/ru\/wp-json\/wp\/v2\/series?post=158842"},{"taxonomy":"publisher","embeddable":true,"href":"https:\/\/exlibris.ee\/ru\/wp-json\/wp\/v2\/publisher?post=158842"}],"curies":[{"name":"wp","href":"https:\/\/api.w.org\/{rel}","templated":true}]}}