{"id":158888,"date":"2025-11-06T07:41:50","date_gmt":"2025-11-06T05:41:50","guid":{"rendered":"https:\/\/exlibris.ee\/toode\/arbeitsgrammatik-losungen\/"},"modified":"2026-04-17T18:19:13","modified_gmt":"2026-04-17T15:19:13","slug":"arbeitsgrammatik-losungen","status":"publish","type":"product","link":"https:\/\/exlibris.ee\/ru\/produkt\/arbeitsgrammatik-losungen\/","title":{"rendered":"Arbeitsgrammatik L\u00f6sungen"},"content":{"rendered":"<p>L\u00f6sungsschl\u00fcssel zur deutschen Grammatik. Einfach und leicht verst\u00e4ndlich erleichtert dieses Arbeitsgrammatikbuch mit vielseitigen \u00dcbungen Anf\u00e4ngern den Einstieg, dient Fortgeschrittenen als Nachschlagewerk und zur Wiederholung und ist besonders auch f\u00fcr Selbstlernende geeignet. Schritt f\u00fcr Schritt werden in 46 Einheiten alle wichtigen Themen der grundlegenden deutschen Grammatik behandelt. Unter dem Titel *Besonderheiten* bietet der Text erg\u00e4nzende Informationen zu Wortschatzproblemen und zum Sprachgebrauch. Die \u00dcbungen sind jeweils nach Schwierigkeitsgrad geordnet. Das Spektrum reicht von einfachen Multiple-Choice-Tests und Einsetzaufgaben zum Einpr\u00e4gen morphosyntaktischer Elemente bis hin zu kommunikativen Aktivit\u00e4ten, wobei die Lernenden immer wieder zu sprachkontrastiven \u00dcberlegungen angeregt werden.<\/p>\n","protected":false},"excerpt":{"rendered":"<p>L\u00f6sungsschl\u00fcssel zur deutschen Grammatik. Einfach und leicht verst\u00e4ndlich erleichtert dieses Arbeitsgrammatikbuch mit vielseitigen \u00dcbungen Anf\u00e4ngern den Einstieg, dient Fortgeschrittenen als Nachschlagewerk und zur Wiederholung und ist besonders auch f\u00fcr Selbstlernende geeignet. Schritt f\u00fcr Schritt werden in 46 Einheiten alle wichtigen&#8230;<\/p>\n","protected":false},"featured_media":158799,"template":"","meta":{"_acf_changed":false,"inline_featured_image":false},"product_brand":[],"product_cat":[2397],"product_tag":[],"series":[],"publisher":[{"id":1584,"name":"Cideb","slug":"cideb"}],"class_list":{"0":"post-158888","1":"product","2":"type-product","3":"status-publish","4":"has-post-thumbnail","6":"product_cat-lk-muud","7":"publisher-cideb","9":"first","10":"instock","11":"taxable","12":"shipping-taxable","13":"purchasable","14":"product-type-simple"},"acf":[],"_links":{"self":[{"href":"https:\/\/exlibris.ee\/ru\/wp-json\/wp\/v2\/product\/158888","targetHints":{"allow":["GET"]}}],"collection":[{"href":"https:\/\/exlibris.ee\/ru\/wp-json\/wp\/v2\/product"}],"about":[{"href":"https:\/\/exlibris.ee\/ru\/wp-json\/wp\/v2\/types\/product"}],"wp:featuredmedia":[{"embeddable":true,"href":"https:\/\/exlibris.ee\/ru\/wp-json\/wp\/v2\/media\/158799"}],"wp:attachment":[{"href":"https:\/\/exlibris.ee\/ru\/wp-json\/wp\/v2\/media?parent=158888"}],"wp:term":[{"taxonomy":"product_brand","embeddable":true,"href":"https:\/\/exlibris.ee\/ru\/wp-json\/wp\/v2\/product_brand?post=158888"},{"taxonomy":"product_cat","embeddable":true,"href":"https:\/\/exlibris.ee\/ru\/wp-json\/wp\/v2\/product_cat?post=158888"},{"taxonomy":"product_tag","embeddable":true,"href":"https:\/\/exlibris.ee\/ru\/wp-json\/wp\/v2\/product_tag?post=158888"},{"taxonomy":"series","embeddable":true,"href":"https:\/\/exlibris.ee\/ru\/wp-json\/wp\/v2\/series?post=158888"},{"taxonomy":"publisher","embeddable":true,"href":"https:\/\/exlibris.ee\/ru\/wp-json\/wp\/v2\/publisher?post=158888"}],"curies":[{"name":"wp","href":"https:\/\/api.w.org\/{rel}","templated":true}]}}