{"id":161089,"date":"2026-02-05T17:13:40","date_gmt":"2026-02-05T15:13:40","guid":{"rendered":"https:\/\/exlibris.ee\/toode\/kahekoned-maailmaga\/"},"modified":"2026-04-15T19:57:03","modified_gmt":"2026-04-15T16:57:03","slug":"kahekoned-maailmaga","status":"publish","type":"product","link":"https:\/\/exlibris.ee\/ru\/produkt\/kahekoned-maailmaga\/","title":{"rendered":"Kahek\u00f5ned maailmaga"},"content":{"rendered":"<p>Sari &#171;Vabam\u00f5tlejad&#187; nr 11.<br \/>\nFilosoof ja kirjanik Karmo Talts k\u00e4sitleb raamatus teemasid m\u00f5ttekunstist, olemisest, teadmisest ja tajust, keelest, loogikast, majandusest, \u00fchiskonnast. Autor kasutab teeside uurimiseks ja j\u00e4relduste tegemiseks dialoogi vormi. Autori m\u00f5tter\u00e4nnakud on siirad ja tasakaalukad, nagu hea vana talupojaloogika.<\/p>\n","protected":false},"excerpt":{"rendered":"<p>Sari &#171;Vabam\u00f5tlejad&#187; nr 11. Filosoof ja kirjanik Karmo Talts k\u00e4sitleb raamatus teemasid m\u00f5ttekunstist, olemisest, teadmisest ja tajust, keelest, loogikast, majandusest, \u00fchiskonnast. Autor kasutab teeside uurimiseks ja j\u00e4relduste tegemiseks dialoogi vormi. Autori m\u00f5tter\u00e4nnakud on siirad ja tasakaalukad, nagu hea vana talupojaloogika.<\/p>\n","protected":false},"featured_media":165894,"template":"","meta":{"_acf_changed":false,"inline_featured_image":false},"product_brand":[],"product_cat":[2450],"product_tag":[],"series":[{"id":2940,"name":"Vabam\u00f5tlejad","slug":"vabamotlejad"}],"publisher":[{"id":2941,"name":"Vabam\u00f5tleja","slug":"vabamotleja"}],"class_list":{"0":"post-161089","1":"product","2":"type-product","3":"status-publish","4":"has-post-thumbnail","6":"product_cat-ruhi-eesti","7":"series-vabamotlejad","8":"publisher-vabamotleja","10":"first","11":"instock","12":"taxable","13":"shipping-taxable","14":"purchasable","15":"product-type-simple"},"acf":[],"_links":{"self":[{"href":"https:\/\/exlibris.ee\/ru\/wp-json\/wp\/v2\/product\/161089","targetHints":{"allow":["GET"]}}],"collection":[{"href":"https:\/\/exlibris.ee\/ru\/wp-json\/wp\/v2\/product"}],"about":[{"href":"https:\/\/exlibris.ee\/ru\/wp-json\/wp\/v2\/types\/product"}],"wp:featuredmedia":[{"embeddable":true,"href":"https:\/\/exlibris.ee\/ru\/wp-json\/wp\/v2\/media\/165894"}],"wp:attachment":[{"href":"https:\/\/exlibris.ee\/ru\/wp-json\/wp\/v2\/media?parent=161089"}],"wp:term":[{"taxonomy":"product_brand","embeddable":true,"href":"https:\/\/exlibris.ee\/ru\/wp-json\/wp\/v2\/product_brand?post=161089"},{"taxonomy":"product_cat","embeddable":true,"href":"https:\/\/exlibris.ee\/ru\/wp-json\/wp\/v2\/product_cat?post=161089"},{"taxonomy":"product_tag","embeddable":true,"href":"https:\/\/exlibris.ee\/ru\/wp-json\/wp\/v2\/product_tag?post=161089"},{"taxonomy":"series","embeddable":true,"href":"https:\/\/exlibris.ee\/ru\/wp-json\/wp\/v2\/series?post=161089"},{"taxonomy":"publisher","embeddable":true,"href":"https:\/\/exlibris.ee\/ru\/wp-json\/wp\/v2\/publisher?post=161089"}],"curies":[{"name":"wp","href":"https:\/\/api.w.org\/{rel}","templated":true}]}}