{"id":161090,"date":"2026-02-05T17:13:40","date_gmt":"2026-02-05T15:13:40","guid":{"rendered":"https:\/\/exlibris.ee\/toode\/inimmaailmas\/"},"modified":"2026-04-10T07:31:37","modified_gmt":"2026-04-10T04:31:37","slug":"inimmaailmas","status":"publish","type":"product","link":"https:\/\/exlibris.ee\/ru\/produkt\/inimmaailmas\/","title":{"rendered":"Inimmaailmas"},"content":{"rendered":"<p>Sari &#171;Vabam\u00f5tlejad&#187; nr 12.<br \/>\nMargus Oti aastatel 2017-2025 ilmunud artiklite kogumik.<br \/>\nKaante vahele on j\u00f5udnud autori m\u00f5tisklused inimkonnast, Eesti kaasajast ja \u00fcksikindiviidist kuni 21. sajandi uute teemadeni &#8212; tehisintelligents ja vehm.<\/p>\n","protected":false},"excerpt":{"rendered":"<p>Sari &#171;Vabam\u00f5tlejad&#187; nr 12. Margus Oti aastatel 2017-2025 ilmunud artiklite kogumik. Kaante vahele on j\u00f5udnud autori m\u00f5tisklused inimkonnast, Eesti kaasajast ja \u00fcksikindiviidist kuni 21. sajandi uute teemadeni &#8212; tehisintelligents ja vehm.<\/p>\n","protected":false},"featured_media":165895,"template":"","meta":{"_acf_changed":false,"inline_featured_image":false},"product_brand":[],"product_cat":[860],"product_tag":[],"series":[],"publisher":[{"id":2941,"name":"Vabam\u00f5tleja","slug":"vabamotleja"}],"class_list":{"0":"post-161090","1":"product","2":"type-product","3":"status-publish","4":"has-post-thumbnail","6":"product_cat-uhiskond","7":"publisher-vabamotleja","9":"first","10":"instock","11":"taxable","12":"shipping-taxable","13":"purchasable","14":"product-type-simple"},"acf":[],"_links":{"self":[{"href":"https:\/\/exlibris.ee\/ru\/wp-json\/wp\/v2\/product\/161090","targetHints":{"allow":["GET"]}}],"collection":[{"href":"https:\/\/exlibris.ee\/ru\/wp-json\/wp\/v2\/product"}],"about":[{"href":"https:\/\/exlibris.ee\/ru\/wp-json\/wp\/v2\/types\/product"}],"wp:featuredmedia":[{"embeddable":true,"href":"https:\/\/exlibris.ee\/ru\/wp-json\/wp\/v2\/media\/165895"}],"wp:attachment":[{"href":"https:\/\/exlibris.ee\/ru\/wp-json\/wp\/v2\/media?parent=161090"}],"wp:term":[{"taxonomy":"product_brand","embeddable":true,"href":"https:\/\/exlibris.ee\/ru\/wp-json\/wp\/v2\/product_brand?post=161090"},{"taxonomy":"product_cat","embeddable":true,"href":"https:\/\/exlibris.ee\/ru\/wp-json\/wp\/v2\/product_cat?post=161090"},{"taxonomy":"product_tag","embeddable":true,"href":"https:\/\/exlibris.ee\/ru\/wp-json\/wp\/v2\/product_tag?post=161090"},{"taxonomy":"series","embeddable":true,"href":"https:\/\/exlibris.ee\/ru\/wp-json\/wp\/v2\/series?post=161090"},{"taxonomy":"publisher","embeddable":true,"href":"https:\/\/exlibris.ee\/ru\/wp-json\/wp\/v2\/publisher?post=161090"}],"curies":[{"name":"wp","href":"https:\/\/api.w.org\/{rel}","templated":true}]}}