{"id":161092,"date":"2026-02-05T17:13:40","date_gmt":"2026-02-05T15:13:40","guid":{"rendered":"https:\/\/exlibris.ee\/toode\/kohustulik-kirjandus\/"},"modified":"2026-04-10T07:31:37","modified_gmt":"2026-04-10T04:31:37","slug":"kohustulik-kirjandus","status":"publish","type":"product","link":"https:\/\/exlibris.ee\/ru\/produkt\/kohustulik-kirjandus\/","title":{"rendered":"Kohustuslik kirjandus"},"content":{"rendered":"<p>Sari &#171;Vabam\u00f5tlejad&#187; nr 13.<br \/>\nAutor uurib eesti meest ja eesti naist kirjanduslike allikate &#8212; Tammsaare, \u00d5nnepalu, Kivir\u00e4ha, Debora Vaarandi, Maimu Bergi jt loomingu kaudu. Inimest vormib loodus, t\u00f6\u00f6, kultuur. K\u00f5iki ette v\u00f5etud teemasid ja m\u00f5ttel\u00f5ngu k\u00e4sitletakse p\u00f5halikult ja detailiderohkelt, v\u00f5imaldades lugejal tajuda maailma autori meelte kaudu.<\/p>\n","protected":false},"excerpt":{"rendered":"<p>Sari &#171;Vabam\u00f5tlejad&#187; nr 13. Autor uurib eesti meest ja eesti naist kirjanduslike allikate &#8212; Tammsaare, \u00d5nnepalu, Kivir\u00e4ha, Debora Vaarandi, Maimu Bergi jt loomingu kaudu. Inimest vormib loodus, t\u00f6\u00f6, kultuur. K\u00f5iki ette v\u00f5etud teemasid ja m\u00f5ttel\u00f5ngu k\u00e4sitletakse p\u00f5halikult ja detailiderohkelt, v\u00f5imaldades&#8230;<\/p>\n","protected":false},"featured_media":165897,"template":"","meta":{"_acf_changed":false,"inline_featured_image":false},"product_brand":[],"product_cat":[860],"product_tag":[],"series":[],"publisher":[{"id":2941,"name":"Vabam\u00f5tleja","slug":"vabamotleja"}],"class_list":{"0":"post-161092","1":"product","2":"type-product","3":"status-publish","4":"has-post-thumbnail","6":"product_cat-uhiskond","7":"publisher-vabamotleja","9":"first","10":"instock","11":"taxable","12":"shipping-taxable","13":"purchasable","14":"product-type-simple"},"acf":[],"_links":{"self":[{"href":"https:\/\/exlibris.ee\/ru\/wp-json\/wp\/v2\/product\/161092","targetHints":{"allow":["GET"]}}],"collection":[{"href":"https:\/\/exlibris.ee\/ru\/wp-json\/wp\/v2\/product"}],"about":[{"href":"https:\/\/exlibris.ee\/ru\/wp-json\/wp\/v2\/types\/product"}],"wp:featuredmedia":[{"embeddable":true,"href":"https:\/\/exlibris.ee\/ru\/wp-json\/wp\/v2\/media\/165897"}],"wp:attachment":[{"href":"https:\/\/exlibris.ee\/ru\/wp-json\/wp\/v2\/media?parent=161092"}],"wp:term":[{"taxonomy":"product_brand","embeddable":true,"href":"https:\/\/exlibris.ee\/ru\/wp-json\/wp\/v2\/product_brand?post=161092"},{"taxonomy":"product_cat","embeddable":true,"href":"https:\/\/exlibris.ee\/ru\/wp-json\/wp\/v2\/product_cat?post=161092"},{"taxonomy":"product_tag","embeddable":true,"href":"https:\/\/exlibris.ee\/ru\/wp-json\/wp\/v2\/product_tag?post=161092"},{"taxonomy":"series","embeddable":true,"href":"https:\/\/exlibris.ee\/ru\/wp-json\/wp\/v2\/series?post=161092"},{"taxonomy":"publisher","embeddable":true,"href":"https:\/\/exlibris.ee\/ru\/wp-json\/wp\/v2\/publisher?post=161092"}],"curies":[{"name":"wp","href":"https:\/\/api.w.org\/{rel}","templated":true}]}}