{"id":166190,"date":"2026-02-13T21:07:52","date_gmt":"2026-02-13T19:07:52","guid":{"rendered":"https:\/\/exlibris.ee\/toode\/grammatik-leicht-a1-grammar-and-practice-zweisprachige-ausgabe-deutsch-englisch\/"},"modified":"2026-04-07T21:21:22","modified_gmt":"2026-04-07T18:21:22","slug":"grammatik-leicht-a1-grammar-and-practice-zweisprachige-ausgabe-deutsch-englisch","status":"publish","type":"product","link":"https:\/\/exlibris.ee\/ru\/produkt\/grammatik-leicht-a1-grammar-and-practice-zweisprachige-ausgabe-deutsch-englisch\/","title":{"rendered":"Grammatik leicht A1\/Grammar and Practice \/ Zweisprachige Ausgabe Deutsch \u2013 Englisch"},"content":{"rendered":"<p>F\u00fcr Selbstlerner und Kursteilnehmer mit wenigen Vorkenntnissen bietet die neue Grammatik leicht A1 einen einfachen Einstieg in die deutsche Grammatik. In kleinen Schritten und mit anschlie\u00dfenden \u00dcbungen wird der Lernende sicher zu Niveau A1 gef\u00fchrt. Ausgangssprache ist dabei Englisch.<\/p>\n","protected":false},"excerpt":{"rendered":"<p>F\u00fcr Selbstlerner und Kursteilnehmer mit wenigen Vorkenntnissen bietet die neue Grammatik leicht A1 einen einfachen Einstieg in die deutsche Grammatik. In kleinen Schritten und mit anschlie\u00dfenden \u00dcbungen wird der Lernende sicher zu Niveau A1 gef\u00fchrt. Ausgangssprache ist dabei Englisch.<\/p>\n","protected":false},"featured_media":168852,"template":"","meta":{"_acf_changed":false,"inline_featured_image":false},"product_brand":[],"product_cat":[480],"product_tag":[],"series":[{"id":1149,"name":"Grammatik leicht","slug":"grammatik-leicht"}],"publisher":[{"id":497,"name":"Hueber Verlag","slug":"hueber-verlag"}],"class_list":{"0":"post-166190","1":"product","2":"type-product","3":"status-publish","4":"has-post-thumbnail","6":"product_cat-grammatiken","7":"series-grammatik-leicht","8":"publisher-hueber-verlag","10":"first","11":"onbackorder","12":"taxable","13":"shipping-taxable","14":"purchasable","15":"product-type-simple"},"acf":[],"_links":{"self":[{"href":"https:\/\/exlibris.ee\/ru\/wp-json\/wp\/v2\/product\/166190","targetHints":{"allow":["GET"]}}],"collection":[{"href":"https:\/\/exlibris.ee\/ru\/wp-json\/wp\/v2\/product"}],"about":[{"href":"https:\/\/exlibris.ee\/ru\/wp-json\/wp\/v2\/types\/product"}],"wp:featuredmedia":[{"embeddable":true,"href":"https:\/\/exlibris.ee\/ru\/wp-json\/wp\/v2\/media\/168852"}],"wp:attachment":[{"href":"https:\/\/exlibris.ee\/ru\/wp-json\/wp\/v2\/media?parent=166190"}],"wp:term":[{"taxonomy":"product_brand","embeddable":true,"href":"https:\/\/exlibris.ee\/ru\/wp-json\/wp\/v2\/product_brand?post=166190"},{"taxonomy":"product_cat","embeddable":true,"href":"https:\/\/exlibris.ee\/ru\/wp-json\/wp\/v2\/product_cat?post=166190"},{"taxonomy":"product_tag","embeddable":true,"href":"https:\/\/exlibris.ee\/ru\/wp-json\/wp\/v2\/product_tag?post=166190"},{"taxonomy":"series","embeddable":true,"href":"https:\/\/exlibris.ee\/ru\/wp-json\/wp\/v2\/series?post=166190"},{"taxonomy":"publisher","embeddable":true,"href":"https:\/\/exlibris.ee\/ru\/wp-json\/wp\/v2\/publisher?post=166190"}],"curies":[{"name":"wp","href":"https:\/\/api.w.org\/{rel}","templated":true}]}}