{"id":166212,"date":"2026-02-13T21:10:47","date_gmt":"2026-02-13T19:10:47","guid":{"rendered":"https:\/\/exlibris.ee\/toode\/fit-furs-goethe-zertifikat-a1-start-deutsch-1-lehrbuch-mit-audios-online\/"},"modified":"2026-04-17T15:39:35","modified_gmt":"2026-04-17T12:39:35","slug":"fit-furs-goethe-zertifikat-a1-start-deutsch-1-lehrbuch-mit-audios-online","status":"publish","type":"product","link":"https:\/\/exlibris.ee\/ru\/produkt\/fit-furs-goethe-zertifikat-a1-start-deutsch-1-lehrbuch-mit-audios-online\/","title":{"rendered":"Fit f\u00fcrs Goethe-Zertifikat A1\/Start Deutsch 1 \/ Lehrbuch mit Audios online"},"content":{"rendered":"<p>Das Buch richtet sich an Lernende der Grundstufe auf dem Niveau A1, die sich gezielt auf die Pr\u00fcfung Goethe-Zertifikat A1 \/ Start Deutsch 1 vorbereiten wollen, aber auch an jene, die ein Fertigkeitentraining auf diesem Niveau suchen. Die Lerner trainieren intensiv die zwei produktiven Fertigkeiten Sprechen und Schreiben sowie die beiden rezeptiven Fertigkeiten H\u00f6ren und Lesen. Dabei werden sie Schritt f\u00fcr Schritt auf die Pr\u00fcfungsaufgaben vorbereitet. Hilfreiche Tipps erleichtern das Erreichen des Lernziels. Ein Testmodell schlie\u00dft die Pr\u00fcfungsvorbereitung ab.Gezielte \u00dcbungen vermitteln den LernendenLerner Schritt f\u00fcr Schritt die notwendigen Fertigkeiten und Techniken. Im Hinblick auf den geringen Sprachstand wurde bei der Konzeptentwicklung auf erkl\u00e4rende Texte verzichtet. Die Aufgabenstellungen sind so, dass die Lernenden sie leicht verstehen. Die \u00dcbungen sind so angelegt, dass sich das Wesentliche aus der \u00dcbung heraus erkl\u00e4rt. Die einzelnen \u00dcbungen bauen aufeinander auf und trainieren so die jeweilige Fertigkeit. Am Ende des Lehrbuchs befindet sich ein L\u00f6sungsschl\u00fcssel. Alle H\u00f6rtexte sind als kostenfreier Download im Infoservice verf\u00fcgbar.<\/p>\n","protected":false},"excerpt":{"rendered":"<p>Das Buch richtet sich an Lernende der Grundstufe auf dem Niveau A1, die sich gezielt auf die Pr\u00fcfung Goethe-Zertifikat A1 \/ Start Deutsch 1 vorbereiten wollen, aber auch an jene, die ein Fertigkeitentraining auf diesem Niveau suchen. Die Lerner trainieren&#8230;<\/p>\n","protected":false},"featured_media":321049,"template":"","meta":{"_acf_changed":false,"inline_featured_image":false},"product_brand":[],"product_cat":[507],"product_tag":[],"series":[{"id":1130,"name":"Fit f\u00fcrs Goethe-Zertifikat","slug":"fit-furs-goethe-zertifikat"}],"publisher":[{"id":497,"name":"Hueber Verlag","slug":"hueber-verlag"}],"class_list":{"0":"post-166212","1":"product","2":"type-product","3":"status-publish","4":"has-post-thumbnail","6":"product_cat-prufungsvorbereitung","7":"series-fit-furs-goethe-zertifikat","8":"publisher-hueber-verlag","10":"first","11":"onbackorder","12":"taxable","13":"shipping-taxable","14":"purchasable","15":"product-type-simple"},"acf":[],"_links":{"self":[{"href":"https:\/\/exlibris.ee\/ru\/wp-json\/wp\/v2\/product\/166212","targetHints":{"allow":["GET"]}}],"collection":[{"href":"https:\/\/exlibris.ee\/ru\/wp-json\/wp\/v2\/product"}],"about":[{"href":"https:\/\/exlibris.ee\/ru\/wp-json\/wp\/v2\/types\/product"}],"wp:featuredmedia":[{"embeddable":true,"href":"https:\/\/exlibris.ee\/ru\/wp-json\/wp\/v2\/media\/321049"}],"wp:attachment":[{"href":"https:\/\/exlibris.ee\/ru\/wp-json\/wp\/v2\/media?parent=166212"}],"wp:term":[{"taxonomy":"product_brand","embeddable":true,"href":"https:\/\/exlibris.ee\/ru\/wp-json\/wp\/v2\/product_brand?post=166212"},{"taxonomy":"product_cat","embeddable":true,"href":"https:\/\/exlibris.ee\/ru\/wp-json\/wp\/v2\/product_cat?post=166212"},{"taxonomy":"product_tag","embeddable":true,"href":"https:\/\/exlibris.ee\/ru\/wp-json\/wp\/v2\/product_tag?post=166212"},{"taxonomy":"series","embeddable":true,"href":"https:\/\/exlibris.ee\/ru\/wp-json\/wp\/v2\/series?post=166212"},{"taxonomy":"publisher","embeddable":true,"href":"https:\/\/exlibris.ee\/ru\/wp-json\/wp\/v2\/publisher?post=166212"}],"curies":[{"name":"wp","href":"https:\/\/api.w.org\/{rel}","templated":true}]}}