{"id":166221,"date":"2026-02-13T21:10:48","date_gmt":"2026-02-13T19:10:48","guid":{"rendered":"https:\/\/exlibris.ee\/toode\/miteinander-deutsch-fur-den-beruf-b2-lehrerhandbuch\/"},"modified":"2026-04-16T17:34:33","modified_gmt":"2026-04-16T14:34:33","slug":"miteinander-deutsch-fur-den-beruf-b2-lehrerhandbuch","status":"publish","type":"product","link":"https:\/\/exlibris.ee\/ru\/produkt\/miteinander-deutsch-fur-den-beruf-b2-lehrerhandbuch\/","title":{"rendered":"Miteinander! Deutsch f\u00fcr den Beruf B2\/Lehrerhandbuch"},"content":{"rendered":"<p>Zielniveau B2. Materialien f\u00fcr Kursleitende, erh\u00e4ltlich als gedrucktes Lehrerhandbuch oder als Digitaler Unterrichtsplaner \u2013 Erweiterungsmaterial innerhalb der iV, erwerbbar \u00fcber einen Code.. Enthalten sind:. \u2013 Konzeptbeschreibung des Lehrwerks. \u2013 Didaktik-Glossar. \u2013 Unterrichtspl\u00e4ne f\u00fcr jede Lektion mit zahlreichen Hinweisen, Tipps, Zusatzmaterialien und Vorschl\u00e4gen f\u00fcr Variationen und Erg\u00e4nzungen im Unterrichtsablauf. \u2013 Methoden-Glossar. \u2013 Tipps f\u00fcr den digitalen Unterricht. \u2013 Schnelltests (je ein Test pro Lektion). \u2013 Kopiervorlagen passend zum Lernstoff in den Lektionen. \u2013 Evaluierungsb\u00f6gen f\u00fcr die Lernfortschrittstests im Arbeitsbuch<\/p>\n","protected":false},"excerpt":{"rendered":"<p>Zielniveau B2. Materialien f\u00fcr Kursleitende, erh\u00e4ltlich als gedrucktes Lehrerhandbuch oder als Digitaler Unterrichtsplaner \u2013 Erweiterungsmaterial innerhalb der iV, erwerbbar \u00fcber einen Code.. Enthalten sind:. \u2013 Konzeptbeschreibung des Lehrwerks. \u2013 Didaktik-Glossar. \u2013 Unterrichtspl\u00e4ne f\u00fcr jede Lektion mit zahlreichen Hinweisen, Tipps, Zusatzmaterialien&#8230;<\/p>\n","protected":false},"featured_media":303737,"template":"","meta":{"_acf_changed":false,"inline_featured_image":false},"product_brand":[],"product_cat":[885],"product_tag":[],"series":[{"id":3290,"name":"Miteinander! Deutsch f\u00fcr den Beruf","slug":"miteinander-deutsch-fur-den-beruf"}],"publisher":[{"id":497,"name":"Hueber Verlag","slug":"hueber-verlag"}],"class_list":{"0":"post-166221","1":"product","2":"type-product","3":"status-publish","4":"has-post-thumbnail","6":"product_cat-berufssprache","7":"series-miteinander-deutsch-fur-den-beruf","8":"publisher-hueber-verlag","10":"first","11":"onbackorder","12":"taxable","13":"shipping-taxable","14":"purchasable","15":"product-type-simple"},"acf":[],"_links":{"self":[{"href":"https:\/\/exlibris.ee\/ru\/wp-json\/wp\/v2\/product\/166221","targetHints":{"allow":["GET"]}}],"collection":[{"href":"https:\/\/exlibris.ee\/ru\/wp-json\/wp\/v2\/product"}],"about":[{"href":"https:\/\/exlibris.ee\/ru\/wp-json\/wp\/v2\/types\/product"}],"wp:featuredmedia":[{"embeddable":true,"href":"https:\/\/exlibris.ee\/ru\/wp-json\/wp\/v2\/media\/303737"}],"wp:attachment":[{"href":"https:\/\/exlibris.ee\/ru\/wp-json\/wp\/v2\/media?parent=166221"}],"wp:term":[{"taxonomy":"product_brand","embeddable":true,"href":"https:\/\/exlibris.ee\/ru\/wp-json\/wp\/v2\/product_brand?post=166221"},{"taxonomy":"product_cat","embeddable":true,"href":"https:\/\/exlibris.ee\/ru\/wp-json\/wp\/v2\/product_cat?post=166221"},{"taxonomy":"product_tag","embeddable":true,"href":"https:\/\/exlibris.ee\/ru\/wp-json\/wp\/v2\/product_tag?post=166221"},{"taxonomy":"series","embeddable":true,"href":"https:\/\/exlibris.ee\/ru\/wp-json\/wp\/v2\/series?post=166221"},{"taxonomy":"publisher","embeddable":true,"href":"https:\/\/exlibris.ee\/ru\/wp-json\/wp\/v2\/publisher?post=166221"}],"curies":[{"name":"wp","href":"https:\/\/api.w.org\/{rel}","templated":true}]}}