{"id":166222,"date":"2026-02-13T21:11:51","date_gmt":"2026-02-13T19:11:51","guid":{"rendered":"https:\/\/exlibris.ee\/toode\/schritte-plus-neu-1-digitaler-unterrichtsplaner\/"},"modified":"2026-04-18T15:37:34","modified_gmt":"2026-04-18T12:37:34","slug":"schritte-plus-neu-1-digitaler-unterrichtsplaner","status":"publish","type":"product","link":"https:\/\/exlibris.ee\/ru\/produkt\/schritte-plus-neu-1-digitaler-unterrichtsplaner\/","title":{"rendered":"Schritte plus Neu 1 Digitaler Unterrichtsplaner"},"content":{"rendered":"<p>Schritte plus Neu, das Erfolgslehrwerk f\u00fcr Deutsch als Zweitsprache, bereitet perfekt auf Alltag &amp; Beruf vor, spricht die Teilnehmenden in der Foto-H\u00f6rgeschichte emotional an und f\u00f6rdert durch ein umfangreiches Angebot zur Binnendifferenzierung das Lernen auch in heterogenen Gruppen.<\/p>\n","protected":false},"excerpt":{"rendered":"<p>Schritte plus Neu, das Erfolgslehrwerk f\u00fcr Deutsch als Zweitsprache, bereitet perfekt auf Alltag &amp; Beruf vor, spricht die Teilnehmenden in der Foto-H\u00f6rgeschichte emotional an und f\u00f6rdert durch ein umfangreiches Angebot zur Binnendifferenzierung das Lernen auch in heterogenen Gruppen.<\/p>\n","protected":false},"featured_media":0,"template":"","meta":{"_acf_changed":false,"inline_featured_image":false},"product_brand":[],"product_cat":[1121],"product_tag":[],"series":[{"id":1257,"name":"Schritte plus Neu","slug":"schritte-plus-neu"}],"publisher":[{"id":497,"name":"Hueber Verlag","slug":"hueber-verlag"}],"class_list":{"0":"post-166222","1":"product","2":"type-product","3":"status-publish","5":"product_cat-lehrwerke-fur-jugendliche-und-erwachsene","6":"series-schritte-plus-neu","7":"publisher-hueber-verlag","9":"first","10":"onbackorder","11":"taxable","12":"shipping-taxable","13":"purchasable","14":"product-type-simple"},"acf":[],"_links":{"self":[{"href":"https:\/\/exlibris.ee\/ru\/wp-json\/wp\/v2\/product\/166222","targetHints":{"allow":["GET"]}}],"collection":[{"href":"https:\/\/exlibris.ee\/ru\/wp-json\/wp\/v2\/product"}],"about":[{"href":"https:\/\/exlibris.ee\/ru\/wp-json\/wp\/v2\/types\/product"}],"wp:attachment":[{"href":"https:\/\/exlibris.ee\/ru\/wp-json\/wp\/v2\/media?parent=166222"}],"wp:term":[{"taxonomy":"product_brand","embeddable":true,"href":"https:\/\/exlibris.ee\/ru\/wp-json\/wp\/v2\/product_brand?post=166222"},{"taxonomy":"product_cat","embeddable":true,"href":"https:\/\/exlibris.ee\/ru\/wp-json\/wp\/v2\/product_cat?post=166222"},{"taxonomy":"product_tag","embeddable":true,"href":"https:\/\/exlibris.ee\/ru\/wp-json\/wp\/v2\/product_tag?post=166222"},{"taxonomy":"series","embeddable":true,"href":"https:\/\/exlibris.ee\/ru\/wp-json\/wp\/v2\/series?post=166222"},{"taxonomy":"publisher","embeddable":true,"href":"https:\/\/exlibris.ee\/ru\/wp-json\/wp\/v2\/publisher?post=166222"}],"curies":[{"name":"wp","href":"https:\/\/api.w.org\/{rel}","templated":true}]}}