{"id":166232,"date":"2026-02-13T21:13:24","date_gmt":"2026-02-13T19:13:24","guid":{"rendered":"https:\/\/exlibris.ee\/toode\/miteinander-deutsch-fur-den-beruf-bruckenelement-b1-b2-kurs-und-arbeitsbuch-plus-interaktive-version\/"},"modified":"2026-04-16T17:38:14","modified_gmt":"2026-04-16T14:38:14","slug":"miteinander-deutsch-fur-den-beruf-bruckenelement-b1-b2-kurs-und-arbeitsbuch-plus-interaktive-version","status":"publish","type":"product","link":"https:\/\/exlibris.ee\/ru\/produkt\/miteinander-deutsch-fur-den-beruf-bruckenelement-b1-b2-kurs-und-arbeitsbuch-plus-interaktive-version\/","title":{"rendered":"Miteinander! Deutsch f\u00fcr den Beruf Br\u00fcckenelement B1\/B2\/Kurs- und Arbeitsbuch plus interaktive Version"},"content":{"rendered":"<p>Miteinander! Deutsch f\u00fcr Alltag und Beruf begeistert mit plurikulturellen Protagonist:innen, ihren lebensnahen Geschichten, Erkl\u00e4rclips, Filmen, interaktiven \u00dcbungen und einem ausgekl\u00fcgelten System zur Binnen\u00addifferenzierung. Das neue Erfolgslehrwerk f\u00fcr Integrationskurse f\u00fchrt kleinschrittig zum Niveau B1\/B2 und zum erfolgreichen Abschluss des Deutsch-Tests f\u00fcr Zuwanderer.Miteinander! Deutsch f\u00fcr den Beruf B2 \u2013 Kurs- und Arbeitsbuch inlusive Code zur interaktiven Version<\/p>\n","protected":false},"excerpt":{"rendered":"<p>Miteinander! Deutsch f\u00fcr Alltag und Beruf begeistert mit plurikulturellen Protagonist:innen, ihren lebensnahen Geschichten, Erkl\u00e4rclips, Filmen, interaktiven \u00dcbungen und einem ausgekl\u00fcgelten System zur Binnen\u00addifferenzierung. Das neue Erfolgslehrwerk f\u00fcr Integrationskurse f\u00fchrt kleinschrittig zum Niveau B1\/B2 und zum erfolgreichen Abschluss des Deutsch-Tests f\u00fcr&#8230;<\/p>\n","protected":false},"featured_media":303849,"template":"","meta":{"_acf_changed":false,"inline_featured_image":false},"product_brand":[],"product_cat":[885],"product_tag":[],"series":[{"id":3290,"name":"Miteinander! Deutsch f\u00fcr den Beruf","slug":"miteinander-deutsch-fur-den-beruf"}],"publisher":[{"id":497,"name":"Hueber Verlag","slug":"hueber-verlag"}],"class_list":{"0":"post-166232","1":"product","2":"type-product","3":"status-publish","4":"has-post-thumbnail","6":"product_cat-berufssprache","7":"series-miteinander-deutsch-fur-den-beruf","8":"publisher-hueber-verlag","10":"first","11":"onbackorder","12":"taxable","13":"shipping-taxable","14":"purchasable","15":"product-type-simple"},"acf":[],"_links":{"self":[{"href":"https:\/\/exlibris.ee\/ru\/wp-json\/wp\/v2\/product\/166232","targetHints":{"allow":["GET"]}}],"collection":[{"href":"https:\/\/exlibris.ee\/ru\/wp-json\/wp\/v2\/product"}],"about":[{"href":"https:\/\/exlibris.ee\/ru\/wp-json\/wp\/v2\/types\/product"}],"wp:featuredmedia":[{"embeddable":true,"href":"https:\/\/exlibris.ee\/ru\/wp-json\/wp\/v2\/media\/303849"}],"wp:attachment":[{"href":"https:\/\/exlibris.ee\/ru\/wp-json\/wp\/v2\/media?parent=166232"}],"wp:term":[{"taxonomy":"product_brand","embeddable":true,"href":"https:\/\/exlibris.ee\/ru\/wp-json\/wp\/v2\/product_brand?post=166232"},{"taxonomy":"product_cat","embeddable":true,"href":"https:\/\/exlibris.ee\/ru\/wp-json\/wp\/v2\/product_cat?post=166232"},{"taxonomy":"product_tag","embeddable":true,"href":"https:\/\/exlibris.ee\/ru\/wp-json\/wp\/v2\/product_tag?post=166232"},{"taxonomy":"series","embeddable":true,"href":"https:\/\/exlibris.ee\/ru\/wp-json\/wp\/v2\/series?post=166232"},{"taxonomy":"publisher","embeddable":true,"href":"https:\/\/exlibris.ee\/ru\/wp-json\/wp\/v2\/publisher?post=166232"}],"curies":[{"name":"wp","href":"https:\/\/api.w.org\/{rel}","templated":true}]}}