{"id":166237,"date":"2026-02-13T21:13:25","date_gmt":"2026-02-13T19:13:25","guid":{"rendered":"https:\/\/exlibris.ee\/toode\/deutsch-in-der-gastronomie-und-hotellerie-englisch-pdf-mp3-download\/"},"modified":"2026-04-20T09:41:34","modified_gmt":"2026-04-20T06:41:34","slug":"deutsch-in-der-gastronomie-und-hotellerie-englisch-pdf-mp3-download","status":"publish","type":"product","link":"https:\/\/exlibris.ee\/ru\/produkt\/deutsch-in-der-gastronomie-und-hotellerie-englisch-pdf-mp3-download\/","title":{"rendered":"Deutsch in der Gastronomie und Hotellerie \/ Englisch \/ PDF\/MP3-Download"},"content":{"rendered":"<p>Der Berufssprachf\u00fchrer &#171;Deutsch in der Gastronomie und Hotellerie&#187; f\u00fcr englische Muttersprachler bietet die M\u00f6glichkeit, deutsche Vokabeln und Redemittel f\u00fcr typische Berufssituationen in Restaurant oder Hotel einzu\u00fcben oder sie schnell nachzuschlagen. Es werden u. a. folgende Themen behandelt: Vorstellungsgespr\u00e4ch, Hotel und Restaurant allgemein, Empfang, Fr\u00fchst\u00fccksservice, die Bar, in der K\u00fcche, Housekeeping und Etage etc.Alle S\u00e4tze sind in Form von MP3-Dateien auf Deutsch und auf Englisch vertont.<\/p>\n","protected":false},"excerpt":{"rendered":"<p>Der Berufssprachf\u00fchrer &#171;Deutsch in der Gastronomie und Hotellerie&#187; f\u00fcr englische Muttersprachler bietet die M\u00f6glichkeit, deutsche Vokabeln und Redemittel f\u00fcr typische Berufssituationen in Restaurant oder Hotel einzu\u00fcben oder sie schnell nachzuschlagen. Es werden u. a. folgende Themen behandelt: Vorstellungsgespr\u00e4ch, Hotel und&#8230;<\/p>\n","protected":false},"featured_media":372611,"template":"","meta":{"_acf_changed":false,"inline_featured_image":false},"product_brand":[],"product_cat":[885],"product_tag":[],"series":[{"id":3293,"name":"Deutsch in der Gastronomie und Hotellerie","slug":"deutsch-in-der-gastronomie-und-hotellerie"}],"publisher":[{"id":497,"name":"Hueber Verlag","slug":"hueber-verlag"}],"class_list":{"0":"post-166237","1":"product","2":"type-product","3":"status-publish","4":"has-post-thumbnail","6":"product_cat-berufssprache","7":"series-deutsch-in-der-gastronomie-und-hotellerie","8":"publisher-hueber-verlag","10":"first","11":"onbackorder","12":"taxable","13":"shipping-taxable","14":"purchasable","15":"product-type-simple"},"acf":[],"_links":{"self":[{"href":"https:\/\/exlibris.ee\/ru\/wp-json\/wp\/v2\/product\/166237","targetHints":{"allow":["GET"]}}],"collection":[{"href":"https:\/\/exlibris.ee\/ru\/wp-json\/wp\/v2\/product"}],"about":[{"href":"https:\/\/exlibris.ee\/ru\/wp-json\/wp\/v2\/types\/product"}],"wp:featuredmedia":[{"embeddable":true,"href":"https:\/\/exlibris.ee\/ru\/wp-json\/wp\/v2\/media\/372611"}],"wp:attachment":[{"href":"https:\/\/exlibris.ee\/ru\/wp-json\/wp\/v2\/media?parent=166237"}],"wp:term":[{"taxonomy":"product_brand","embeddable":true,"href":"https:\/\/exlibris.ee\/ru\/wp-json\/wp\/v2\/product_brand?post=166237"},{"taxonomy":"product_cat","embeddable":true,"href":"https:\/\/exlibris.ee\/ru\/wp-json\/wp\/v2\/product_cat?post=166237"},{"taxonomy":"product_tag","embeddable":true,"href":"https:\/\/exlibris.ee\/ru\/wp-json\/wp\/v2\/product_tag?post=166237"},{"taxonomy":"series","embeddable":true,"href":"https:\/\/exlibris.ee\/ru\/wp-json\/wp\/v2\/series?post=166237"},{"taxonomy":"publisher","embeddable":true,"href":"https:\/\/exlibris.ee\/ru\/wp-json\/wp\/v2\/publisher?post=166237"}],"curies":[{"name":"wp","href":"https:\/\/api.w.org\/{rel}","templated":true}]}}