{"id":166244,"date":"2026-02-13T21:13:26","date_gmt":"2026-02-13T19:13:26","guid":{"rendered":"https:\/\/exlibris.ee\/toode\/lehr-und-ubungsbuch-der-deutschen-grammatik-neubearbeitung-italienische-ausgabe-pdf-download\/"},"modified":"2026-04-12T11:34:27","modified_gmt":"2026-04-12T08:34:27","slug":"lehr-und-ubungsbuch-der-deutschen-grammatik-neubearbeitung-italienische-ausgabe-pdf-download","status":"publish","type":"product","link":"https:\/\/exlibris.ee\/ru\/produkt\/lehr-und-ubungsbuch-der-deutschen-grammatik-neubearbeitung-italienische-ausgabe-pdf-download\/","title":{"rendered":"Lehr- und \u00dcbungsbuch der deutschen Grammatik \u2013 Neubearbeitung\/Italienische Ausgabe \/ PDF-Download"},"content":{"rendered":"<p>Die zweisprachige Ausgabe vom Lehr- und \u00dcbungsbuch der deutschen Grammatik enth\u00e4lt die Erkl\u00e4rungen auf Italienisch und eignet sich f\u00fcr Lerner der oberen Grundstufe und der Mittelstufe, die gr\u00fcndliche und zusammenh\u00e4ngende Kenntnisse erwerben m\u00f6chten. Die \u00fcbersichtlich strukturierte Standardgrammatik wurde mit einem modernen, sehr lernerfreundlichen und \u00fcbersichtlichen neuen Layout und aktualisierten und modernisierten \u00dcbungs- und Beispiels\u00e4tzen ausgestattet. Die urspr\u00fcngliche Struktur und Progression und der bew\u00e4hrte schnelle Wechsel von Erkl\u00e4ren und \u00dcben bleiben vollst\u00e4ndig erhalten.Das Lernziel ist die sichere Beherrschung der Sprache in der schriftlichen und m\u00fcndlichen Anwendung. Die Grammatik ist universell einsetzbar und eignet sich als kursbegleitende \u00dcbungsgrammatik sowie zum Selbststudium. Eine \u00dcbersicht \u00fcber die Konjugation und Deklination hilft dem Lernenden, sich schnell zu orientieren.Der L\u00f6sungsschl\u00fcssel ist auch als PDF erh\u00e4ltlich.<\/p>\n","protected":false},"excerpt":{"rendered":"<p>Die zweisprachige Ausgabe vom Lehr- und \u00dcbungsbuch der deutschen Grammatik enth\u00e4lt die Erkl\u00e4rungen auf Italienisch und eignet sich f\u00fcr Lerner der oberen Grundstufe und der Mittelstufe, die gr\u00fcndliche und zusammenh\u00e4ngende Kenntnisse erwerben m\u00f6chten. Die \u00fcbersichtlich strukturierte Standardgrammatik wurde mit einem&#8230;<\/p>\n","protected":false},"featured_media":219334,"template":"","meta":{"_acf_changed":false,"inline_featured_image":false},"product_brand":[],"product_cat":[480],"product_tag":[],"series":[],"publisher":[{"id":1315,"name":"Verlag f\u00fcr Deutsch","slug":"verlag-fur-deutsch"}],"class_list":{"0":"post-166244","1":"product","2":"type-product","3":"status-publish","4":"has-post-thumbnail","6":"product_cat-grammatiken","7":"publisher-verlag-fur-deutsch","9":"first","10":"onbackorder","11":"taxable","12":"shipping-taxable","13":"purchasable","14":"product-type-simple"},"acf":[],"_links":{"self":[{"href":"https:\/\/exlibris.ee\/ru\/wp-json\/wp\/v2\/product\/166244","targetHints":{"allow":["GET"]}}],"collection":[{"href":"https:\/\/exlibris.ee\/ru\/wp-json\/wp\/v2\/product"}],"about":[{"href":"https:\/\/exlibris.ee\/ru\/wp-json\/wp\/v2\/types\/product"}],"wp:featuredmedia":[{"embeddable":true,"href":"https:\/\/exlibris.ee\/ru\/wp-json\/wp\/v2\/media\/219334"}],"wp:attachment":[{"href":"https:\/\/exlibris.ee\/ru\/wp-json\/wp\/v2\/media?parent=166244"}],"wp:term":[{"taxonomy":"product_brand","embeddable":true,"href":"https:\/\/exlibris.ee\/ru\/wp-json\/wp\/v2\/product_brand?post=166244"},{"taxonomy":"product_cat","embeddable":true,"href":"https:\/\/exlibris.ee\/ru\/wp-json\/wp\/v2\/product_cat?post=166244"},{"taxonomy":"product_tag","embeddable":true,"href":"https:\/\/exlibris.ee\/ru\/wp-json\/wp\/v2\/product_tag?post=166244"},{"taxonomy":"series","embeddable":true,"href":"https:\/\/exlibris.ee\/ru\/wp-json\/wp\/v2\/series?post=166244"},{"taxonomy":"publisher","embeddable":true,"href":"https:\/\/exlibris.ee\/ru\/wp-json\/wp\/v2\/publisher?post=166244"}],"curies":[{"name":"wp","href":"https:\/\/api.w.org\/{rel}","templated":true}]}}