{"id":166248,"date":"2026-02-13T21:14:30","date_gmt":"2026-02-13T19:14:30","guid":{"rendered":"https:\/\/exlibris.ee\/toode\/beste-freunde-b1-paket-arbeitsbuch-b1-1-und-b1-2-mit-audios-online\/"},"modified":"2026-04-23T05:53:18","modified_gmt":"2026-04-23T02:53:18","slug":"beste-freunde-b1-paket-arbeitsbuch-b1-1-und-b1-2-mit-audios-online","status":"publish","type":"product","link":"https:\/\/exlibris.ee\/ru\/produkt\/beste-freunde-b1-paket-arbeitsbuch-b1-1-und-b1-2-mit-audios-online\/","title":{"rendered":"Beste Freunde B1 \/  Paket Arbeitsbuch B1.1 und B1.2 mit Audios online"},"content":{"rendered":"<p>Beste Freunde \u2013 der beliebte Klassiker f\u00fcr den DaF-Unterricht mit Jugendlichen.Jugendliche lernen am besten von- und miteinander. Beste Freunde setzt deshalb auf eine Gruppe Jugendlicher, die die Lernenden durch das Lehrwerk begleiten und ihnen den deutschen Alltag in unterhaltsamen Geschichten zeigen. In jedem Modul erleben die Lernenden mit einem Protagonisten die Sprache ganz direkt. Das macht Spa\u00df und ist motivierend.Beste Freunde ist ein Lehrwerk f\u00fcr den Schulunterricht, mit dem sich auch in wenigen Wochenstunden motivierend und erfolgreich unterrichten l\u00e4sst.<\/p>\n","protected":false},"excerpt":{"rendered":"<p>Beste Freunde \u2013 der beliebte Klassiker f\u00fcr den DaF-Unterricht mit Jugendlichen.Jugendliche lernen am besten von- und miteinander. Beste Freunde setzt deshalb auf eine Gruppe Jugendlicher, die die Lernenden durch das Lehrwerk begleiten und ihnen den deutschen Alltag in unterhaltsamen Geschichten&#8230;<\/p>\n","protected":false},"featured_media":423569,"template":"","meta":{"_acf_changed":false,"inline_featured_image":false},"product_brand":[],"product_cat":[477],"product_tag":[],"series":[{"id":997,"name":"Beste Freunde","slug":"beste-freunde"}],"publisher":[{"id":497,"name":"Hueber Verlag","slug":"hueber-verlag"}],"class_list":{"0":"post-166248","1":"product","2":"type-product","3":"status-publish","4":"has-post-thumbnail","6":"product_cat-lehrwerke-fur-jugendliche","7":"series-beste-freunde","8":"publisher-hueber-verlag","10":"first","11":"onbackorder","12":"taxable","13":"shipping-taxable","14":"purchasable","15":"product-type-simple"},"acf":[],"_links":{"self":[{"href":"https:\/\/exlibris.ee\/ru\/wp-json\/wp\/v2\/product\/166248","targetHints":{"allow":["GET"]}}],"collection":[{"href":"https:\/\/exlibris.ee\/ru\/wp-json\/wp\/v2\/product"}],"about":[{"href":"https:\/\/exlibris.ee\/ru\/wp-json\/wp\/v2\/types\/product"}],"wp:featuredmedia":[{"embeddable":true,"href":"https:\/\/exlibris.ee\/ru\/wp-json\/wp\/v2\/media\/423569"}],"wp:attachment":[{"href":"https:\/\/exlibris.ee\/ru\/wp-json\/wp\/v2\/media?parent=166248"}],"wp:term":[{"taxonomy":"product_brand","embeddable":true,"href":"https:\/\/exlibris.ee\/ru\/wp-json\/wp\/v2\/product_brand?post=166248"},{"taxonomy":"product_cat","embeddable":true,"href":"https:\/\/exlibris.ee\/ru\/wp-json\/wp\/v2\/product_cat?post=166248"},{"taxonomy":"product_tag","embeddable":true,"href":"https:\/\/exlibris.ee\/ru\/wp-json\/wp\/v2\/product_tag?post=166248"},{"taxonomy":"series","embeddable":true,"href":"https:\/\/exlibris.ee\/ru\/wp-json\/wp\/v2\/series?post=166248"},{"taxonomy":"publisher","embeddable":true,"href":"https:\/\/exlibris.ee\/ru\/wp-json\/wp\/v2\/publisher?post=166248"}],"curies":[{"name":"wp","href":"https:\/\/api.w.org\/{rel}","templated":true}]}}