{"id":166251,"date":"2026-02-13T21:15:48","date_gmt":"2026-02-13T19:15:48","guid":{"rendered":"https:\/\/exlibris.ee\/toode\/jana-und-dino-plus-1-arbeitsbuch-interaktive-version\/"},"modified":"2026-04-23T05:53:25","modified_gmt":"2026-04-23T02:53:25","slug":"jana-und-dino-plus-1-arbeitsbuch-interaktive-version","status":"publish","type":"product","link":"https:\/\/exlibris.ee\/ru\/produkt\/jana-und-dino-plus-1-arbeitsbuch-interaktive-version\/","title":{"rendered":"Jana und Dino PLUS 1 Arbeitsbuch &#8212; Interaktive Version"},"content":{"rendered":"<p>Jana und Dino PLUS 1, Arbeitsbuch inklusive Code zur interaktiven Version.F\u00fcr nicht alphabetisierte Kinder bzw. Kinder, die parallel in ihrer Muttersprache alphabetisiert werden. Band 1: H\u00f6ren und Sprechen.Die neue PLUS-Ausgabe unseres beliebten DaF-Lehrwerks f\u00fcr Kinder in Vorschule und Primarstufe bietet jetzt den Code zur interaktiven Version inklusive! Die interaktive Version des Arbeitsbuchs enth\u00e4lt interaktive Zusatz\u00fcbungen zum Weiter\u00fcben am Ende jeder Lektion. Zahlreiche \u00dcbungstypen (Sortieren, Verbinden, Memo-Spiel, Catch-\u00dcbungen etc.) in Kombination mit den Audio- und Bilddateien festigen den Lernstoff und bieten abwechslungsreichen Lernspa\u00df. nicht alphabetisierte Kinder bzw. Kinder, die parallel in ihrer Muttersprache alphabetisiert werden.Band 1: H\u00f6ren und Sprechen Jana und Dino PLUS 1, Kursbuch &#8212; interaktive Version (nur digitales Produkt)- digitales Kursbuch f\u00fcr Whiteboard, PC\/Mac und Tablet &#8212; interaktiv umgesetzte \u00dcbungen aus dem Kursbuch &#8212; integrierte Audio- und Videodateien der animierten Bildgeschichten.Jana und Dino PLUS vermittelt handlungsorientiert und kommunikativ die deutsche Sprache auf der Basis einer humorvollen Protagonistengeschichte.Die Sprache erfolgt imitativ mit einer sanften Hinf\u00fchrung zu erstem Lesen und Schreiben. Im Vordergrund steht das rhythmisierte Lernen mit zus\u00e4tzlichen \u00dcbungen zum Malen, Ausschneiden, R\u00e4tseln und Basteln, die die Kinder zum Sprechen animieren.<\/p>\n","protected":false},"excerpt":{"rendered":"<p>Jana und Dino PLUS 1, Arbeitsbuch inklusive Code zur interaktiven Version.F\u00fcr nicht alphabetisierte Kinder bzw. Kinder, die parallel in ihrer Muttersprache alphabetisiert werden. Band 1: H\u00f6ren und Sprechen.Die neue PLUS-Ausgabe unseres beliebten DaF-Lehrwerks f\u00fcr Kinder in Vorschule und Primarstufe bietet&#8230;<\/p>\n","protected":false},"featured_media":423627,"template":"","meta":{"_acf_changed":false,"inline_featured_image":false},"product_brand":[],"product_cat":[471],"product_tag":[],"series":[{"id":2974,"name":"Jana und Dino PLUS","slug":"jana-und-dino-plus"}],"publisher":[{"id":497,"name":"Hueber Verlag","slug":"hueber-verlag"}],"class_list":{"0":"post-166251","1":"product","2":"type-product","3":"status-publish","4":"has-post-thumbnail","6":"product_cat-lehrwerke-fur-kinder","7":"series-jana-und-dino-plus","8":"publisher-hueber-verlag","10":"first","11":"onbackorder","12":"taxable","13":"shipping-taxable","14":"purchasable","15":"product-type-simple"},"acf":[],"_links":{"self":[{"href":"https:\/\/exlibris.ee\/ru\/wp-json\/wp\/v2\/product\/166251","targetHints":{"allow":["GET"]}}],"collection":[{"href":"https:\/\/exlibris.ee\/ru\/wp-json\/wp\/v2\/product"}],"about":[{"href":"https:\/\/exlibris.ee\/ru\/wp-json\/wp\/v2\/types\/product"}],"wp:featuredmedia":[{"embeddable":true,"href":"https:\/\/exlibris.ee\/ru\/wp-json\/wp\/v2\/media\/423627"}],"wp:attachment":[{"href":"https:\/\/exlibris.ee\/ru\/wp-json\/wp\/v2\/media?parent=166251"}],"wp:term":[{"taxonomy":"product_brand","embeddable":true,"href":"https:\/\/exlibris.ee\/ru\/wp-json\/wp\/v2\/product_brand?post=166251"},{"taxonomy":"product_cat","embeddable":true,"href":"https:\/\/exlibris.ee\/ru\/wp-json\/wp\/v2\/product_cat?post=166251"},{"taxonomy":"product_tag","embeddable":true,"href":"https:\/\/exlibris.ee\/ru\/wp-json\/wp\/v2\/product_tag?post=166251"},{"taxonomy":"series","embeddable":true,"href":"https:\/\/exlibris.ee\/ru\/wp-json\/wp\/v2\/series?post=166251"},{"taxonomy":"publisher","embeddable":true,"href":"https:\/\/exlibris.ee\/ru\/wp-json\/wp\/v2\/publisher?post=166251"}],"curies":[{"name":"wp","href":"https:\/\/api.w.org\/{rel}","templated":true}]}}