{"id":166252,"date":"2026-02-13T21:15:48","date_gmt":"2026-02-13T19:15:48","guid":{"rendered":"https:\/\/exlibris.ee\/toode\/jana-und-dino-plus-2-kursbuch-interaktive-version\/"},"modified":"2026-04-03T09:21:11","modified_gmt":"2026-04-03T06:21:11","slug":"jana-und-dino-plus-2-kursbuch-interaktive-version","status":"publish","type":"product","link":"https:\/\/exlibris.ee\/ru\/produkt\/jana-und-dino-plus-2-kursbuch-interaktive-version\/","title":{"rendered":"Jana und Dino PLUS 2 Kursbuch &#8212; Interaktive Version"},"content":{"rendered":"<p>F\u00fcr nicht alphabetisierte Kinder bzw. Kinder, die parallel in ihrer Muttersprache alphabetisiert werden.Band 1: H\u00f6ren und Sprechen Jana und Dino PLUS 1, Kursbuch &#8212; interaktive Version (nur digitales Produkt)- digitales Kursbuch f\u00fcr Whiteboard, PC\/Mac und Tablet &#8212; interaktiv umgesetzte \u00dcbungen aus dem Kursbuch &#8212; integrierte Audio- und Videodateien der animierten Bildgeschichten.Jana und Dino PLUS vermittelt handlungsorientiert und kommunikativ die deutsche Sprache auf der Basis einer humorvollen Protagonistengeschichte.Die Sprache erfolgt imitativ mit einer sanften Hinf\u00fchrung zu erstem Lesen und Schreiben. Im Vordergrund steht das rhythmisierte Lernen mit zus\u00e4tzlichen \u00dcbungen zum Malen, Ausschneiden, R\u00e4tseln und Basteln, die die Kinder zum Sprechen animieren.<\/p>\n","protected":false},"excerpt":{"rendered":"<p>F\u00fcr nicht alphabetisierte Kinder bzw. Kinder, die parallel in ihrer Muttersprache alphabetisiert werden.Band 1: H\u00f6ren und Sprechen Jana und Dino PLUS 1, Kursbuch &#8212; interaktive Version (nur digitales Produkt)- digitales Kursbuch f\u00fcr Whiteboard, PC\/Mac und Tablet &#8212; interaktiv umgesetzte \u00dcbungen&#8230;<\/p>\n","protected":false},"featured_media":168891,"template":"","meta":{"_acf_changed":false,"inline_featured_image":false},"product_brand":[],"product_cat":[471],"product_tag":[],"series":[{"id":2974,"name":"Jana und Dino PLUS","slug":"jana-und-dino-plus"}],"publisher":[{"id":497,"name":"Hueber Verlag","slug":"hueber-verlag"}],"class_list":{"0":"post-166252","1":"product","2":"type-product","3":"status-publish","4":"has-post-thumbnail","6":"product_cat-lehrwerke-fur-kinder","7":"series-jana-und-dino-plus","8":"publisher-hueber-verlag","10":"first","11":"onbackorder","12":"taxable","13":"shipping-taxable","14":"purchasable","15":"product-type-simple"},"acf":[],"_links":{"self":[{"href":"https:\/\/exlibris.ee\/ru\/wp-json\/wp\/v2\/product\/166252","targetHints":{"allow":["GET"]}}],"collection":[{"href":"https:\/\/exlibris.ee\/ru\/wp-json\/wp\/v2\/product"}],"about":[{"href":"https:\/\/exlibris.ee\/ru\/wp-json\/wp\/v2\/types\/product"}],"wp:featuredmedia":[{"embeddable":true,"href":"https:\/\/exlibris.ee\/ru\/wp-json\/wp\/v2\/media\/168891"}],"wp:attachment":[{"href":"https:\/\/exlibris.ee\/ru\/wp-json\/wp\/v2\/media?parent=166252"}],"wp:term":[{"taxonomy":"product_brand","embeddable":true,"href":"https:\/\/exlibris.ee\/ru\/wp-json\/wp\/v2\/product_brand?post=166252"},{"taxonomy":"product_cat","embeddable":true,"href":"https:\/\/exlibris.ee\/ru\/wp-json\/wp\/v2\/product_cat?post=166252"},{"taxonomy":"product_tag","embeddable":true,"href":"https:\/\/exlibris.ee\/ru\/wp-json\/wp\/v2\/product_tag?post=166252"},{"taxonomy":"series","embeddable":true,"href":"https:\/\/exlibris.ee\/ru\/wp-json\/wp\/v2\/series?post=166252"},{"taxonomy":"publisher","embeddable":true,"href":"https:\/\/exlibris.ee\/ru\/wp-json\/wp\/v2\/publisher?post=166252"}],"curies":[{"name":"wp","href":"https:\/\/api.w.org\/{rel}","templated":true}]}}