{"id":166258,"date":"2026-02-13T21:17:19","date_gmt":"2026-02-13T19:17:19","guid":{"rendered":"https:\/\/exlibris.ee\/toode\/schritte-plus-neu-prufungsheft-deutsch-test-fur-zuwanderer-mit-audios-online\/"},"modified":"2026-04-16T17:43:52","modified_gmt":"2026-04-16T14:43:52","slug":"schritte-plus-neu-prufungsheft-deutsch-test-fur-zuwanderer-mit-audios-online","status":"publish","type":"product","link":"https:\/\/exlibris.ee\/ru\/produkt\/schritte-plus-neu-prufungsheft-deutsch-test-fur-zuwanderer-mit-audios-online\/","title":{"rendered":"Schritte plus Neu\/Pr\u00fcfungsheft Deutsch-Test f\u00fcr Zuwanderer mit Audios online"},"content":{"rendered":"<p>Schritte plus Neu, das Erfolgslehrwerk f\u00fcr Deutsch als Zweitsprache, bereitet perfekt auf Alltag &amp; Beruf vor, spricht die Teilnehmenden in der Foto-H\u00f6rgeschichte emotional an und f\u00f6rdert durch ein umfangreiches Angebot zur Binnendifferenzierung das Lernen auch in heterogenen Gruppen.<\/p>\n","protected":false},"excerpt":{"rendered":"<p>Schritte plus Neu, das Erfolgslehrwerk f\u00fcr Deutsch als Zweitsprache, bereitet perfekt auf Alltag &amp; Beruf vor, spricht die Teilnehmenden in der Foto-H\u00f6rgeschichte emotional an und f\u00f6rdert durch ein umfangreiches Angebot zur Binnendifferenzierung das Lernen auch in heterogenen Gruppen.<\/p>\n","protected":false},"featured_media":304100,"template":"","meta":{"_acf_changed":false,"inline_featured_image":false},"product_brand":[],"product_cat":[538],"product_tag":[],"series":[{"id":1257,"name":"Schritte plus Neu","slug":"schritte-plus-neu"}],"publisher":[{"id":497,"name":"Hueber Verlag","slug":"hueber-verlag"}],"class_list":{"0":"post-166258","1":"product","2":"type-product","3":"status-publish","4":"has-post-thumbnail","6":"product_cat-lehrwerke-fur-erwachsene","7":"series-schritte-plus-neu","8":"publisher-hueber-verlag","10":"first","11":"onbackorder","12":"taxable","13":"shipping-taxable","14":"purchasable","15":"product-type-simple"},"acf":[],"_links":{"self":[{"href":"https:\/\/exlibris.ee\/ru\/wp-json\/wp\/v2\/product\/166258","targetHints":{"allow":["GET"]}}],"collection":[{"href":"https:\/\/exlibris.ee\/ru\/wp-json\/wp\/v2\/product"}],"about":[{"href":"https:\/\/exlibris.ee\/ru\/wp-json\/wp\/v2\/types\/product"}],"wp:featuredmedia":[{"embeddable":true,"href":"https:\/\/exlibris.ee\/ru\/wp-json\/wp\/v2\/media\/304100"}],"wp:attachment":[{"href":"https:\/\/exlibris.ee\/ru\/wp-json\/wp\/v2\/media?parent=166258"}],"wp:term":[{"taxonomy":"product_brand","embeddable":true,"href":"https:\/\/exlibris.ee\/ru\/wp-json\/wp\/v2\/product_brand?post=166258"},{"taxonomy":"product_cat","embeddable":true,"href":"https:\/\/exlibris.ee\/ru\/wp-json\/wp\/v2\/product_cat?post=166258"},{"taxonomy":"product_tag","embeddable":true,"href":"https:\/\/exlibris.ee\/ru\/wp-json\/wp\/v2\/product_tag?post=166258"},{"taxonomy":"series","embeddable":true,"href":"https:\/\/exlibris.ee\/ru\/wp-json\/wp\/v2\/series?post=166258"},{"taxonomy":"publisher","embeddable":true,"href":"https:\/\/exlibris.ee\/ru\/wp-json\/wp\/v2\/publisher?post=166258"}],"curies":[{"name":"wp","href":"https:\/\/api.w.org\/{rel}","templated":true}]}}