{"id":166259,"date":"2026-02-13T21:17:19","date_gmt":"2026-02-13T19:17:19","guid":{"rendered":"https:\/\/exlibris.ee\/toode\/paul-lisa-co-plus-a1-1-kursbuch-interaktive-version\/"},"modified":"2026-04-07T21:27:30","modified_gmt":"2026-04-07T18:27:30","slug":"paul-lisa-co-plus-a1-1-kursbuch-interaktive-version","status":"publish","type":"product","link":"https:\/\/exlibris.ee\/ru\/produkt\/paul-lisa-co-plus-a1-1-kursbuch-interaktive-version\/","title":{"rendered":"Paul, Lisa &amp; Co PLUS A1.1  Kursbuch &#8212; interaktive Version"},"content":{"rendered":"<p>Aus Paul, Lisa &amp; Co wird: Paul, Lisa &amp; Co PLUS Die neue PLUS-Ausgabe unseres beliebten DaF-Lehrwerks f\u00fcr Kinder bietet jetzt den Code zur interaktiven Version inklusive! F\u00fcr einen abwechslungsreichen Unterricht h\u00e4lt die interaktive Version nun auch alle Audios, Landeskunde-Filme, vertonte Lesetexte und animierte Erkl\u00e4r-Clips zur Grammatik bereit. Mehr Interaktion zwischen den Lernenden garantieren die neuen KAHOOT!-Quizfragen und ein Angebot an interaktiven Pr\u00e4sentationsformen.Paul, Lisa &amp; Co PLUS A1.1, Kursbuch &#8212; interaktiven Version (nur digitales Produkt)- offline verf\u00fcgbar \u00fcber Hueber interaktiv.Paul, Lisa &amp; Co PLUS f\u00fchrt mit einer kindgerechten Grammatikvermittlung spielerisch zu Niveau A1.<\/p>\n","protected":false},"excerpt":{"rendered":"<p>Aus Paul, Lisa &amp; Co wird: Paul, Lisa &amp; Co PLUS Die neue PLUS-Ausgabe unseres beliebten DaF-Lehrwerks f\u00fcr Kinder bietet jetzt den Code zur interaktiven Version inklusive! F\u00fcr einen abwechslungsreichen Unterricht h\u00e4lt die interaktive Version nun auch alle Audios, Landeskunde-Filme,&#8230;<\/p>\n","protected":false},"featured_media":168896,"template":"","meta":{"_acf_changed":false,"inline_featured_image":false},"product_brand":[],"product_cat":[471],"product_tag":[],"series":[{"id":3289,"name":"Paul, Lisa &amp; Co PLUS","slug":"paul-lisa-co-plus"}],"publisher":[{"id":497,"name":"Hueber Verlag","slug":"hueber-verlag"}],"class_list":{"0":"post-166259","1":"product","2":"type-product","3":"status-publish","4":"has-post-thumbnail","6":"product_cat-lehrwerke-fur-kinder","7":"series-paul-lisa-co-plus","8":"publisher-hueber-verlag","10":"first","11":"onbackorder","12":"taxable","13":"shipping-taxable","14":"purchasable","15":"product-type-simple"},"acf":[],"_links":{"self":[{"href":"https:\/\/exlibris.ee\/ru\/wp-json\/wp\/v2\/product\/166259","targetHints":{"allow":["GET"]}}],"collection":[{"href":"https:\/\/exlibris.ee\/ru\/wp-json\/wp\/v2\/product"}],"about":[{"href":"https:\/\/exlibris.ee\/ru\/wp-json\/wp\/v2\/types\/product"}],"wp:featuredmedia":[{"embeddable":true,"href":"https:\/\/exlibris.ee\/ru\/wp-json\/wp\/v2\/media\/168896"}],"wp:attachment":[{"href":"https:\/\/exlibris.ee\/ru\/wp-json\/wp\/v2\/media?parent=166259"}],"wp:term":[{"taxonomy":"product_brand","embeddable":true,"href":"https:\/\/exlibris.ee\/ru\/wp-json\/wp\/v2\/product_brand?post=166259"},{"taxonomy":"product_cat","embeddable":true,"href":"https:\/\/exlibris.ee\/ru\/wp-json\/wp\/v2\/product_cat?post=166259"},{"taxonomy":"product_tag","embeddable":true,"href":"https:\/\/exlibris.ee\/ru\/wp-json\/wp\/v2\/product_tag?post=166259"},{"taxonomy":"series","embeddable":true,"href":"https:\/\/exlibris.ee\/ru\/wp-json\/wp\/v2\/series?post=166259"},{"taxonomy":"publisher","embeddable":true,"href":"https:\/\/exlibris.ee\/ru\/wp-json\/wp\/v2\/publisher?post=166259"}],"curies":[{"name":"wp","href":"https:\/\/api.w.org\/{rel}","templated":true}]}}