{"id":166261,"date":"2026-02-13T21:17:20","date_gmt":"2026-02-13T19:17:20","guid":{"rendered":"https:\/\/exlibris.ee\/toode\/heule-eule-deutsch-englisch-zweisprachiges-kinderbuch-mit-mp3-horbuch-als-download\/"},"modified":"2026-04-19T12:06:34","modified_gmt":"2026-04-19T09:06:34","slug":"heule-eule-deutsch-englisch-zweisprachiges-kinderbuch-mit-mp3-horbuch-als-download","status":"publish","type":"product","link":"https:\/\/exlibris.ee\/ru\/produkt\/heule-eule-deutsch-englisch-zweisprachiges-kinderbuch-mit-mp3-horbuch-als-download\/","title":{"rendered":"Heule Eule (Deutsch-Englisch)\/Zweisprachiges Kinderbuch mit MP3-H\u00f6rbuch als Download"},"content":{"rendered":"<p>Heule Eule ist ein zweisprachiges Kinderbuch auf Deutsch und Englisch, ideal f\u00fcr Kinder ab 4 Jahren. Wer sitzt da im Wald und heult und heult? Es ist die kleine Heule Eule. Die Waldbewohner geben sich gr\u00f6\u00dfte M\u00fche, die Heule Eule zu beruhigen. Sie wiegen sie in einem alten Spinnennetz hin und her und schenken ihr N\u00fcsse. Aber sogar der Blumenkranz des Maulwurfs kann sie nicht beruhigen. Ob Mama Eule helfen kann? Die H\u00f6rversion der Geschichte wurde von Muttersprachlern gelesen und ist als kostenloser MP3-Download (mit Zugangscode im Buch) verf\u00fcgbar. Das Buch ist in weiteren Sprachfassungen \u2013 immer in Kombination mit Deutsch \u2013 erh\u00e4ltlich.<\/p>\n","protected":false},"excerpt":{"rendered":"<p>Heule Eule ist ein zweisprachiges Kinderbuch auf Deutsch und Englisch, ideal f\u00fcr Kinder ab 4 Jahren. Wer sitzt da im Wald und heult und heult? Es ist die kleine Heule Eule. Die Waldbewohner geben sich gr\u00f6\u00dfte M\u00fche, die Heule Eule&#8230;<\/p>\n","protected":false},"featured_media":355527,"template":"","meta":{"_acf_changed":false,"inline_featured_image":false},"product_brand":[],"product_cat":[851],"product_tag":[],"series":[],"publisher":[{"id":1308,"name":"NordS\u00fcd","slug":"nordsud"}],"class_list":{"0":"post-166261","1":"product","2":"type-product","3":"status-publish","4":"has-post-thumbnail","6":"product_cat-lesetexte-deutsch","7":"publisher-nordsud","9":"first","10":"onbackorder","11":"taxable","12":"shipping-taxable","13":"purchasable","14":"product-type-simple"},"acf":[],"_links":{"self":[{"href":"https:\/\/exlibris.ee\/ru\/wp-json\/wp\/v2\/product\/166261","targetHints":{"allow":["GET"]}}],"collection":[{"href":"https:\/\/exlibris.ee\/ru\/wp-json\/wp\/v2\/product"}],"about":[{"href":"https:\/\/exlibris.ee\/ru\/wp-json\/wp\/v2\/types\/product"}],"wp:featuredmedia":[{"embeddable":true,"href":"https:\/\/exlibris.ee\/ru\/wp-json\/wp\/v2\/media\/355527"}],"wp:attachment":[{"href":"https:\/\/exlibris.ee\/ru\/wp-json\/wp\/v2\/media?parent=166261"}],"wp:term":[{"taxonomy":"product_brand","embeddable":true,"href":"https:\/\/exlibris.ee\/ru\/wp-json\/wp\/v2\/product_brand?post=166261"},{"taxonomy":"product_cat","embeddable":true,"href":"https:\/\/exlibris.ee\/ru\/wp-json\/wp\/v2\/product_cat?post=166261"},{"taxonomy":"product_tag","embeddable":true,"href":"https:\/\/exlibris.ee\/ru\/wp-json\/wp\/v2\/product_tag?post=166261"},{"taxonomy":"series","embeddable":true,"href":"https:\/\/exlibris.ee\/ru\/wp-json\/wp\/v2\/series?post=166261"},{"taxonomy":"publisher","embeddable":true,"href":"https:\/\/exlibris.ee\/ru\/wp-json\/wp\/v2\/publisher?post=166261"}],"curies":[{"name":"wp","href":"https:\/\/api.w.org\/{rel}","templated":true}]}}