{"id":166267,"date":"2026-02-13T21:17:20","date_gmt":"2026-02-13T19:17:20","guid":{"rendered":"https:\/\/exlibris.ee\/toode\/projekt-b2-neu-schreiben-sprechen-schulerheft\/"},"modified":"2026-04-23T05:57:54","modified_gmt":"2026-04-23T02:57:54","slug":"projekt-b2-neu-schreiben-sprechen-schulerheft","status":"publish","type":"product","link":"https:\/\/exlibris.ee\/ru\/produkt\/projekt-b2-neu-schreiben-sprechen-schulerheft\/","title":{"rendered":"Projekt B2 neu\/Schreiben \u2013 Sprechen \/ Sch\u00fclerheft"},"content":{"rendered":"<p>Das Sch\u00fclerheft zu Projekt B2 neu bietet Hilfen zu den beiden Modulen SCHREIBEN und SPRECHEN.F\u00fcr das Modul SCHREIBEN erhalten die Lernenden detaillierte Informationen und Tipps zu den geforderten Textsorten, eine umfassende Liste mit Redemitteln sowie jeweils einen Beispieltext f\u00fcr Teil 1 und Teil 2. Es folgen zu allen Schreibanl\u00e4ssen des Testbuchs ausf\u00fchrliche Wortschatzhilfen, die den Lernenden bei der Formulierung eigener Texte helfen.F\u00fcr das Modul SPRECHEN finden die Lernenden Informationen zum Pr\u00fcfungsablauf und zu den Anforderungen f\u00fcr beide Aufgaben sowie jeweils eine Beispielantwort f\u00fcr Teil 1 und Teil 2 des Moduls.Daneben bietet das Sch\u00fclerheft ein reiches Repertoire an Redemitteln sowie umfangreiche Wortschatzhilfen f\u00fcr alle Sprechanl\u00e4sse des Testbuchs.<\/p>\n","protected":false},"excerpt":{"rendered":"<p>Das Sch\u00fclerheft zu Projekt B2 neu bietet Hilfen zu den beiden Modulen SCHREIBEN und SPRECHEN.F\u00fcr das Modul SCHREIBEN erhalten die Lernenden detaillierte Informationen und Tipps zu den geforderten Textsorten, eine umfassende Liste mit Redemitteln sowie jeweils einen Beispieltext f\u00fcr Teil&#8230;<\/p>\n","protected":false},"featured_media":423775,"template":"","meta":{"_acf_changed":false,"inline_featured_image":false},"product_brand":[],"product_cat":[507],"product_tag":[],"series":[{"id":1313,"name":"Projekt","slug":"projekt"}],"publisher":[{"id":1297,"name":"Karabatos Verlag","slug":"karabatos-verlag"}],"class_list":{"0":"post-166267","1":"product","2":"type-product","3":"status-publish","4":"has-post-thumbnail","6":"product_cat-prufungsvorbereitung","7":"series-projekt","8":"publisher-karabatos-verlag","10":"first","11":"onbackorder","12":"taxable","13":"shipping-taxable","14":"purchasable","15":"product-type-simple"},"acf":[],"_links":{"self":[{"href":"https:\/\/exlibris.ee\/ru\/wp-json\/wp\/v2\/product\/166267","targetHints":{"allow":["GET"]}}],"collection":[{"href":"https:\/\/exlibris.ee\/ru\/wp-json\/wp\/v2\/product"}],"about":[{"href":"https:\/\/exlibris.ee\/ru\/wp-json\/wp\/v2\/types\/product"}],"wp:featuredmedia":[{"embeddable":true,"href":"https:\/\/exlibris.ee\/ru\/wp-json\/wp\/v2\/media\/423775"}],"wp:attachment":[{"href":"https:\/\/exlibris.ee\/ru\/wp-json\/wp\/v2\/media?parent=166267"}],"wp:term":[{"taxonomy":"product_brand","embeddable":true,"href":"https:\/\/exlibris.ee\/ru\/wp-json\/wp\/v2\/product_brand?post=166267"},{"taxonomy":"product_cat","embeddable":true,"href":"https:\/\/exlibris.ee\/ru\/wp-json\/wp\/v2\/product_cat?post=166267"},{"taxonomy":"product_tag","embeddable":true,"href":"https:\/\/exlibris.ee\/ru\/wp-json\/wp\/v2\/product_tag?post=166267"},{"taxonomy":"series","embeddable":true,"href":"https:\/\/exlibris.ee\/ru\/wp-json\/wp\/v2\/series?post=166267"},{"taxonomy":"publisher","embeddable":true,"href":"https:\/\/exlibris.ee\/ru\/wp-json\/wp\/v2\/publisher?post=166267"}],"curies":[{"name":"wp","href":"https:\/\/api.w.org\/{rel}","templated":true}]}}