{"id":166269,"date":"2026-02-13T21:17:21","date_gmt":"2026-02-13T19:17:21","guid":{"rendered":"https:\/\/exlibris.ee\/toode\/projekt-osd-b2-schreiben-sprechen-schulerheft\/"},"modified":"2026-04-23T05:57:56","modified_gmt":"2026-04-23T02:57:56","slug":"projekt-osd-b2-schreiben-sprechen-schulerheft","status":"publish","type":"product","link":"https:\/\/exlibris.ee\/ru\/produkt\/projekt-osd-b2-schreiben-sprechen-schulerheft\/","title":{"rendered":"Projekt \u00d6SD B2\/Schreiben \u2013 Sprechen \/ Sch\u00fclerheft"},"content":{"rendered":"<p>Niveau B2 Das Sch\u00fclerheft zu Projekt \u00d6SD B2 bietet Hilfen f\u00fcr die beiden Fertigkeiten SCHREIBEN und SPRECHEN. F\u00fcr die Fertigkeit SCHREIBEN erhalten die Lernenden einleitend detaillierte Informationen und Tipps zu den geforderten Textsorten, f\u00fcr beide Aufgaben je ein Beispiel mit einem Mustertext, Listen mit Redemitteln sowie eine Checkliste als Richtlinie f\u00fcr die Korrektur eigener Texte. Es folgt zu allen Schreibaufgaben des Testbuchs eine Sammlung von Ideen und Formulierungshilfen, aus denen die Lernenden ausw\u00e4hlen oder durch die sie sich inspirieren lassen k\u00f6nnen. F\u00fcr die Fertigkeit SPRECHEN erhalten die Lernenden einleitend Informationen zum Pr\u00fcfungsablauf, detaillierte Erl\u00e4uterungen und Tipps zu den drei Pr\u00fcfungsaufgaben, je ein Beispiel mit einer Musterantwort f\u00fcr alle drei Aufgaben sowie Listen mit Redemitteln. Es folgen umfangreiche Wortschatzhilfen zu allen Sprechaufgaben des Testbuchs.<\/p>\n","protected":false},"excerpt":{"rendered":"<p>Niveau B2 Das Sch\u00fclerheft zu Projekt \u00d6SD B2 bietet Hilfen f\u00fcr die beiden Fertigkeiten SCHREIBEN und SPRECHEN. F\u00fcr die Fertigkeit SCHREIBEN erhalten die Lernenden einleitend detaillierte Informationen und Tipps zu den geforderten Textsorten, f\u00fcr beide Aufgaben je ein Beispiel mit&#8230;<\/p>\n","protected":false},"featured_media":423783,"template":"","meta":{"_acf_changed":false,"inline_featured_image":false},"product_brand":[],"product_cat":[507],"product_tag":[],"series":[{"id":1313,"name":"Projekt","slug":"projekt"}],"publisher":[{"id":1297,"name":"Karabatos Verlag","slug":"karabatos-verlag"}],"class_list":{"0":"post-166269","1":"product","2":"type-product","3":"status-publish","4":"has-post-thumbnail","6":"product_cat-prufungsvorbereitung","7":"series-projekt","8":"publisher-karabatos-verlag","10":"first","11":"onbackorder","12":"taxable","13":"shipping-taxable","14":"purchasable","15":"product-type-simple"},"acf":[],"_links":{"self":[{"href":"https:\/\/exlibris.ee\/ru\/wp-json\/wp\/v2\/product\/166269","targetHints":{"allow":["GET"]}}],"collection":[{"href":"https:\/\/exlibris.ee\/ru\/wp-json\/wp\/v2\/product"}],"about":[{"href":"https:\/\/exlibris.ee\/ru\/wp-json\/wp\/v2\/types\/product"}],"wp:featuredmedia":[{"embeddable":true,"href":"https:\/\/exlibris.ee\/ru\/wp-json\/wp\/v2\/media\/423783"}],"wp:attachment":[{"href":"https:\/\/exlibris.ee\/ru\/wp-json\/wp\/v2\/media?parent=166269"}],"wp:term":[{"taxonomy":"product_brand","embeddable":true,"href":"https:\/\/exlibris.ee\/ru\/wp-json\/wp\/v2\/product_brand?post=166269"},{"taxonomy":"product_cat","embeddable":true,"href":"https:\/\/exlibris.ee\/ru\/wp-json\/wp\/v2\/product_cat?post=166269"},{"taxonomy":"product_tag","embeddable":true,"href":"https:\/\/exlibris.ee\/ru\/wp-json\/wp\/v2\/product_tag?post=166269"},{"taxonomy":"series","embeddable":true,"href":"https:\/\/exlibris.ee\/ru\/wp-json\/wp\/v2\/series?post=166269"},{"taxonomy":"publisher","embeddable":true,"href":"https:\/\/exlibris.ee\/ru\/wp-json\/wp\/v2\/publisher?post=166269"}],"curies":[{"name":"wp","href":"https:\/\/api.w.org\/{rel}","templated":true}]}}