{"id":166277,"date":"2026-02-13T21:18:44","date_gmt":"2026-02-13T19:18:44","guid":{"rendered":"https:\/\/exlibris.ee\/toode\/ein-tolles-team-b1-arbeitsbuch-interaktive-version\/"},"modified":"2026-04-23T05:57:58","modified_gmt":"2026-04-23T02:57:58","slug":"ein-tolles-team-b1-arbeitsbuch-interaktive-version","status":"publish","type":"product","link":"https:\/\/exlibris.ee\/ru\/produkt\/ein-tolles-team-b1-arbeitsbuch-interaktive-version\/","title":{"rendered":"Ein tolles Team B1 \/ Arbeitsbuch \u2013 Interaktive Version"},"content":{"rendered":"<p>Das DaF-Lehrwerk f\u00fcr Jugendliche stellt in zahlreichen kompetenzorientierten und motivierenden Aktivit\u00e4ten die Kommunikation und Interaktion in der Klasse in den Vordergrund. Ein tolles Team begleitet die Lernenden mit jugendlichen Protagonistinnen und Protagonisten durch die Lektionen, zeigt deren Interessen und Lebenswelten und weckt Neugierde mit alltagsnahen Themen und Geschichten.Ein Halbband besteht aus Kursbuch und Arbeitsbuch.Kursbuch mit 5 Lektionen unterteilt in die Abschnitte A, B und C und pro Lektion passgenaue Aussprache- und Fertigkeiten-Trainings, Landeskunde-Aktivit\u00e4ten, Projekte, Videos sowie \u00dcbersichten zu Grammatik und Redemitteln. Arbeitsbuch: abwechslungsreiche \u00dcbungen zu Grammatik, Wortschatz und Redemitteln sowie Lernwortschatz mit Beispiels\u00e4tzen<\/p>\n","protected":false},"excerpt":{"rendered":"<p>Das DaF-Lehrwerk f\u00fcr Jugendliche stellt in zahlreichen kompetenzorientierten und motivierenden Aktivit\u00e4ten die Kommunikation und Interaktion in der Klasse in den Vordergrund. Ein tolles Team begleitet die Lernenden mit jugendlichen Protagonistinnen und Protagonisten durch die Lektionen, zeigt deren Interessen und Lebenswelten&#8230;<\/p>\n","protected":false},"featured_media":0,"template":"","meta":{"_acf_changed":false,"inline_featured_image":false},"product_brand":[],"product_cat":[477],"product_tag":[],"series":[{"id":979,"name":"Ein tolles Team","slug":"ein-tolles-team"}],"publisher":[{"id":497,"name":"Hueber Verlag","slug":"hueber-verlag"}],"class_list":{"0":"post-166277","1":"product","2":"type-product","3":"status-publish","5":"product_cat-lehrwerke-fur-jugendliche","6":"series-ein-tolles-team","7":"publisher-hueber-verlag","9":"first","10":"onbackorder","11":"taxable","12":"shipping-taxable","13":"purchasable","14":"product-type-simple"},"acf":[],"_links":{"self":[{"href":"https:\/\/exlibris.ee\/ru\/wp-json\/wp\/v2\/product\/166277","targetHints":{"allow":["GET"]}}],"collection":[{"href":"https:\/\/exlibris.ee\/ru\/wp-json\/wp\/v2\/product"}],"about":[{"href":"https:\/\/exlibris.ee\/ru\/wp-json\/wp\/v2\/types\/product"}],"wp:attachment":[{"href":"https:\/\/exlibris.ee\/ru\/wp-json\/wp\/v2\/media?parent=166277"}],"wp:term":[{"taxonomy":"product_brand","embeddable":true,"href":"https:\/\/exlibris.ee\/ru\/wp-json\/wp\/v2\/product_brand?post=166277"},{"taxonomy":"product_cat","embeddable":true,"href":"https:\/\/exlibris.ee\/ru\/wp-json\/wp\/v2\/product_cat?post=166277"},{"taxonomy":"product_tag","embeddable":true,"href":"https:\/\/exlibris.ee\/ru\/wp-json\/wp\/v2\/product_tag?post=166277"},{"taxonomy":"series","embeddable":true,"href":"https:\/\/exlibris.ee\/ru\/wp-json\/wp\/v2\/series?post=166277"},{"taxonomy":"publisher","embeddable":true,"href":"https:\/\/exlibris.ee\/ru\/wp-json\/wp\/v2\/publisher?post=166277"}],"curies":[{"name":"wp","href":"https:\/\/api.w.org\/{rel}","templated":true}]}}