{"id":166278,"date":"2026-02-13T21:18:44","date_gmt":"2026-02-13T19:18:44","guid":{"rendered":"https:\/\/exlibris.ee\/toode\/grammatikland-b1-ubungsgrammatik-fur-kinder-und-jugendliche-mit-mp3-download\/"},"modified":"2026-04-12T11:39:03","modified_gmt":"2026-04-12T08:39:03","slug":"grammatikland-b1-ubungsgrammatik-fur-kinder-und-jugendliche-mit-mp3-download","status":"publish","type":"product","link":"https:\/\/exlibris.ee\/ru\/produkt\/grammatikland-b1-ubungsgrammatik-fur-kinder-und-jugendliche-mit-mp3-download\/","title":{"rendered":"Grammatikland B1\/\u00dcbungsgrammatik f\u00fcr Kinder und Jugendliche mit MP3-Download"},"content":{"rendered":"<p>Kann parallel zu jedem Kinder- und Jugendlichenlehrwerk B1 eingesetzt werden.\u2022 systematische und kleinschrittige Darstellung der grammatischen Strukturen mit einfachen Visualisierungshilfen. \u2022 sparsamer Umgang mit Terminologie.\u2022 einfacher Wortschatz.  zahlreiche bunte Zeichnungen und fantasievolle \u00dcbungen mit langsam steigendem Schwierigkeitsgrad.\u2022 alltagsorientierte Themen und eine lustige Gestaltung, die das spontane Interesse junger Sch\u00fcler:innen wecken.\u2022 Lieder, Spiele und m\u00fcndliche Grammatik\u00fcbungen mit akustischem Stimulus f\u00fcr jeden Lernertyp.\u2022 Das Lehrerbuch enth\u00e4lt das gesamte Sch\u00fclerbuch mit den L\u00f6sungen aller \u00dcbungen in Rot eingetragen sowie die Transkriptionen der m\u00fcndlichen Grammatik\u00fcbungen.<\/p>\n","protected":false},"excerpt":{"rendered":"<p>Kann parallel zu jedem Kinder- und Jugendlichenlehrwerk B1 eingesetzt werden.\u2022 systematische und kleinschrittige Darstellung der grammatischen Strukturen mit einfachen Visualisierungshilfen. \u2022 sparsamer Umgang mit Terminologie.\u2022 einfacher Wortschatz. zahlreiche bunte Zeichnungen und fantasievolle \u00dcbungen mit langsam steigendem Schwierigkeitsgrad.\u2022 alltagsorientierte Themen und&#8230;<\/p>\n","protected":false},"featured_media":0,"template":"","meta":{"_acf_changed":false,"inline_featured_image":false},"product_brand":[],"product_cat":[480],"product_tag":[],"series":[{"id":2131,"name":"Grammatikland","slug":"grammatikland"}],"publisher":[{"id":1297,"name":"Karabatos Verlag","slug":"karabatos-verlag"}],"class_list":{"0":"post-166278","1":"product","2":"type-product","3":"status-publish","5":"product_cat-grammatiken","6":"series-grammatikland","7":"publisher-karabatos-verlag","9":"first","10":"onbackorder","11":"taxable","12":"shipping-taxable","13":"purchasable","14":"product-type-simple"},"acf":[],"_links":{"self":[{"href":"https:\/\/exlibris.ee\/ru\/wp-json\/wp\/v2\/product\/166278","targetHints":{"allow":["GET"]}}],"collection":[{"href":"https:\/\/exlibris.ee\/ru\/wp-json\/wp\/v2\/product"}],"about":[{"href":"https:\/\/exlibris.ee\/ru\/wp-json\/wp\/v2\/types\/product"}],"wp:attachment":[{"href":"https:\/\/exlibris.ee\/ru\/wp-json\/wp\/v2\/media?parent=166278"}],"wp:term":[{"taxonomy":"product_brand","embeddable":true,"href":"https:\/\/exlibris.ee\/ru\/wp-json\/wp\/v2\/product_brand?post=166278"},{"taxonomy":"product_cat","embeddable":true,"href":"https:\/\/exlibris.ee\/ru\/wp-json\/wp\/v2\/product_cat?post=166278"},{"taxonomy":"product_tag","embeddable":true,"href":"https:\/\/exlibris.ee\/ru\/wp-json\/wp\/v2\/product_tag?post=166278"},{"taxonomy":"series","embeddable":true,"href":"https:\/\/exlibris.ee\/ru\/wp-json\/wp\/v2\/series?post=166278"},{"taxonomy":"publisher","embeddable":true,"href":"https:\/\/exlibris.ee\/ru\/wp-json\/wp\/v2\/publisher?post=166278"}],"curies":[{"name":"wp","href":"https:\/\/api.w.org\/{rel}","templated":true}]}}