{"id":166279,"date":"2026-02-13T21:18:44","date_gmt":"2026-02-13T19:18:44","guid":{"rendered":"https:\/\/exlibris.ee\/toode\/grammatikland-b1-lehrerbuch\/"},"modified":"2026-04-10T09:55:14","modified_gmt":"2026-04-10T06:55:14","slug":"grammatikland-b1-lehrerbuch","status":"publish","type":"product","link":"https:\/\/exlibris.ee\/ru\/produkt\/grammatikland-b1-lehrerbuch\/","title":{"rendered":"Grammatikland B1\/Lehrerbuch"},"content":{"rendered":"<p>Das Lehrerbuch enth\u00e4lt das gesamte Sch\u00fclerbuch mit den L\u00f6sungen aller \u00dcbungen in Rot eingetragen sowie die Transkriptionen der m\u00fcndlichen Grammatik\u00fcbungen.<\/p>\n","protected":false},"excerpt":{"rendered":"<p>Das Lehrerbuch enth\u00e4lt das gesamte Sch\u00fclerbuch mit den L\u00f6sungen aller \u00dcbungen in Rot eingetragen sowie die Transkriptionen der m\u00fcndlichen Grammatik\u00fcbungen.<\/p>\n","protected":false},"featured_media":0,"template":"","meta":{"_acf_changed":false,"inline_featured_image":false},"product_brand":[],"product_cat":[480],"product_tag":[],"series":[{"id":2131,"name":"Grammatikland","slug":"grammatikland"}],"publisher":[{"id":1297,"name":"Karabatos Verlag","slug":"karabatos-verlag"}],"class_list":{"0":"post-166279","1":"product","2":"type-product","3":"status-publish","5":"product_cat-grammatiken","6":"series-grammatikland","7":"publisher-karabatos-verlag","9":"first","10":"outofstock","11":"taxable","12":"shipping-taxable","13":"purchasable","14":"product-type-simple"},"acf":[],"_links":{"self":[{"href":"https:\/\/exlibris.ee\/ru\/wp-json\/wp\/v2\/product\/166279","targetHints":{"allow":["GET"]}}],"collection":[{"href":"https:\/\/exlibris.ee\/ru\/wp-json\/wp\/v2\/product"}],"about":[{"href":"https:\/\/exlibris.ee\/ru\/wp-json\/wp\/v2\/types\/product"}],"wp:attachment":[{"href":"https:\/\/exlibris.ee\/ru\/wp-json\/wp\/v2\/media?parent=166279"}],"wp:term":[{"taxonomy":"product_brand","embeddable":true,"href":"https:\/\/exlibris.ee\/ru\/wp-json\/wp\/v2\/product_brand?post=166279"},{"taxonomy":"product_cat","embeddable":true,"href":"https:\/\/exlibris.ee\/ru\/wp-json\/wp\/v2\/product_cat?post=166279"},{"taxonomy":"product_tag","embeddable":true,"href":"https:\/\/exlibris.ee\/ru\/wp-json\/wp\/v2\/product_tag?post=166279"},{"taxonomy":"series","embeddable":true,"href":"https:\/\/exlibris.ee\/ru\/wp-json\/wp\/v2\/series?post=166279"},{"taxonomy":"publisher","embeddable":true,"href":"https:\/\/exlibris.ee\/ru\/wp-json\/wp\/v2\/publisher?post=166279"}],"curies":[{"name":"wp","href":"https:\/\/api.w.org\/{rel}","templated":true}]}}