{"id":166283,"date":"2026-02-13T21:18:45","date_gmt":"2026-02-13T19:18:45","guid":{"rendered":"https:\/\/exlibris.ee\/toode\/der-fremde-mit-der-maske-tiergeschichten-lekture-fur-kinder\/"},"modified":"2026-04-27T07:30:56","modified_gmt":"2026-04-27T04:30:56","slug":"der-fremde-mit-der-maske-tiergeschichten-lekture-fur-kinder","status":"publish","type":"product","link":"https:\/\/exlibris.ee\/ru\/produkt\/der-fremde-mit-der-maske-tiergeschichten-lekture-fur-kinder\/","title":{"rendered":"Der Fremde mit der Maske\/Tiergeschichten \/ Lekt\u00fcre f\u00fcr Kinder"},"content":{"rendered":"<p>Als das Meisennest gepl\u00fcndert wird, ist Elias emp\u00f6rt. War das die Nachbarskatze Maunzi? Oder wirklich ein Fremder mit Maske, wie der griesgr\u00e4mige Herr Kr\u00e4tzig vermutet? Zusammen mit seiner neuen Freundin Vicky, der Enkelin von Herrn Kr\u00e4tzig, kommt Elias dem \u00dcbelt\u00e4ter auf die Spur: Es ist ein Waschb\u00e4r und er braucht Hilfe! Frech, niedlich und \u00fcberaus geschickt Waschb\u00e4ren faszinieren Kinder.<\/p>\n","protected":false},"excerpt":{"rendered":"<p>Als das Meisennest gepl\u00fcndert wird, ist Elias emp\u00f6rt. War das die Nachbarskatze Maunzi? Oder wirklich ein Fremder mit Maske, wie der griesgr\u00e4mige Herr Kr\u00e4tzig vermutet? Zusammen mit seiner neuen Freundin Vicky, der Enkelin von Herrn Kr\u00e4tzig, kommt Elias dem \u00dcbelt\u00e4ter&#8230;<\/p>\n","protected":false},"featured_media":507682,"template":"","meta":{"_acf_changed":false,"inline_featured_image":false},"product_brand":[],"product_cat":[851],"product_tag":[],"series":[],"publisher":[{"id":2104,"name":"Hase und Igel Verlag","slug":"hase-und-igel-verlag"}],"class_list":{"0":"post-166283","1":"product","2":"type-product","3":"status-publish","4":"has-post-thumbnail","6":"product_cat-lesetexte-deutsch","7":"publisher-hase-und-igel-verlag","9":"first","10":"onbackorder","11":"taxable","12":"shipping-taxable","13":"purchasable","14":"product-type-simple"},"acf":[],"_links":{"self":[{"href":"https:\/\/exlibris.ee\/ru\/wp-json\/wp\/v2\/product\/166283","targetHints":{"allow":["GET"]}}],"collection":[{"href":"https:\/\/exlibris.ee\/ru\/wp-json\/wp\/v2\/product"}],"about":[{"href":"https:\/\/exlibris.ee\/ru\/wp-json\/wp\/v2\/types\/product"}],"wp:featuredmedia":[{"embeddable":true,"href":"https:\/\/exlibris.ee\/ru\/wp-json\/wp\/v2\/media\/507682"}],"wp:attachment":[{"href":"https:\/\/exlibris.ee\/ru\/wp-json\/wp\/v2\/media?parent=166283"}],"wp:term":[{"taxonomy":"product_brand","embeddable":true,"href":"https:\/\/exlibris.ee\/ru\/wp-json\/wp\/v2\/product_brand?post=166283"},{"taxonomy":"product_cat","embeddable":true,"href":"https:\/\/exlibris.ee\/ru\/wp-json\/wp\/v2\/product_cat?post=166283"},{"taxonomy":"product_tag","embeddable":true,"href":"https:\/\/exlibris.ee\/ru\/wp-json\/wp\/v2\/product_tag?post=166283"},{"taxonomy":"series","embeddable":true,"href":"https:\/\/exlibris.ee\/ru\/wp-json\/wp\/v2\/series?post=166283"},{"taxonomy":"publisher","embeddable":true,"href":"https:\/\/exlibris.ee\/ru\/wp-json\/wp\/v2\/publisher?post=166283"}],"curies":[{"name":"wp","href":"https:\/\/api.w.org\/{rel}","templated":true}]}}