{"id":166285,"date":"2026-02-13T21:18:45","date_gmt":"2026-02-13T19:18:45","guid":{"rendered":"https:\/\/exlibris.ee\/toode\/der-fremde-mit-der-maske-tiergeschichten-materialien-und-kopiervorlagen-zur-klassenlekture\/"},"modified":"2026-04-26T13:30:54","modified_gmt":"2026-04-26T10:30:54","slug":"der-fremde-mit-der-maske-tiergeschichten-materialien-und-kopiervorlagen-zur-klassenlekture","status":"publish","type":"product","link":"https:\/\/exlibris.ee\/ru\/produkt\/der-fremde-mit-der-maske-tiergeschichten-materialien-und-kopiervorlagen-zur-klassenlekture\/","title":{"rendered":"Der Fremde mit der Maske Tiergeschichten \/ Materialien und Kopiervorlagen zur Klassenlekt\u00fcre"},"content":{"rendered":"<p>Das Unterrichtsmaterial pr\u00fcft und sichert die Textkenntnis und liefert spannende Informationen zum Waschb\u00e4ren: Wie sehen die Tiere aus? Wovon ern\u00e4hren sie sich? Was ist eine invasive Art? Wodurch zeichnen sich Allesfresser und Nesthocker aus? Au\u00dferdem wird auf die Rolle des Waschb\u00e4ren in unserem Naturraum eingegangen: Wie kann ein friedliches Miteinander mit dem kleinen Raubtier gelingen? Abwechslungsreiche Aufgabenstellungen motivieren die Sch\u00fcler.innen ebenso wie f\u00e4cher\u00fcbergreifende Bez\u00fcge, die zus\u00e4tzlich einen handlungsorientierten und ganzheitlichen Lernansatz f\u00f6rdern: Ein Hosentaschenb\u00fcchlein sammelt zuvor erarbeitetes Sachwissen, ein Waschb\u00e4r-Song sorgt f\u00fcr gute Stimmung, das Waschb\u00e4r-Origami bereichert den Kunstunterricht oder f\u00fcllt Freiarbeitsphasen. Auch sprachlich werden die Kinder kreativ, wenn sie ein Waschb\u00e4r-Elfchen dichten.<\/p>\n","protected":false},"excerpt":{"rendered":"<p>Das Unterrichtsmaterial pr\u00fcft und sichert die Textkenntnis und liefert spannende Informationen zum Waschb\u00e4ren: Wie sehen die Tiere aus? Wovon ern\u00e4hren sie sich? Was ist eine invasive Art? Wodurch zeichnen sich Allesfresser und Nesthocker aus? Au\u00dferdem wird auf die Rolle des&#8230;<\/p>\n","protected":false},"featured_media":490942,"template":"","meta":{"_acf_changed":false,"inline_featured_image":false},"product_brand":[],"product_cat":[851],"product_tag":[],"series":[],"publisher":[{"id":2104,"name":"Hase und Igel Verlag","slug":"hase-und-igel-verlag"}],"class_list":{"0":"post-166285","1":"product","2":"type-product","3":"status-publish","4":"has-post-thumbnail","6":"product_cat-lesetexte-deutsch","7":"publisher-hase-und-igel-verlag","9":"first","10":"onbackorder","11":"taxable","12":"shipping-taxable","13":"purchasable","14":"product-type-simple"},"acf":[],"_links":{"self":[{"href":"https:\/\/exlibris.ee\/ru\/wp-json\/wp\/v2\/product\/166285","targetHints":{"allow":["GET"]}}],"collection":[{"href":"https:\/\/exlibris.ee\/ru\/wp-json\/wp\/v2\/product"}],"about":[{"href":"https:\/\/exlibris.ee\/ru\/wp-json\/wp\/v2\/types\/product"}],"wp:featuredmedia":[{"embeddable":true,"href":"https:\/\/exlibris.ee\/ru\/wp-json\/wp\/v2\/media\/490942"}],"wp:attachment":[{"href":"https:\/\/exlibris.ee\/ru\/wp-json\/wp\/v2\/media?parent=166285"}],"wp:term":[{"taxonomy":"product_brand","embeddable":true,"href":"https:\/\/exlibris.ee\/ru\/wp-json\/wp\/v2\/product_brand?post=166285"},{"taxonomy":"product_cat","embeddable":true,"href":"https:\/\/exlibris.ee\/ru\/wp-json\/wp\/v2\/product_cat?post=166285"},{"taxonomy":"product_tag","embeddable":true,"href":"https:\/\/exlibris.ee\/ru\/wp-json\/wp\/v2\/product_tag?post=166285"},{"taxonomy":"series","embeddable":true,"href":"https:\/\/exlibris.ee\/ru\/wp-json\/wp\/v2\/series?post=166285"},{"taxonomy":"publisher","embeddable":true,"href":"https:\/\/exlibris.ee\/ru\/wp-json\/wp\/v2\/publisher?post=166285"}],"curies":[{"name":"wp","href":"https:\/\/api.w.org\/{rel}","templated":true}]}}