{"id":166286,"date":"2026-02-13T21:18:45","date_gmt":"2026-02-13T19:18:45","guid":{"rendered":"https:\/\/exlibris.ee\/toode\/zertifikat-b1-neu-schreiben-sprechen-schulerheft\/"},"modified":"2026-04-18T17:19:00","modified_gmt":"2026-04-18T14:19:00","slug":"zertifikat-b1-neu-schreiben-sprechen-schulerheft","status":"publish","type":"product","link":"https:\/\/exlibris.ee\/ru\/produkt\/zertifikat-b1-neu-schreiben-sprechen-schulerheft\/","title":{"rendered":"Zertifikat B1 neu\/Schreiben &#8212; Sprechen \/ Sch\u00fclerheft"},"content":{"rendered":"<p>Das Sch\u00fclerheft bietet Hilfen zu den Pr\u00fcfungsaufgaben der Module Schreiben und Sprechen.F\u00fcr das Modul Schreiben finden die Lernenden Hinweise zu den formalen Aspekten aller drei Aufgaben sowie allgemeing\u00fcltige Redemittel, die in Aufgabenbeispielen angewendet werden. F\u00fcr alle Schreibanl\u00e4sse in den Aufgaben 1 und 2 des Testbuchs gibt es Inhaltspunkte und Wortschatzhilfen, die dem Lerner bei der Formulierung eigener Texte helfen.Das Sch\u00fclerheft enth\u00e4lt zum Modul Sprechen Informationen zum Pr\u00fcfungsablauf und eine Beispielpr\u00fcfung. Zu allen Pr\u00fcfungsaufgaben des Testbuchs gibt es Redemittel und detaillierte Wortschatzhilfen.<\/p>\n","protected":false},"excerpt":{"rendered":"<p>Das Sch\u00fclerheft bietet Hilfen zu den Pr\u00fcfungsaufgaben der Module Schreiben und Sprechen.F\u00fcr das Modul Schreiben finden die Lernenden Hinweise zu den formalen Aspekten aller drei Aufgaben sowie allgemeing\u00fcltige Redemittel, die in Aufgabenbeispielen angewendet werden. F\u00fcr alle Schreibanl\u00e4sse in den Aufgaben&#8230;<\/p>\n","protected":false},"featured_media":338614,"template":"","meta":{"_acf_changed":false,"inline_featured_image":false},"product_brand":[],"product_cat":[507],"product_tag":[],"series":[{"id":1318,"name":"Zertifikat B1","slug":"zertifikat-b1"}],"publisher":[{"id":1297,"name":"Karabatos Verlag","slug":"karabatos-verlag"}],"class_list":{"0":"post-166286","1":"product","2":"type-product","3":"status-publish","4":"has-post-thumbnail","6":"product_cat-prufungsvorbereitung","7":"series-zertifikat-b1","8":"publisher-karabatos-verlag","10":"first","11":"onbackorder","12":"taxable","13":"shipping-taxable","14":"purchasable","15":"product-type-simple"},"acf":[],"_links":{"self":[{"href":"https:\/\/exlibris.ee\/ru\/wp-json\/wp\/v2\/product\/166286","targetHints":{"allow":["GET"]}}],"collection":[{"href":"https:\/\/exlibris.ee\/ru\/wp-json\/wp\/v2\/product"}],"about":[{"href":"https:\/\/exlibris.ee\/ru\/wp-json\/wp\/v2\/types\/product"}],"wp:featuredmedia":[{"embeddable":true,"href":"https:\/\/exlibris.ee\/ru\/wp-json\/wp\/v2\/media\/338614"}],"wp:attachment":[{"href":"https:\/\/exlibris.ee\/ru\/wp-json\/wp\/v2\/media?parent=166286"}],"wp:term":[{"taxonomy":"product_brand","embeddable":true,"href":"https:\/\/exlibris.ee\/ru\/wp-json\/wp\/v2\/product_brand?post=166286"},{"taxonomy":"product_cat","embeddable":true,"href":"https:\/\/exlibris.ee\/ru\/wp-json\/wp\/v2\/product_cat?post=166286"},{"taxonomy":"product_tag","embeddable":true,"href":"https:\/\/exlibris.ee\/ru\/wp-json\/wp\/v2\/product_tag?post=166286"},{"taxonomy":"series","embeddable":true,"href":"https:\/\/exlibris.ee\/ru\/wp-json\/wp\/v2\/series?post=166286"},{"taxonomy":"publisher","embeddable":true,"href":"https:\/\/exlibris.ee\/ru\/wp-json\/wp\/v2\/publisher?post=166286"}],"curies":[{"name":"wp","href":"https:\/\/api.w.org\/{rel}","templated":true}]}}