{"id":166303,"date":"2026-02-13T21:21:19","date_gmt":"2026-02-13T19:21:19","guid":{"rendered":"https:\/\/exlibris.ee\/toode\/der-weihnachtsschatz-lesehasen-bucherei-materialien-und-kopiervorlagen-zur-klassenlekture\/"},"modified":"2026-05-03T11:30:40","modified_gmt":"2026-05-03T08:30:40","slug":"der-weihnachtsschatz-lesehasen-bucherei-materialien-und-kopiervorlagen-zur-klassenlekture","status":"publish","type":"product","link":"https:\/\/exlibris.ee\/ru\/produkt\/der-weihnachtsschatz-lesehasen-bucherei-materialien-und-kopiervorlagen-zur-klassenlekture\/","title":{"rendered":"Der Weihnachtsschatz\/Lesehasen-B\u00fccherei \/ Materialien und Kopiervorlagen zur Klassenlekt\u00fcre"},"content":{"rendered":"<p>Das Material unterst\u00fctzt und bereichert Ihren Unterricht durch einen Lehrerteil, abwechslungsreiche Kopiervorlagen und ein W\u00fcrfelspiel zur Weihnachtsschatzsuche. Der Lehrerteil bietet inhaltliche und didaktische Ausf\u00fchrungen zu jedem Kapitel. Gespr\u00e4chsanl\u00e4sse und Anregungen f\u00fcr den Unterricht werden durch zus\u00e4tzliche Informationen und Differenzierungsangebote erg\u00e4nzt.Die Kopiervorlagen erm\u00f6glichen eine intensive Textarbeit und gleichzeitig einen vielseitigen Einsatz der Lekt\u00fcre in der Adventszeit. Spracherfahrungen und Sprachhandlungen werden in wechselnde Aufgabenstellungen eingebaut. \u00dcbungen und Fragen erleichtern das inhaltliche Erschlie\u00dfen der Lekt\u00fcre und unterst\u00fctzen die Kinder dabei, selbstst\u00e4ndig Informationen aus den Texteinheiten zu entnehmen. Lernbereiche des Deutschunterrichts werden kombiniert mit mathematisch und sachunterrichtlich orientierten Lerninhalten und erg\u00e4nzt durch vorweihnachtliche Arbeitsangebote. Ankn\u00fcpfend an die Lekt\u00fcre rechnen die Sch\u00fcler beispielsweise aus, wie viel Geld die drei Geschwister von dem Weihnachtsschatz schon ausgegeben haben.Sachthemen aus dem Buch, wie Hund, Wetter oder gesunde Ern\u00e4hrung, werden in abwechslungsreichen Aufgabenstellungen ebenfalls aufgegriffen. Schlie\u00dflich lassen Informationstexte zum heiligen Nikolaus, zu Weihnachtsbr\u00e4uchen in anderen L\u00e4ndern oder Bastelideen weihnachtliche Stimmung aufkommen.<\/p>\n","protected":false},"excerpt":{"rendered":"<p>Das Material unterst\u00fctzt und bereichert Ihren Unterricht durch einen Lehrerteil, abwechslungsreiche Kopiervorlagen und ein W\u00fcrfelspiel zur Weihnachtsschatzsuche. Der Lehrerteil bietet inhaltliche und didaktische Ausf\u00fchrungen zu jedem Kapitel. Gespr\u00e4chsanl\u00e4sse und Anregungen f\u00fcr den Unterricht werden durch zus\u00e4tzliche Informationen und Differenzierungsangebote erg\u00e4nzt.Die&#8230;<\/p>\n","protected":false},"featured_media":626311,"template":"","meta":{"_acf_changed":false,"inline_featured_image":false},"product_brand":[],"product_cat":[851],"product_tag":[],"series":[],"publisher":[{"id":2104,"name":"Hase und Igel Verlag","slug":"hase-und-igel-verlag"}],"class_list":{"0":"post-166303","1":"product","2":"type-product","3":"status-publish","4":"has-post-thumbnail","6":"product_cat-lesetexte-deutsch","7":"publisher-hase-und-igel-verlag","9":"first","10":"onbackorder","11":"taxable","12":"shipping-taxable","13":"purchasable","14":"product-type-simple"},"acf":[],"_links":{"self":[{"href":"https:\/\/exlibris.ee\/ru\/wp-json\/wp\/v2\/product\/166303","targetHints":{"allow":["GET"]}}],"collection":[{"href":"https:\/\/exlibris.ee\/ru\/wp-json\/wp\/v2\/product"}],"about":[{"href":"https:\/\/exlibris.ee\/ru\/wp-json\/wp\/v2\/types\/product"}],"wp:featuredmedia":[{"embeddable":true,"href":"https:\/\/exlibris.ee\/ru\/wp-json\/wp\/v2\/media\/626311"}],"wp:attachment":[{"href":"https:\/\/exlibris.ee\/ru\/wp-json\/wp\/v2\/media?parent=166303"}],"wp:term":[{"taxonomy":"product_brand","embeddable":true,"href":"https:\/\/exlibris.ee\/ru\/wp-json\/wp\/v2\/product_brand?post=166303"},{"taxonomy":"product_cat","embeddable":true,"href":"https:\/\/exlibris.ee\/ru\/wp-json\/wp\/v2\/product_cat?post=166303"},{"taxonomy":"product_tag","embeddable":true,"href":"https:\/\/exlibris.ee\/ru\/wp-json\/wp\/v2\/product_tag?post=166303"},{"taxonomy":"series","embeddable":true,"href":"https:\/\/exlibris.ee\/ru\/wp-json\/wp\/v2\/series?post=166303"},{"taxonomy":"publisher","embeddable":true,"href":"https:\/\/exlibris.ee\/ru\/wp-json\/wp\/v2\/publisher?post=166303"}],"curies":[{"name":"wp","href":"https:\/\/api.w.org\/{rel}","templated":true}]}}