{"id":166305,"date":"2026-02-13T21:21:19","date_gmt":"2026-02-13T19:21:19","guid":{"rendered":"https:\/\/exlibris.ee\/toode\/bentes-erster-fall-lesehasen-bucherei-materialien-und-kopiervorlagen-zur-klassenlekture\/"},"modified":"2026-04-11T19:14:41","modified_gmt":"2026-04-11T16:14:41","slug":"bentes-erster-fall-lesehasen-bucherei-materialien-und-kopiervorlagen-zur-klassenlekture","status":"publish","type":"product","link":"https:\/\/exlibris.ee\/ru\/produkt\/bentes-erster-fall-lesehasen-bucherei-materialien-und-kopiervorlagen-zur-klassenlekture\/","title":{"rendered":"Bentes erster Fall \/Lesehasen-B\u00fccherei \/ Materialien und Kopiervorlagen zur Klassenlekt\u00fcre"},"content":{"rendered":"<p>Das Begleitmaterial greift die Themen der Lekt\u00fcre auf und f\u00fchrt diese weiter aus. Dabei geht es beispielsweise um den Beruf Detektiv, um Suchstrategien, um den Anbau von Obst und Gem\u00fcse im Garten sowie die Pflege von Pflanzen und darum, welche Schwierigkeiten \u00e4ltere Menschen haben und wie man ihnen helfen kann. Im Bereich Sprache sind beispielsweise \u00dcbungen zu Pr\u00e4positionen, zu Satzarten und den zugeh\u00f6rigen Satzzeichen enthalten. Abgerundet wird das Material durch verschiedene R\u00e4tsel, einen Such-Song und ein Spiel, das den Inhalt der Lekt\u00fcre wiederholt.<\/p>\n","protected":false},"excerpt":{"rendered":"<p>Das Begleitmaterial greift die Themen der Lekt\u00fcre auf und f\u00fchrt diese weiter aus. Dabei geht es beispielsweise um den Beruf Detektiv, um Suchstrategien, um den Anbau von Obst und Gem\u00fcse im Garten sowie die Pflege von Pflanzen und darum, welche&#8230;<\/p>\n","protected":false},"featured_media":203133,"template":"","meta":{"_acf_changed":false,"inline_featured_image":false},"product_brand":[],"product_cat":[851],"product_tag":[],"series":[],"publisher":[{"id":2104,"name":"Hase und Igel Verlag","slug":"hase-und-igel-verlag"}],"class_list":{"0":"post-166305","1":"product","2":"type-product","3":"status-publish","4":"has-post-thumbnail","6":"product_cat-lesetexte-deutsch","7":"publisher-hase-und-igel-verlag","9":"first","10":"onbackorder","11":"taxable","12":"shipping-taxable","13":"purchasable","14":"product-type-simple"},"acf":[],"_links":{"self":[{"href":"https:\/\/exlibris.ee\/ru\/wp-json\/wp\/v2\/product\/166305","targetHints":{"allow":["GET"]}}],"collection":[{"href":"https:\/\/exlibris.ee\/ru\/wp-json\/wp\/v2\/product"}],"about":[{"href":"https:\/\/exlibris.ee\/ru\/wp-json\/wp\/v2\/types\/product"}],"wp:featuredmedia":[{"embeddable":true,"href":"https:\/\/exlibris.ee\/ru\/wp-json\/wp\/v2\/media\/203133"}],"wp:attachment":[{"href":"https:\/\/exlibris.ee\/ru\/wp-json\/wp\/v2\/media?parent=166305"}],"wp:term":[{"taxonomy":"product_brand","embeddable":true,"href":"https:\/\/exlibris.ee\/ru\/wp-json\/wp\/v2\/product_brand?post=166305"},{"taxonomy":"product_cat","embeddable":true,"href":"https:\/\/exlibris.ee\/ru\/wp-json\/wp\/v2\/product_cat?post=166305"},{"taxonomy":"product_tag","embeddable":true,"href":"https:\/\/exlibris.ee\/ru\/wp-json\/wp\/v2\/product_tag?post=166305"},{"taxonomy":"series","embeddable":true,"href":"https:\/\/exlibris.ee\/ru\/wp-json\/wp\/v2\/series?post=166305"},{"taxonomy":"publisher","embeddable":true,"href":"https:\/\/exlibris.ee\/ru\/wp-json\/wp\/v2\/publisher?post=166305"}],"curies":[{"name":"wp","href":"https:\/\/api.w.org\/{rel}","templated":true}]}}