{"id":166306,"date":"2026-02-13T21:21:19","date_gmt":"2026-02-13T19:21:19","guid":{"rendered":"https:\/\/exlibris.ee\/toode\/als-weihnachten-einmal-fast-nicht-stattfand-mit-silbenhilfe-lekture-fur-kinder\/"},"modified":"2026-04-05T17:23:33","modified_gmt":"2026-04-05T14:23:33","slug":"als-weihnachten-einmal-fast-nicht-stattfand-mit-silbenhilfe-lekture-fur-kinder","status":"publish","type":"product","link":"https:\/\/exlibris.ee\/ru\/produkt\/als-weihnachten-einmal-fast-nicht-stattfand-mit-silbenhilfe-lekture-fur-kinder\/","title":{"rendered":"Als Weihnachten einmal fast nicht stattfand\/mit Silbenhilfe \/ Lekt\u00fcre f\u00fcr Kinder"},"content":{"rendered":"<p>Moritz ist sauer, so richtig sauer: Als er am Samstag vor dem zweiten Advent beim Fr\u00fchst\u00fcck seinen Eltern erkl\u00e4rt, dass er plant, seinen Wunschzettel zu schreiben, sehen die ihn nur ahnungslos an. Und dann erkl\u00e4ren sie ihm auch noch, dass sie nicht wissen, was mit Weihnachten gemeint ist. Doch bald zweifelt Moritz an seinem eigenen Verstand, denn auch sein Freund Arian, dem er sein Leid klagen will, scheint Weihnachten komplett vergessen zu habe. Und dann ist auch noch der Weihnachtsmarkt verschwunden. Moritz macht sich auf die Spurensuche, denn schlie\u00dflich h\u00e4ngt an Weihnachten auch die sch\u00f6ne Tradition der Geschenke. Und auf die will er sicher nicht verzichten. Dabei trifft er auf einen Jungen. Dieser scheint der Einzige zu sein, der wei\u00df, was los ist und wie man Weihnachten zur\u00fcckholen kann. Doch das ist mit einer schwierigen Aufgabe f\u00fcr Moritz verbunden: Er soll herausfinden, was der wirkliche Kern des Weihnachtsfestes ist, und soll jemand anderen davon \u00fcberzeugen, dass das Fest deshalb gebraucht wird. Die Silbenhilfe-Leselernmethode erleichtert das Lesen des Textes: Indem einzelne Silben farbig hervorgehoben werden, k\u00f6nnen auch schw\u00e4chere Leser dieser Altersstufe l\u00e4ngere W\u00f6rter auf Anhieb korrekt lesen.<\/p>\n","protected":false},"excerpt":{"rendered":"<p>Moritz ist sauer, so richtig sauer: Als er am Samstag vor dem zweiten Advent beim Fr\u00fchst\u00fcck seinen Eltern erkl\u00e4rt, dass er plant, seinen Wunschzettel zu schreiben, sehen die ihn nur ahnungslos an. Und dann erkl\u00e4ren sie ihm auch noch, dass&#8230;<\/p>\n","protected":false},"featured_media":168927,"template":"","meta":{"_acf_changed":false,"inline_featured_image":false},"product_brand":[],"product_cat":[851],"product_tag":[],"series":[],"publisher":[{"id":2104,"name":"Hase und Igel Verlag","slug":"hase-und-igel-verlag"}],"class_list":{"0":"post-166306","1":"product","2":"type-product","3":"status-publish","4":"has-post-thumbnail","6":"product_cat-lesetexte-deutsch","7":"publisher-hase-und-igel-verlag","9":"first","10":"onbackorder","11":"taxable","12":"shipping-taxable","13":"purchasable","14":"product-type-simple"},"acf":[],"_links":{"self":[{"href":"https:\/\/exlibris.ee\/ru\/wp-json\/wp\/v2\/product\/166306","targetHints":{"allow":["GET"]}}],"collection":[{"href":"https:\/\/exlibris.ee\/ru\/wp-json\/wp\/v2\/product"}],"about":[{"href":"https:\/\/exlibris.ee\/ru\/wp-json\/wp\/v2\/types\/product"}],"wp:featuredmedia":[{"embeddable":true,"href":"https:\/\/exlibris.ee\/ru\/wp-json\/wp\/v2\/media\/168927"}],"wp:attachment":[{"href":"https:\/\/exlibris.ee\/ru\/wp-json\/wp\/v2\/media?parent=166306"}],"wp:term":[{"taxonomy":"product_brand","embeddable":true,"href":"https:\/\/exlibris.ee\/ru\/wp-json\/wp\/v2\/product_brand?post=166306"},{"taxonomy":"product_cat","embeddable":true,"href":"https:\/\/exlibris.ee\/ru\/wp-json\/wp\/v2\/product_cat?post=166306"},{"taxonomy":"product_tag","embeddable":true,"href":"https:\/\/exlibris.ee\/ru\/wp-json\/wp\/v2\/product_tag?post=166306"},{"taxonomy":"series","embeddable":true,"href":"https:\/\/exlibris.ee\/ru\/wp-json\/wp\/v2\/series?post=166306"},{"taxonomy":"publisher","embeddable":true,"href":"https:\/\/exlibris.ee\/ru\/wp-json\/wp\/v2\/publisher?post=166306"}],"curies":[{"name":"wp","href":"https:\/\/api.w.org\/{rel}","templated":true}]}}