{"id":166316,"date":"2026-02-13T21:21:20","date_gmt":"2026-02-13T19:21:20","guid":{"rendered":"https:\/\/exlibris.ee\/toode\/klassenfahrt-ins-niemandstal-level-3\/"},"modified":"2026-04-04T05:14:35","modified_gmt":"2026-04-04T02:14:35","slug":"klassenfahrt-ins-niemandstal-level-3","status":"publish","type":"product","link":"https:\/\/exlibris.ee\/ru\/produkt\/klassenfahrt-ins-niemandstal-level-3\/","title":{"rendered":"Klassenfahrt ins Niemandstal \/ Level 3"},"content":{"rendered":"<p>Zielgruppe: Kinder ab 8 Jahren (3.\/4. Klasse). Die zunehmende Handynutzung auch schon von Grundschulkindern stellt die Schule vor die Herausforderung, einen gesunden Umgang mit digitalen Ger\u00e4ten zu vermitteln. Dabei unterst\u00fctzt Sie die Lekt\u00fcre ohne erhobenen Zeigefinger. Die ereignisreiche Geschichte zeigt die Vor- und Nachteile von Smartphones ebenso auf wie die Freuden des Offline-Seins. Als die Klasse 4c im Schullandheim ankommt, sind Greta und ihre Freunde begeistert: Spiele, Sport und ein See f\u00fcr sie allein. Leonard aber verzweifelt \u2013 es gibt keinen Handyempfang im Niemandstal! Dann passiert im Wald ein Unfall und der untersch\u00e4tzte Junge wird zum Retter.Die Lekt\u00fcre ist in drei parallel lesbaren Textfassungen erh\u00e4ltlich: Level 3 enth\u00e4lt den ungek\u00fcrzten Text in Serifenschrift. Level 2 bietet eine gek\u00fcrzte, leicht zu lesende Fassung der Geschichte in Fibelschrift und das Level 1 wird zus\u00e4tzlich mit Silbenhilfe angeboten.<\/p>\n","protected":false},"excerpt":{"rendered":"<p>Zielgruppe: Kinder ab 8 Jahren (3.\/4. Klasse). Die zunehmende Handynutzung auch schon von Grundschulkindern stellt die Schule vor die Herausforderung, einen gesunden Umgang mit digitalen Ger\u00e4ten zu vermitteln. Dabei unterst\u00fctzt Sie die Lekt\u00fcre ohne erhobenen Zeigefinger. Die ereignisreiche Geschichte zeigt&#8230;<\/p>\n","protected":false},"featured_media":168937,"template":"","meta":{"_acf_changed":false,"inline_featured_image":false},"product_brand":[],"product_cat":[851],"product_tag":[],"series":[],"publisher":[{"id":2104,"name":"Hase und Igel Verlag","slug":"hase-und-igel-verlag"}],"class_list":{"0":"post-166316","1":"product","2":"type-product","3":"status-publish","4":"has-post-thumbnail","6":"product_cat-lesetexte-deutsch","7":"publisher-hase-und-igel-verlag","9":"first","10":"onbackorder","11":"taxable","12":"shipping-taxable","13":"purchasable","14":"product-type-simple"},"acf":[],"_links":{"self":[{"href":"https:\/\/exlibris.ee\/ru\/wp-json\/wp\/v2\/product\/166316","targetHints":{"allow":["GET"]}}],"collection":[{"href":"https:\/\/exlibris.ee\/ru\/wp-json\/wp\/v2\/product"}],"about":[{"href":"https:\/\/exlibris.ee\/ru\/wp-json\/wp\/v2\/types\/product"}],"wp:featuredmedia":[{"embeddable":true,"href":"https:\/\/exlibris.ee\/ru\/wp-json\/wp\/v2\/media\/168937"}],"wp:attachment":[{"href":"https:\/\/exlibris.ee\/ru\/wp-json\/wp\/v2\/media?parent=166316"}],"wp:term":[{"taxonomy":"product_brand","embeddable":true,"href":"https:\/\/exlibris.ee\/ru\/wp-json\/wp\/v2\/product_brand?post=166316"},{"taxonomy":"product_cat","embeddable":true,"href":"https:\/\/exlibris.ee\/ru\/wp-json\/wp\/v2\/product_cat?post=166316"},{"taxonomy":"product_tag","embeddable":true,"href":"https:\/\/exlibris.ee\/ru\/wp-json\/wp\/v2\/product_tag?post=166316"},{"taxonomy":"series","embeddable":true,"href":"https:\/\/exlibris.ee\/ru\/wp-json\/wp\/v2\/series?post=166316"},{"taxonomy":"publisher","embeddable":true,"href":"https:\/\/exlibris.ee\/ru\/wp-json\/wp\/v2\/publisher?post=166316"}],"curies":[{"name":"wp","href":"https:\/\/api.w.org\/{rel}","templated":true}]}}