{"id":166321,"date":"2026-02-13T21:21:21","date_gmt":"2026-02-13T19:21:21","guid":{"rendered":"https:\/\/exlibris.ee\/toode\/paul-lisa-co-plus-a1-2-kursbuch-interaktive-version\/"},"modified":"2026-04-07T23:12:40","modified_gmt":"2026-04-07T20:12:40","slug":"paul-lisa-co-plus-a1-2-kursbuch-interaktive-version","status":"publish","type":"product","link":"https:\/\/exlibris.ee\/ru\/produkt\/paul-lisa-co-plus-a1-2-kursbuch-interaktive-version\/","title":{"rendered":"Paul, Lisa &amp; Co PLUS A1.2 Kursbuch &#8212; interaktive Version"},"content":{"rendered":"<p>Paul, Lisa &amp; Co PLUS A1.2, Kursbuch &#8212; interaktiven Version (nur digitales Produkt).- digitales Kursbuch f\u00fcr Whiteboard, PC\/Mac und Tablet.- interaktiv umgesetzte \u00dcbungen aus dem Kursbuch. &#8212; integrierte Audio- und Videodateien.- Grammatik-Clips. &#8212; Kahoot-Quizfragen.- umfangreiches Zusatzmaterial: Lerntagebuch, Tests, Kopiervorlagen, Wortschatzkarten, L\u00f6sungen und Transkriptionen.- integrierte Whiteboard-Werkzeuge zum Markieren, Kommentieren und Pr\u00e4sentieren. &#8212; intuitiv und ohne Einf\u00fchrung sofort einsetzbar. &#8212; Nutzung auf allen Ger\u00e4ten und in allen g\u00e4ngigen Browsern. &#8212; offline verf\u00fcgbar \u00fcber Hueber interaktiv. Paul, Lisa &amp; Co PLUS f\u00fchrt mit einer kindgerechten Grammatikvermittlung spielerisch zu Niveau A1.<\/p>\n","protected":false},"excerpt":{"rendered":"<p>Paul, Lisa &amp; Co PLUS A1.2, Kursbuch &#8212; interaktiven Version (nur digitales Produkt).- digitales Kursbuch f\u00fcr Whiteboard, PC\/Mac und Tablet.- interaktiv umgesetzte \u00dcbungen aus dem Kursbuch. &#8212; integrierte Audio- und Videodateien.- Grammatik-Clips. &#8212; Kahoot-Quizfragen.- umfangreiches Zusatzmaterial: Lerntagebuch, Tests, Kopiervorlagen, Wortschatzkarten,&#8230;<\/p>\n","protected":false},"featured_media":168942,"template":"","meta":{"_acf_changed":false,"inline_featured_image":false},"product_brand":[],"product_cat":[471],"product_tag":[],"series":[{"id":3289,"name":"Paul, Lisa &amp; Co PLUS","slug":"paul-lisa-co-plus"}],"publisher":[{"id":497,"name":"Hueber Verlag","slug":"hueber-verlag"}],"class_list":{"0":"post-166321","1":"product","2":"type-product","3":"status-publish","4":"has-post-thumbnail","6":"product_cat-lehrwerke-fur-kinder","7":"series-paul-lisa-co-plus","8":"publisher-hueber-verlag","10":"first","11":"onbackorder","12":"taxable","13":"shipping-taxable","14":"purchasable","15":"product-type-simple"},"acf":[],"_links":{"self":[{"href":"https:\/\/exlibris.ee\/ru\/wp-json\/wp\/v2\/product\/166321","targetHints":{"allow":["GET"]}}],"collection":[{"href":"https:\/\/exlibris.ee\/ru\/wp-json\/wp\/v2\/product"}],"about":[{"href":"https:\/\/exlibris.ee\/ru\/wp-json\/wp\/v2\/types\/product"}],"wp:featuredmedia":[{"embeddable":true,"href":"https:\/\/exlibris.ee\/ru\/wp-json\/wp\/v2\/media\/168942"}],"wp:attachment":[{"href":"https:\/\/exlibris.ee\/ru\/wp-json\/wp\/v2\/media?parent=166321"}],"wp:term":[{"taxonomy":"product_brand","embeddable":true,"href":"https:\/\/exlibris.ee\/ru\/wp-json\/wp\/v2\/product_brand?post=166321"},{"taxonomy":"product_cat","embeddable":true,"href":"https:\/\/exlibris.ee\/ru\/wp-json\/wp\/v2\/product_cat?post=166321"},{"taxonomy":"product_tag","embeddable":true,"href":"https:\/\/exlibris.ee\/ru\/wp-json\/wp\/v2\/product_tag?post=166321"},{"taxonomy":"series","embeddable":true,"href":"https:\/\/exlibris.ee\/ru\/wp-json\/wp\/v2\/series?post=166321"},{"taxonomy":"publisher","embeddable":true,"href":"https:\/\/exlibris.ee\/ru\/wp-json\/wp\/v2\/publisher?post=166321"}],"curies":[{"name":"wp","href":"https:\/\/api.w.org\/{rel}","templated":true}]}}