{"id":166324,"date":"2026-02-13T21:21:22","date_gmt":"2026-02-13T19:21:22","guid":{"rendered":"https:\/\/exlibris.ee\/toode\/paul-lisa-co-plus-a1-2-arbeitsbuch-interaktive-version\/"},"modified":"2026-04-07T23:12:41","modified_gmt":"2026-04-07T20:12:41","slug":"paul-lisa-co-plus-a1-2-arbeitsbuch-interaktive-version","status":"publish","type":"product","link":"https:\/\/exlibris.ee\/ru\/produkt\/paul-lisa-co-plus-a1-2-arbeitsbuch-interaktive-version\/","title":{"rendered":"Paul, Lisa &amp; Co PLUS A1.2  Arbeitsbuch &#8212; interaktive Version"},"content":{"rendered":"<p>Paul, Lisa &amp; Co PLUS A1.2, Arbeitsbuch inklusive Code zur interaktiven Version.Die neue PLUS-Ausgabe unseres beliebten DaF-Lehrwerks f\u00fcr Kinder bietet jetzt den Code zur interaktiven Version inklusive!Im Arbeitsbuch k\u00f6nnen die Kinder die Lernziele mit einer gro\u00dfen Vielfalt an \u00dcbungen wiederholen und vertiefen. \u00dcbungen zum Malen, R\u00e4tseln, Schneiden und Kleben bringen zus\u00e4tzlichen Spa\u00df.Neu: Am Ende jeder Lektion im Arbeitsbuch \u00fcberpr\u00fcfen Tests den Lernstand bei den Lernzielen f\u00fcr die Bereiche Wortschatz, Grammatik und Kommunikation. In der interaktiven Version gibt es zus\u00e4tzlich zu den Lektionstests binnendifferenzierende interaktive \u00dcbungen zum Weiter\u00fcben. Paul, Lisa &amp; Co PLUS f\u00fchrt mit einer kindgerechten Grammatikvermittlung spielerisch zu Niveau A1.<\/p>\n","protected":false},"excerpt":{"rendered":"<p>Paul, Lisa &amp; Co PLUS A1.2, Arbeitsbuch inklusive Code zur interaktiven Version.Die neue PLUS-Ausgabe unseres beliebten DaF-Lehrwerks f\u00fcr Kinder bietet jetzt den Code zur interaktiven Version inklusive!Im Arbeitsbuch k\u00f6nnen die Kinder die Lernziele mit einer gro\u00dfen Vielfalt an \u00dcbungen wiederholen&#8230;<\/p>\n","protected":false},"featured_media":168945,"template":"","meta":{"_acf_changed":false,"inline_featured_image":false},"product_brand":[],"product_cat":[471],"product_tag":[],"series":[{"id":3289,"name":"Paul, Lisa &amp; Co PLUS","slug":"paul-lisa-co-plus"}],"publisher":[{"id":497,"name":"Hueber Verlag","slug":"hueber-verlag"}],"class_list":{"0":"post-166324","1":"product","2":"type-product","3":"status-publish","4":"has-post-thumbnail","6":"product_cat-lehrwerke-fur-kinder","7":"series-paul-lisa-co-plus","8":"publisher-hueber-verlag","10":"first","11":"onbackorder","12":"taxable","13":"shipping-taxable","14":"purchasable","15":"product-type-simple"},"acf":[],"_links":{"self":[{"href":"https:\/\/exlibris.ee\/ru\/wp-json\/wp\/v2\/product\/166324","targetHints":{"allow":["GET"]}}],"collection":[{"href":"https:\/\/exlibris.ee\/ru\/wp-json\/wp\/v2\/product"}],"about":[{"href":"https:\/\/exlibris.ee\/ru\/wp-json\/wp\/v2\/types\/product"}],"wp:featuredmedia":[{"embeddable":true,"href":"https:\/\/exlibris.ee\/ru\/wp-json\/wp\/v2\/media\/168945"}],"wp:attachment":[{"href":"https:\/\/exlibris.ee\/ru\/wp-json\/wp\/v2\/media?parent=166324"}],"wp:term":[{"taxonomy":"product_brand","embeddable":true,"href":"https:\/\/exlibris.ee\/ru\/wp-json\/wp\/v2\/product_brand?post=166324"},{"taxonomy":"product_cat","embeddable":true,"href":"https:\/\/exlibris.ee\/ru\/wp-json\/wp\/v2\/product_cat?post=166324"},{"taxonomy":"product_tag","embeddable":true,"href":"https:\/\/exlibris.ee\/ru\/wp-json\/wp\/v2\/product_tag?post=166324"},{"taxonomy":"series","embeddable":true,"href":"https:\/\/exlibris.ee\/ru\/wp-json\/wp\/v2\/series?post=166324"},{"taxonomy":"publisher","embeddable":true,"href":"https:\/\/exlibris.ee\/ru\/wp-json\/wp\/v2\/publisher?post=166324"}],"curies":[{"name":"wp","href":"https:\/\/api.w.org\/{rel}","templated":true}]}}