{"id":166325,"date":"2026-02-13T21:21:22","date_gmt":"2026-02-13T19:21:22","guid":{"rendered":"https:\/\/exlibris.ee\/toode\/jagd-auf-die-bilderdiebe-lekture-mit-audios-online\/"},"modified":"2026-05-03T11:33:29","modified_gmt":"2026-05-03T08:33:29","slug":"jagd-auf-die-bilderdiebe-lekture-mit-audios-online","status":"publish","type":"product","link":"https:\/\/exlibris.ee\/ru\/produkt\/jagd-auf-die-bilderdiebe-lekture-mit-audios-online\/","title":{"rendered":"Jagd auf die Bilderdiebe\/Lekt\u00fcre mit Audios online"},"content":{"rendered":"<p>Jagd auf die Bilderdiebe ist eine spannende Deutschlekt\u00fcre f\u00fcr Jugendliche zwischen 12 und 16 Jahren, die bereits \u00fcber Deutschkenntnisse auf Niveau A2 verf\u00fcgen.Bei einem Schulausflug ins Kunstmuseum belauscht die 15-j\u00e4hrige Alina zuf\u00e4llig ein Gespr\u00e4ch, das sie Verdacht sch\u00f6pfen l\u00e4sst: Hinter den Kulissen des Museums gehen merkw\u00fcrdige Dinge vor sich. Originalzeichnungen von einem sehr bekannten, bereits verstorbenen Manga-K\u00fcnstler werden illegal verkauft und in der Ausstellung durch F\u00e4lschungen ersetzt, um dem Museum Geld einzubringen. Alina erz\u00e4hlt das ihren Freunden und gemeinsam beschlie\u00dfen sie, der Sache nachzugehen.<\/p>\n","protected":false},"excerpt":{"rendered":"<p>Jagd auf die Bilderdiebe ist eine spannende Deutschlekt\u00fcre f\u00fcr Jugendliche zwischen 12 und 16 Jahren, die bereits \u00fcber Deutschkenntnisse auf Niveau A2 verf\u00fcgen.Bei einem Schulausflug ins Kunstmuseum belauscht die 15-j\u00e4hrige Alina zuf\u00e4llig ein Gespr\u00e4ch, das sie Verdacht sch\u00f6pfen l\u00e4sst: Hinter&#8230;<\/p>\n","protected":false},"featured_media":626412,"template":"","meta":{"_acf_changed":false,"inline_featured_image":false},"product_brand":[],"product_cat":[851],"product_tag":[],"series":[],"publisher":[{"id":497,"name":"Hueber Verlag","slug":"hueber-verlag"}],"class_list":{"0":"post-166325","1":"product","2":"type-product","3":"status-publish","4":"has-post-thumbnail","6":"product_cat-lesetexte-deutsch","7":"publisher-hueber-verlag","9":"first","10":"onbackorder","11":"taxable","12":"shipping-taxable","13":"purchasable","14":"product-type-simple"},"acf":[],"_links":{"self":[{"href":"https:\/\/exlibris.ee\/ru\/wp-json\/wp\/v2\/product\/166325","targetHints":{"allow":["GET"]}}],"collection":[{"href":"https:\/\/exlibris.ee\/ru\/wp-json\/wp\/v2\/product"}],"about":[{"href":"https:\/\/exlibris.ee\/ru\/wp-json\/wp\/v2\/types\/product"}],"wp:featuredmedia":[{"embeddable":true,"href":"https:\/\/exlibris.ee\/ru\/wp-json\/wp\/v2\/media\/626412"}],"wp:attachment":[{"href":"https:\/\/exlibris.ee\/ru\/wp-json\/wp\/v2\/media?parent=166325"}],"wp:term":[{"taxonomy":"product_brand","embeddable":true,"href":"https:\/\/exlibris.ee\/ru\/wp-json\/wp\/v2\/product_brand?post=166325"},{"taxonomy":"product_cat","embeddable":true,"href":"https:\/\/exlibris.ee\/ru\/wp-json\/wp\/v2\/product_cat?post=166325"},{"taxonomy":"product_tag","embeddable":true,"href":"https:\/\/exlibris.ee\/ru\/wp-json\/wp\/v2\/product_tag?post=166325"},{"taxonomy":"series","embeddable":true,"href":"https:\/\/exlibris.ee\/ru\/wp-json\/wp\/v2\/series?post=166325"},{"taxonomy":"publisher","embeddable":true,"href":"https:\/\/exlibris.ee\/ru\/wp-json\/wp\/v2\/publisher?post=166325"}],"curies":[{"name":"wp","href":"https:\/\/api.w.org\/{rel}","templated":true}]}}