{"id":166346,"date":"2026-02-13T21:23:13","date_gmt":"2026-02-13T19:23:13","guid":{"rendered":"https:\/\/exlibris.ee\/toode\/flucht-aus-der-gruselhutte-escape-lekture-fur-kinder\/"},"modified":"2026-04-12T13:23:51","modified_gmt":"2026-04-12T10:23:51","slug":"flucht-aus-der-gruselhutte-escape-lekture-fur-kinder","status":"publish","type":"product","link":"https:\/\/exlibris.ee\/ru\/produkt\/flucht-aus-der-gruselhutte-escape-lekture-fur-kinder\/","title":{"rendered":"Flucht aus der Gruselh\u00fctte\/Escape \/ Lekt\u00fcre f\u00fcr Kinder"},"content":{"rendered":"<p>Zielgruppe: Kinder ab 8 Jahren (3.\/4. Klasse).Lotta, Max, Kilian und Stella sind auf dem Weg zum Badesee, als ein heftiges Unwetter sie \u00fcberrascht. Zum Gl\u00fcck entdecken sie im Wald eine H\u00fctte. Doch kaum haben sie das kleine Geb\u00e4ude betreten, f\u00e4llt die T\u00fcr hinter ihnen zu \u2026 und sie sind in der Dunkelheit gefangen! Jetzt hei\u00dft es Ruhe bewahren, denn auf sie warten knifflige Aufgaben. Nur, wenn sie alle R\u00e4tsel l\u00f6sen, k\u00f6nnen die Kinder ihrem unheimlichen Gef\u00e4ngnis entkommen und schlie\u00dflich auch herausfinden, wer hinter der Gruselh\u00fctte steckt.Bei dieser Lekt\u00fcre ist ganzer Einsatz gefragt! Das Buch verbindet die Faszination der Escape-Room-Spiele mit einer spannenden, in sich geschlossenen Geschichte. Am Ende jedes Kapitels wartet ein R\u00e4tsel auf die Leser. Dieses m\u00fcssen sie entschl\u00fcsseln, um zu erfahren, auf welcher Seite die Handlung weitergeht. Dabei ist logisches Denken und Kombinieren genauso wichtig wie das aufmerksame Begutachten des gesamten Buches, denn auch der Klappenumschlag bietet versteckte Hinweise zu einzelnen R\u00e4tseln. Der Buchumschlag enth\u00e4lt au\u00dferdem alle L\u00f6sungen zum Freirubbeln.<\/p>\n","protected":false},"excerpt":{"rendered":"<p>Zielgruppe: Kinder ab 8 Jahren (3.\/4. Klasse).Lotta, Max, Kilian und Stella sind auf dem Weg zum Badesee, als ein heftiges Unwetter sie \u00fcberrascht. Zum Gl\u00fcck entdecken sie im Wald eine H\u00fctte. Doch kaum haben sie das kleine Geb\u00e4ude betreten, f\u00e4llt&#8230;<\/p>\n","protected":false},"featured_media":219946,"template":"","meta":{"_acf_changed":false,"inline_featured_image":false},"product_brand":[],"product_cat":[851],"product_tag":[],"series":[],"publisher":[{"id":2104,"name":"Hase und Igel Verlag","slug":"hase-und-igel-verlag"}],"class_list":{"0":"post-166346","1":"product","2":"type-product","3":"status-publish","4":"has-post-thumbnail","6":"product_cat-lesetexte-deutsch","7":"publisher-hase-und-igel-verlag","9":"first","10":"onbackorder","11":"taxable","12":"shipping-taxable","13":"purchasable","14":"product-type-simple"},"acf":[],"_links":{"self":[{"href":"https:\/\/exlibris.ee\/ru\/wp-json\/wp\/v2\/product\/166346","targetHints":{"allow":["GET"]}}],"collection":[{"href":"https:\/\/exlibris.ee\/ru\/wp-json\/wp\/v2\/product"}],"about":[{"href":"https:\/\/exlibris.ee\/ru\/wp-json\/wp\/v2\/types\/product"}],"wp:featuredmedia":[{"embeddable":true,"href":"https:\/\/exlibris.ee\/ru\/wp-json\/wp\/v2\/media\/219946"}],"wp:attachment":[{"href":"https:\/\/exlibris.ee\/ru\/wp-json\/wp\/v2\/media?parent=166346"}],"wp:term":[{"taxonomy":"product_brand","embeddable":true,"href":"https:\/\/exlibris.ee\/ru\/wp-json\/wp\/v2\/product_brand?post=166346"},{"taxonomy":"product_cat","embeddable":true,"href":"https:\/\/exlibris.ee\/ru\/wp-json\/wp\/v2\/product_cat?post=166346"},{"taxonomy":"product_tag","embeddable":true,"href":"https:\/\/exlibris.ee\/ru\/wp-json\/wp\/v2\/product_tag?post=166346"},{"taxonomy":"series","embeddable":true,"href":"https:\/\/exlibris.ee\/ru\/wp-json\/wp\/v2\/series?post=166346"},{"taxonomy":"publisher","embeddable":true,"href":"https:\/\/exlibris.ee\/ru\/wp-json\/wp\/v2\/publisher?post=166346"}],"curies":[{"name":"wp","href":"https:\/\/api.w.org\/{rel}","templated":true}]}}