{"id":166350,"date":"2026-02-13T21:23:13","date_gmt":"2026-02-13T19:23:13","guid":{"rendered":"https:\/\/exlibris.ee\/toode\/gefangen-im-labor-des-schreckens-escape-lekture-fur-kinder-und-jugendliche\/"},"modified":"2026-04-05T17:24:54","modified_gmt":"2026-04-05T14:24:54","slug":"gefangen-im-labor-des-schreckens-escape-lekture-fur-kinder-und-jugendliche","status":"publish","type":"product","link":"https:\/\/exlibris.ee\/ru\/produkt\/gefangen-im-labor-des-schreckens-escape-lekture-fur-kinder-und-jugendliche\/","title":{"rendered":"Gefangen im Labor des Schreckens\/Escape \/ Lekt\u00fcre f\u00fcr Kinder und Jugendliche"},"content":{"rendered":"<p>Zielgruppe: Kinder und Jugendliche ab 9 Jahren (5. bis 7. Klasse). Gabriele, Victoria, Malik und Julius haben nicht viel gemeinsam, aber sie verfolgen das gleiche Ziel: ein Praktikum in einem Forschungszentrum. Als sie beim Vorstellungstermin auf den Besitzer des Labors warten, kommt es zu Spannungen. Dann stellen die Jugendlichen auch noch fest, dass sie eingesperrt sind \u2013 ohne Kontakt zur Au\u00dfenwelt! Nur wenn sie z\u00fcgig f\u00fcnfzehn knifflige Aufgaben l\u00f6sen, k\u00f6nnen sich die vier befreien. Um diese Herausforderung zu bew\u00e4ltigen, ist Teamarbeit gefragt \u2013 und die Hilfe Ihrer Sch\u00fcler!Das Geheimrezept, um Jugendliche zum Lesen zu bewegen? Eine spannende Geschichte, die neben R\u00e4tselspa\u00df auch Nervenkitzel verspricht! All dies bietet unser neuer Escape-Roman f\u00fcr Klasse 5 bis 7. Beim L\u00f6sen der Aufgaben am Kapitelende sind nicht nur logisches Denken, ein scharfer Blick und motorische F\u00e4higkeiten gefragt, sondern auch Kenntnisse in Deutsch und den Naturwissenschaften. Der Buchumschlag enth\u00e4lt alle L\u00f6sungen zum Freirubbeln.<\/p>\n","protected":false},"excerpt":{"rendered":"<p>Zielgruppe: Kinder und Jugendliche ab 9 Jahren (5. bis 7. Klasse). Gabriele, Victoria, Malik und Julius haben nicht viel gemeinsam, aber sie verfolgen das gleiche Ziel: ein Praktikum in einem Forschungszentrum. Als sie beim Vorstellungstermin auf den Besitzer des Labors&#8230;<\/p>\n","protected":false},"featured_media":168953,"template":"","meta":{"_acf_changed":false,"inline_featured_image":false},"product_brand":[],"product_cat":[851],"product_tag":[],"series":[],"publisher":[{"id":2104,"name":"Hase und Igel Verlag","slug":"hase-und-igel-verlag"}],"class_list":{"0":"post-166350","1":"product","2":"type-product","3":"status-publish","4":"has-post-thumbnail","6":"product_cat-lesetexte-deutsch","7":"publisher-hase-und-igel-verlag","9":"first","10":"onbackorder","11":"taxable","12":"shipping-taxable","13":"purchasable","14":"product-type-simple"},"acf":[],"_links":{"self":[{"href":"https:\/\/exlibris.ee\/ru\/wp-json\/wp\/v2\/product\/166350","targetHints":{"allow":["GET"]}}],"collection":[{"href":"https:\/\/exlibris.ee\/ru\/wp-json\/wp\/v2\/product"}],"about":[{"href":"https:\/\/exlibris.ee\/ru\/wp-json\/wp\/v2\/types\/product"}],"wp:featuredmedia":[{"embeddable":true,"href":"https:\/\/exlibris.ee\/ru\/wp-json\/wp\/v2\/media\/168953"}],"wp:attachment":[{"href":"https:\/\/exlibris.ee\/ru\/wp-json\/wp\/v2\/media?parent=166350"}],"wp:term":[{"taxonomy":"product_brand","embeddable":true,"href":"https:\/\/exlibris.ee\/ru\/wp-json\/wp\/v2\/product_brand?post=166350"},{"taxonomy":"product_cat","embeddable":true,"href":"https:\/\/exlibris.ee\/ru\/wp-json\/wp\/v2\/product_cat?post=166350"},{"taxonomy":"product_tag","embeddable":true,"href":"https:\/\/exlibris.ee\/ru\/wp-json\/wp\/v2\/product_tag?post=166350"},{"taxonomy":"series","embeddable":true,"href":"https:\/\/exlibris.ee\/ru\/wp-json\/wp\/v2\/series?post=166350"},{"taxonomy":"publisher","embeddable":true,"href":"https:\/\/exlibris.ee\/ru\/wp-json\/wp\/v2\/publisher?post=166350"}],"curies":[{"name":"wp","href":"https:\/\/api.w.org\/{rel}","templated":true}]}}