{"id":166356,"date":"2026-02-13T21:23:14","date_gmt":"2026-02-13T19:23:14","guid":{"rendered":"https:\/\/exlibris.ee\/toode\/kristinas-mutprobe-materialien-und-kopiervorlagen-zur-klassenlekture-light-x-light\/"},"modified":"2026-04-04T05:15:31","modified_gmt":"2026-04-04T02:15:31","slug":"kristinas-mutprobe-materialien-und-kopiervorlagen-zur-klassenlekture-light-x-light","status":"publish","type":"product","link":"https:\/\/exlibris.ee\/ru\/produkt\/kristinas-mutprobe-materialien-und-kopiervorlagen-zur-klassenlekture-light-x-light\/","title":{"rendered":"Kristinas Mutprobe\/Materialien und Kopiervorlagen zur Klassenlekt\u00fcre light\/x-light"},"content":{"rendered":"<p>Im Begleitmaterial kn\u00fcpfen abwechslungsreiche sprachliche \u00dcbungen an die Inhalte der Lekt\u00fcre an, z. B. zu den Themen Zeichensetzung, Silbentrennung, Gro\u00df- und Kleinschreibung, zusammengesetzte Adjektive und Begleitsatz der w\u00f6rtlichen Rede. Dar\u00fcber hinaus gibt es zahlreiche ansprechend gestaltete Kopiervorlagen, die die Textkenntnis der Sch\u00fclerinnen und Sch\u00fcler sichern und auch Differenzierungsm\u00f6glichkeiten bieten. Ein Lehrerteil mit inhaltlichen Zusammenfassungen, Gespr\u00e4chs- und Schreibanl\u00e4ssen, kreativen Anregungen und L\u00f6sungen zu den Kopiervorlagen rundet den reichhaltigen Band ab.Das Begleitmaterial ist sowohl f\u00fcr die Ausgabe \u201elight\u201c als auch f\u00fcr die Variante \u201ex-light\u201c verwendbar.<\/p>\n","protected":false},"excerpt":{"rendered":"<p>Im Begleitmaterial kn\u00fcpfen abwechslungsreiche sprachliche \u00dcbungen an die Inhalte der Lekt\u00fcre an, z. B. zu den Themen Zeichensetzung, Silbentrennung, Gro\u00df- und Kleinschreibung, zusammengesetzte Adjektive und Begleitsatz der w\u00f6rtlichen Rede. Dar\u00fcber hinaus gibt es zahlreiche ansprechend gestaltete Kopiervorlagen, die die Textkenntnis&#8230;<\/p>\n","protected":false},"featured_media":168959,"template":"","meta":{"_acf_changed":false,"inline_featured_image":false},"product_brand":[],"product_cat":[851],"product_tag":[],"series":[],"publisher":[{"id":2104,"name":"Hase und Igel Verlag","slug":"hase-und-igel-verlag"}],"class_list":{"0":"post-166356","1":"product","2":"type-product","3":"status-publish","4":"has-post-thumbnail","6":"product_cat-lesetexte-deutsch","7":"publisher-hase-und-igel-verlag","9":"first","10":"onbackorder","11":"taxable","12":"shipping-taxable","13":"purchasable","14":"product-type-simple"},"acf":[],"_links":{"self":[{"href":"https:\/\/exlibris.ee\/ru\/wp-json\/wp\/v2\/product\/166356","targetHints":{"allow":["GET"]}}],"collection":[{"href":"https:\/\/exlibris.ee\/ru\/wp-json\/wp\/v2\/product"}],"about":[{"href":"https:\/\/exlibris.ee\/ru\/wp-json\/wp\/v2\/types\/product"}],"wp:featuredmedia":[{"embeddable":true,"href":"https:\/\/exlibris.ee\/ru\/wp-json\/wp\/v2\/media\/168959"}],"wp:attachment":[{"href":"https:\/\/exlibris.ee\/ru\/wp-json\/wp\/v2\/media?parent=166356"}],"wp:term":[{"taxonomy":"product_brand","embeddable":true,"href":"https:\/\/exlibris.ee\/ru\/wp-json\/wp\/v2\/product_brand?post=166356"},{"taxonomy":"product_cat","embeddable":true,"href":"https:\/\/exlibris.ee\/ru\/wp-json\/wp\/v2\/product_cat?post=166356"},{"taxonomy":"product_tag","embeddable":true,"href":"https:\/\/exlibris.ee\/ru\/wp-json\/wp\/v2\/product_tag?post=166356"},{"taxonomy":"series","embeddable":true,"href":"https:\/\/exlibris.ee\/ru\/wp-json\/wp\/v2\/series?post=166356"},{"taxonomy":"publisher","embeddable":true,"href":"https:\/\/exlibris.ee\/ru\/wp-json\/wp\/v2\/publisher?post=166356"}],"curies":[{"name":"wp","href":"https:\/\/api.w.org\/{rel}","templated":true}]}}