{"id":166364,"date":"2026-02-13T21:23:15","date_gmt":"2026-02-13T19:23:15","guid":{"rendered":"https:\/\/exlibris.ee\/toode\/das-eichhornchen-schauen-und-wissen-lekture-fur-kinder\/"},"modified":"2026-05-01T15:29:11","modified_gmt":"2026-05-01T12:29:11","slug":"das-eichhornchen-schauen-und-wissen-lekture-fur-kinder","status":"publish","type":"product","link":"https:\/\/exlibris.ee\/ru\/produkt\/das-eichhornchen-schauen-und-wissen-lekture-fur-kinder\/","title":{"rendered":"Das Eichh\u00f6rnchen\/ Schauen und Wissen! \/ Lekt\u00fcre f\u00fcr Kinder"},"content":{"rendered":"<p>Zielgruppe: Kinder ab 7 Jahren (2. bis 4. Klasse). Eichh\u00f6rnchen turnen durch die \u00c4ste wie Zirkusartisten und springen von Baum zu Baum, fast so, als ob sie fliegen k\u00f6nnten. Warum st\u00fcrzen die rasanten Kletterer dabei nicht ab? Und wie sorgen sie daf\u00fcr, dass in unseren W\u00e4ldern viele B\u00e4ume wachsen? Das Heft nimmt das Eichh\u00f6rnchen genauer unter die Lupe und gibt spannende Einblicke in Leben und Verhaltensweise des quirligen Kletterk\u00fcnstlers.<\/p>\n","protected":false},"excerpt":{"rendered":"<p>Zielgruppe: Kinder ab 7 Jahren (2. bis 4. Klasse). Eichh\u00f6rnchen turnen durch die \u00c4ste wie Zirkusartisten und springen von Baum zu Baum, fast so, als ob sie fliegen k\u00f6nnten. Warum st\u00fcrzen die rasanten Kletterer dabei nicht ab? Und wie sorgen&#8230;<\/p>\n","protected":false},"featured_media":592437,"template":"","meta":{"_acf_changed":false,"inline_featured_image":false},"product_brand":[],"product_cat":[851],"product_tag":[],"series":[],"publisher":[{"id":2104,"name":"Hase und Igel Verlag","slug":"hase-und-igel-verlag"}],"class_list":{"0":"post-166364","1":"product","2":"type-product","3":"status-publish","4":"has-post-thumbnail","6":"product_cat-lesetexte-deutsch","7":"publisher-hase-und-igel-verlag","9":"first","10":"onbackorder","11":"taxable","12":"shipping-taxable","13":"purchasable","14":"product-type-simple"},"acf":[],"_links":{"self":[{"href":"https:\/\/exlibris.ee\/ru\/wp-json\/wp\/v2\/product\/166364","targetHints":{"allow":["GET"]}}],"collection":[{"href":"https:\/\/exlibris.ee\/ru\/wp-json\/wp\/v2\/product"}],"about":[{"href":"https:\/\/exlibris.ee\/ru\/wp-json\/wp\/v2\/types\/product"}],"wp:featuredmedia":[{"embeddable":true,"href":"https:\/\/exlibris.ee\/ru\/wp-json\/wp\/v2\/media\/592437"}],"wp:attachment":[{"href":"https:\/\/exlibris.ee\/ru\/wp-json\/wp\/v2\/media?parent=166364"}],"wp:term":[{"taxonomy":"product_brand","embeddable":true,"href":"https:\/\/exlibris.ee\/ru\/wp-json\/wp\/v2\/product_brand?post=166364"},{"taxonomy":"product_cat","embeddable":true,"href":"https:\/\/exlibris.ee\/ru\/wp-json\/wp\/v2\/product_cat?post=166364"},{"taxonomy":"product_tag","embeddable":true,"href":"https:\/\/exlibris.ee\/ru\/wp-json\/wp\/v2\/product_tag?post=166364"},{"taxonomy":"series","embeddable":true,"href":"https:\/\/exlibris.ee\/ru\/wp-json\/wp\/v2\/series?post=166364"},{"taxonomy":"publisher","embeddable":true,"href":"https:\/\/exlibris.ee\/ru\/wp-json\/wp\/v2\/publisher?post=166364"}],"curies":[{"name":"wp","href":"https:\/\/api.w.org\/{rel}","templated":true}]}}